{"id":183040,"date":"2020-05-29T10:36:26","date_gmt":"2020-05-29T02:36:26","guid":{"rendered":"https:\/\/www.oslobwhalesharks.com\/product\/valhajskadningstur-med-hamtning-och-lamning-i-oslob\/"},"modified":"2025-03-26T14:03:59","modified_gmt":"2025-03-26T06:03:59","slug":"val-haj-observation-fran-ooslob","status":"publish","type":"product","link":"https:\/\/www.oslobwhalesharks.com\/sv\/val-haj-observation-fran-ooslob\/","title":{"rendered":"Valhajsk\u00e5dningstur med h\u00e4mtning och l\u00e4mning i Oslob"},"content":{"rendered":"","protected":false},"excerpt":{"rendered":"","protected":false},"featured_media":68702,"comment_status":"open","ping_status":"closed","template":"","meta":{"site-sidebar-layout":"no-sidebar","site-content-layout":"boxed-container","ast-site-content-layout":"normal-width-container","site-content-style":"boxed","site-sidebar-style":"boxed","ast-global-header-display":"","ast-banner-title-visibility":"","ast-main-header-display":"","ast-hfb-above-header-display":"","ast-hfb-below-header-display":"","ast-hfb-mobile-header-display":"","site-post-title":"","ast-breadcrumbs-content":"","ast-featured-img":"","footer-sml-layout":"","ast-disable-related-posts":"","theme-transparent-header-meta":"enabled","adv-header-id-meta":"","stick-header-meta":"default","header-above-stick-meta":"","header-main-stick-meta":"","header-below-stick-meta":"","astra-migrate-meta-layouts":"default","ast-page-background-enabled":"default","ast-page-background-meta":{"desktop":{"background-color":"","background-image":"","background-repeat":"repeat","background-position":"center center","background-size":"auto","background-attachment":"scroll","background-type":"","background-media":"","overlay-type":"","overlay-color":"","overlay-opacity":"","overlay-gradient":""},"tablet":{"background-color":"","background-image":"","background-repeat":"repeat","background-position":"center center","background-size":"auto","background-attachment":"scroll","background-type":"","background-media":"","overlay-type":"","overlay-color":"","overlay-opacity":"","overlay-gradient":""},"mobile":{"background-color":"","background-image":"","background-repeat":"repeat","background-position":"center center","background-size":"auto","background-attachment":"scroll","background-type":"","background-media":"","overlay-type":"","overlay-color":"","overlay-opacity":"","overlay-gradient":""}},"ast-content-background-meta":{"desktop":{"background-color":"var(--ast-global-color-5)","background-image":"","background-repeat":"repeat","background-position":"center center","background-size":"auto","background-attachment":"scroll","background-type":"","background-media":"","overlay-type":"","overlay-color":"","overlay-opacity":"","overlay-gradient":""},"tablet":{"background-color":"var(--ast-global-color-5)","background-image":"","background-repeat":"repeat","background-position":"center center","background-size":"auto","background-attachment":"scroll","background-type":"","background-media":"","overlay-type":"","overlay-color":"","overlay-opacity":"","overlay-gradient":""},"mobile":{"background-color":"var(--ast-global-color-5)","background-image":"","background-repeat":"repeat","background-position":"center center","background-size":"auto","background-attachment":"scroll","background-type":"","background-media":"","overlay-type":"","overlay-color":"","overlay-opacity":"","overlay-gradient":""}}},"product_brand":[],"product_cat":[603,397,396,690],"product_tag":[],"class_list":{"0":"post-183040","1":"product","2":"type-product","3":"status-publish","4":"has-post-thumbnail","6":"product_cat-flera-platser-for-upphamtning","7":"product_cat-med-rabatt-sv","8":"product_cat-med-upphamtning","9":"product_cat-oslob-sv","10":"desktop-align-left","11":"tablet-align-left","12":"mobile-align-left","13":"ast-product-gallery-layout-horizontal-slider","14":"ast-product-gallery-with-no-image","15":"ast-product-tabs-layout-horizontal","17":"first","18":"instock","19":"sold-individually","20":"shipping-taxable","21":"purchasable","22":"product-type-booking"},"booking_location":"","booking_location_type":"","booking_duration":1,"booking_duration_unit":"day","booking_buffer":0,"booking_cost":0,"booking_resources":[],"exclude_global_add_ons":false,"addons":[{"name":"Till\u00e4ggstj\u00e4nster","type":"checkbox","position":0,"required":false,"title_format":"label","default":"","description_enable":false,"description":null,"placeholder_enable":false,"placeholder":null,"display":"select","restrictions_type":"any_text","adjust_price":false,"price":"","price_type":"flat_fee","restrictions":false,"min":"0","max":"0","options":[{"label":"GoPro uthyrning","price":"500","price_type":"flat_fee","image":0,"visibility":true},{"label":"Lunch","price":"300","price_type":"quantity_based","image":0,"visibility":true}],"id":1718269810}],"_links":{"self":[{"href":"https:\/\/www.oslobwhalesharks.com\/sv\/wp-json\/wp\/v2\/product\/183040","targetHints":{"allow":["GET"]}}],"collection":[{"href":"https:\/\/www.oslobwhalesharks.com\/sv\/wp-json\/wp\/v2\/product"}],"about":[{"href":"https:\/\/www.oslobwhalesharks.com\/sv\/wp-json\/wp\/v2\/types\/product"}],"replies":[{"embeddable":true,"href":"https:\/\/www.oslobwhalesharks.com\/sv\/wp-json\/wp\/v2\/comments?post=183040"}],"version-history":[{"count":0,"href":"https:\/\/www.oslobwhalesharks.com\/sv\/wp-json\/wp\/v2\/product\/183040\/revisions"}],"wp:featuredmedia":[{"embeddable":true,"href":"https:\/\/www.oslobwhalesharks.com\/sv\/wp-json\/wp\/v2\/media\/68702"}],"wp:attachment":[{"href":"https:\/\/www.oslobwhalesharks.com\/sv\/wp-json\/wp\/v2\/media?parent=183040"}],"wp:term":[{"taxonomy":"product_brand","embeddable":true,"href":"https:\/\/www.oslobwhalesharks.com\/sv\/wp-json\/wp\/v2\/product_brand?post=183040"},{"taxonomy":"product_cat","embeddable":true,"href":"https:\/\/www.oslobwhalesharks.com\/sv\/wp-json\/wp\/v2\/product_cat?post=183040"},{"taxonomy":"product_tag","embeddable":true,"href":"https:\/\/www.oslobwhalesharks.com\/sv\/wp-json\/wp\/v2\/product_tag?post=183040"}],"curies":[{"name":"wp","href":"https:\/\/api.w.org\/{rel}","templated":true}]}}