{"id":180962,"date":"2020-05-29T12:06:37","date_gmt":"2020-05-29T04:06:37","guid":{"rendered":"https:\/\/www.oslobwhalesharks.com\/product\/tour-ngay-ngam-ca-map-voi-leo-nui-phieu-luu-don-va-tra-khach-tai-thanh-pho-cebu\/"},"modified":"2023-05-02T22:02:50","modified_gmt":"2023-05-02T14:02:50","slug":"voi-shark-watching-canyoneering-tour-tu-thanh-pho-cebu","status":"publish","type":"product","link":"https:\/\/www.oslobwhalesharks.com\/sv\/voi-shark-watching-canyoneering-tour-tu-thanh-pho-cebu\/","title":{"rendered":"Tour Ng\u00e0y Ng\u1eafm C\u00e1 M\u1eadp Voi + Leo N\u00fai Phi\u00eau L\u01b0u \u0111\u00f3n v\u00e0 tr\u1ea3 kh\u00e1ch t\u1ea1i th\u00e0nh ph\u1ed1 Cebu"},"content":{"rendered":"","protected":false},"excerpt":{"rendered":"","protected":false},"featured_media":0,"comment_status":"open","ping_status":"closed","template":"","meta":{"site-sidebar-layout":"no-sidebar","site-content-layout":"boxed-container","ast-site-content-layout":"default","site-content-style":"default","site-sidebar-style":"default","ast-global-header-display":"","ast-banner-title-visibility":"","ast-main-header-display":"","ast-hfb-above-header-display":"","ast-hfb-below-header-display":"","ast-hfb-mobile-header-display":"","site-post-title":"","ast-breadcrumbs-content":"","ast-featured-img":"","footer-sml-layout":"","ast-disable-related-posts":"","theme-transparent-header-meta":"enabled","adv-header-id-meta":"","stick-header-meta":"default","header-above-stick-meta":"","header-main-stick-meta":"","header-below-stick-meta":"","astra-migrate-meta-layouts":"default","ast-page-background-enabled":"default","ast-page-background-meta":{"desktop":{"background-color":"","background-image":"","background-repeat":"repeat","background-position":"center center","background-size":"auto","background-attachment":"scroll","background-type":"","background-media":"","overlay-type":"","overlay-color":"","overlay-opacity":"","overlay-gradient":""},"tablet":{"background-color":"","background-image":"","background-repeat":"repeat","background-position":"center center","background-size":"auto","background-attachment":"scroll","background-type":"","background-media":"","overlay-type":"","overlay-color":"","overlay-opacity":"","overlay-gradient":""},"mobile":{"background-color":"","background-image":"","background-repeat":"repeat","background-position":"center center","background-size":"auto","background-attachment":"scroll","background-type":"","background-media":"","overlay-type":"","overlay-color":"","overlay-opacity":"","overlay-gradient":""}},"ast-content-background-meta":{"desktop":{"background-color":"var(--ast-global-color-5)","background-image":"","background-repeat":"repeat","background-position":"center center","background-size":"auto","background-attachment":"scroll","background-type":"","background-media":"","overlay-type":"","overlay-color":"","overlay-opacity":"","overlay-gradient":""},"tablet":{"background-color":"var(--ast-global-color-5)","background-image":"","background-repeat":"repeat","background-position":"center center","background-size":"auto","background-attachment":"scroll","background-type":"","background-media":"","overlay-type":"","overlay-color":"","overlay-opacity":"","overlay-gradient":""},"mobile":{"background-color":"var(--ast-global-color-5)","background-image":"","background-repeat":"repeat","background-position":"center center","background-size":"auto","background-attachment":"scroll","background-type":"","background-media":"","overlay-type":"","overlay-color":"","overlay-opacity":"","overlay-gradient":""}}},"product_brand":[],"product_cat":[336,346,341],"product_tag":[],"class_list":{"0":"post-180962","1":"product","2":"type-product","3":"status-publish","5":"product_cat-tong-quan","6":"product_cat-voi-chiet-khau","7":"product_cat-voi-don","8":"desktop-align-left","9":"tablet-align-left","10":"mobile-align-left","11":"ast-product-gallery-layout-horizontal-slider","12":"ast-product-gallery-with-no-image","13":"ast-product-tabs-layout-horizontal","15":"first","16":"instock","17":"sold-individually","18":"shipping-taxable","19":"purchasable","20":"product-type-booking"},"booking_location":"","booking_location_type":"","booking_duration":1,"booking_duration_unit":"day","booking_buffer":0,"booking_cost":0,"booking_resources":[],"exclude_global_add_ons":[],"addons":[],"_links":{"self":[{"href":"https:\/\/www.oslobwhalesharks.com\/sv\/wp-json\/wp\/v2\/product\/180962","targetHints":{"allow":["GET"]}}],"collection":[{"href":"https:\/\/www.oslobwhalesharks.com\/sv\/wp-json\/wp\/v2\/product"}],"about":[{"href":"https:\/\/www.oslobwhalesharks.com\/sv\/wp-json\/wp\/v2\/types\/product"}],"replies":[{"embeddable":true,"href":"https:\/\/www.oslobwhalesharks.com\/sv\/wp-json\/wp\/v2\/comments?post=180962"}],"version-history":[{"count":0,"href":"https:\/\/www.oslobwhalesharks.com\/sv\/wp-json\/wp\/v2\/product\/180962\/revisions"}],"wp:attachment":[{"href":"https:\/\/www.oslobwhalesharks.com\/sv\/wp-json\/wp\/v2\/media?parent=180962"}],"wp:term":[{"taxonomy":"product_brand","embeddable":true,"href":"https:\/\/www.oslobwhalesharks.com\/sv\/wp-json\/wp\/v2\/product_brand?post=180962"},{"taxonomy":"product_cat","embeddable":true,"href":"https:\/\/www.oslobwhalesharks.com\/sv\/wp-json\/wp\/v2\/product_cat?post=180962"},{"taxonomy":"product_tag","embeddable":true,"href":"https:\/\/www.oslobwhalesharks.com\/sv\/wp-json\/wp\/v2\/product_tag?post=180962"}],"curies":[{"name":"wp","href":"https:\/\/api.w.org\/{rel}","templated":true}]}}