{"id":161480,"date":"2022-08-23T12:01:40","date_gmt":"2022-08-23T04:01:40","guid":{"rendered":"https:\/\/www.oslobwhalesharks.com\/product\/valhajskadning-pescador-island-tour-hamtning-och-lamning-i-badian\/"},"modified":"2025-03-26T11:27:28","modified_gmt":"2025-03-26T03:27:28","slug":"whale-shark-watching-pescador-island-tour-fran-moalboal-badian-argao","status":"publish","type":"product","link":"https:\/\/www.oslobwhalesharks.com\/sv\/whale-shark-watching-pescador-island-tour-fran-moalboal-badian-argao\/","title":{"rendered":"Valhajsk\u00e5dning + Pescador Island Tour &#8211; h\u00e4mtning och l\u00e4mning i Badian"},"content":{"rendered":"","protected":false},"excerpt":{"rendered":"","protected":false},"featured_media":73468,"comment_status":"open","ping_status":"closed","template":"","meta":{"site-sidebar-layout":"no-sidebar","site-content-layout":"boxed-container","ast-site-content-layout":"normal-width-container","site-content-style":"boxed","site-sidebar-style":"boxed","ast-global-header-display":"","ast-banner-title-visibility":"","ast-main-header-display":"","ast-hfb-above-header-display":"","ast-hfb-below-header-display":"","ast-hfb-mobile-header-display":"","site-post-title":"","ast-breadcrumbs-content":"","ast-featured-img":"","footer-sml-layout":"","ast-disable-related-posts":"","theme-transparent-header-meta":"enabled","adv-header-id-meta":"","stick-header-meta":"default","header-above-stick-meta":"","header-main-stick-meta":"","header-below-stick-meta":"","astra-migrate-meta-layouts":"default","ast-page-background-enabled":"default","ast-page-background-meta":{"desktop":{"background-color":"","background-image":"","background-repeat":"repeat","background-position":"center center","background-size":"auto","background-attachment":"scroll","background-type":"","background-media":"","overlay-type":"","overlay-color":"","overlay-opacity":"","overlay-gradient":""},"tablet":{"background-color":"","background-image":"","background-repeat":"repeat","background-position":"center center","background-size":"auto","background-attachment":"scroll","background-type":"","background-media":"","overlay-type":"","overlay-color":"","overlay-opacity":"","overlay-gradient":""},"mobile":{"background-color":"","background-image":"","background-repeat":"repeat","background-position":"center center","background-size":"auto","background-attachment":"scroll","background-type":"","background-media":"","overlay-type":"","overlay-color":"","overlay-opacity":"","overlay-gradient":""}},"ast-content-background-meta":{"desktop":{"background-color":"var(--ast-global-color-5)","background-image":"","background-repeat":"repeat","background-position":"center center","background-size":"auto","background-attachment":"scroll","background-type":"","background-media":"","overlay-type":"","overlay-color":"","overlay-opacity":"","overlay-gradient":""},"tablet":{"background-color":"var(--ast-global-color-5)","background-image":"","background-repeat":"repeat","background-position":"center center","background-size":"auto","background-attachment":"scroll","background-type":"","background-media":"","overlay-type":"","overlay-color":"","overlay-opacity":"","overlay-gradient":""},"mobile":{"background-color":"var(--ast-global-color-5)","background-image":"","background-repeat":"repeat","background-position":"center center","background-size":"auto","background-attachment":"scroll","background-type":"","background-media":"","overlay-type":"","overlay-color":"","overlay-opacity":"","overlay-gradient":""}}},"product_brand":[],"product_cat":[395,397,396],"product_tag":[],"class_list":{"0":"post-161480","1":"product","2":"type-product","3":"status-publish","4":"has-post-thumbnail","6":"product_cat-allmant","7":"product_cat-med-rabatt-sv","8":"product_cat-med-upphamtning","9":"desktop-align-left","10":"tablet-align-left","11":"mobile-align-left","12":"ast-product-gallery-layout-horizontal-slider","13":"ast-product-gallery-with-no-image","14":"ast-product-tabs-layout-horizontal","16":"first","17":"instock","18":"sold-individually","19":"shipping-taxable","20":"purchasable","21":"product-type-booking"},"booking_location":"","booking_location_type":"","booking_duration":1,"booking_duration_unit":"day","booking_buffer":0,"booking_cost":0,"booking_resources":[],"exclude_global_add_ons":[],"addons":[],"_links":{"self":[{"href":"https:\/\/www.oslobwhalesharks.com\/sv\/wp-json\/wp\/v2\/product\/161480","targetHints":{"allow":["GET"]}}],"collection":[{"href":"https:\/\/www.oslobwhalesharks.com\/sv\/wp-json\/wp\/v2\/product"}],"about":[{"href":"https:\/\/www.oslobwhalesharks.com\/sv\/wp-json\/wp\/v2\/types\/product"}],"replies":[{"embeddable":true,"href":"https:\/\/www.oslobwhalesharks.com\/sv\/wp-json\/wp\/v2\/comments?post=161480"}],"version-history":[{"count":0,"href":"https:\/\/www.oslobwhalesharks.com\/sv\/wp-json\/wp\/v2\/product\/161480\/revisions"}],"wp:featuredmedia":[{"embeddable":true,"href":"https:\/\/www.oslobwhalesharks.com\/sv\/wp-json\/wp\/v2\/media\/73468"}],"wp:attachment":[{"href":"https:\/\/www.oslobwhalesharks.com\/sv\/wp-json\/wp\/v2\/media?parent=161480"}],"wp:term":[{"taxonomy":"product_brand","embeddable":true,"href":"https:\/\/www.oslobwhalesharks.com\/sv\/wp-json\/wp\/v2\/product_brand?post=161480"},{"taxonomy":"product_cat","embeddable":true,"href":"https:\/\/www.oslobwhalesharks.com\/sv\/wp-json\/wp\/v2\/product_cat?post=161480"},{"taxonomy":"product_tag","embeddable":true,"href":"https:\/\/www.oslobwhalesharks.com\/sv\/wp-json\/wp\/v2\/product_tag?post=161480"}],"curies":[{"name":"wp","href":"https:\/\/api.w.org\/{rel}","templated":true}]}}