{"id":74059,"date":"2021-11-30T23:17:12","date_gmt":"2021-11-30T15:17:12","guid":{"rendered":"https:\/\/www.oslobwhalesharks.com\/tack\/"},"modified":"2023-02-02T13:33:09","modified_gmt":"2023-02-02T05:33:09","slug":"tack","status":"publish","type":"page","link":"https:\/\/www.oslobwhalesharks.com\/sv\/tack\/","title":{"rendered":"Tack!"},"content":{"rendered":"\t\t<div data-elementor-type=\"wp-page\" data-elementor-id=\"74059\" class=\"elementor elementor-74059 elementor-14943\" data-elementor-post-type=\"page\">\n\t\t\t\t\t\t<section data-particle_enable=\"false\" data-particle-mobile-disabled=\"false\" class=\"elementor-section elementor-top-section elementor-element elementor-element-5ffb5441 elementor-section-height-min-height elementor-section-boxed elementor-section-height-default elementor-section-items-middle\" data-id=\"5ffb5441\" data-element_type=\"section\" data-e-type=\"section\" data-settings=\"{&quot;background_background&quot;:&quot;classic&quot;}\">\n\t\t\t\t\t\t<div class=\"elementor-container elementor-column-gap-default\">\n\t\t\t\t\t<div class=\"elementor-column elementor-col-100 elementor-top-column elementor-element elementor-element-1df97ff6\" data-id=\"1df97ff6\" data-element_type=\"column\" data-e-type=\"column\" data-settings=\"{&quot;background_background&quot;:&quot;classic&quot;}\">\n\t\t\t<div class=\"elementor-widget-wrap elementor-element-populated\">\n\t\t\t\t\t\t<div class=\"elementor-element elementor-element-65c3b71a elementor-widget elementor-widget-heading\" data-id=\"65c3b71a\" data-element_type=\"widget\" data-e-type=\"widget\" data-widget_type=\"heading.default\">\n\t\t\t\t<div class=\"elementor-widget-container\">\n\t\t\t\t\t<h2 class=\"elementor-heading-title elementor-size-default\">Tack!<\/h2>\t\t\t\t<\/div>\n\t\t\t\t<\/div>\n\t\t\t\t<div class=\"elementor-element elementor-element-c45a2c6 elementor-widget elementor-widget-text-editor\" data-id=\"c45a2c6\" data-element_type=\"widget\" data-e-type=\"widget\" data-widget_type=\"text-editor.default\">\n\t\t\t\t<div class=\"elementor-widget-container\">\n\t\t\t\t\t\t\t\t\t<p>Din bokning eller f\u00f6rfr\u00e5gan har skickats in. N\u00e5gon kommer att kontakta dig inom kort. Om du inte har f\u00e5tt n\u00e5gon bekr\u00e4ftelse fr\u00e5n oss inom 24 timmar efter det att du har skickat in din ans\u00f6kan, v\u00e4nligen skicka oss ett e-postmeddelande till info@islandtrektours.com f\u00f6r uppf\u00f6ljning.<\/p>\n<p>Bokningar som tas emot p\u00e5 s\u00f6ndag kommer att besvaras p\u00e5 m\u00e5ndag under kontorstid. Om du bokar p\u00e5 m\u00e5ndag kan du skicka oss ett SMS eller ringa 0926-698-7105 f\u00f6r ett omedelbart svar.<\/p>\n<p>Trevliga resor! &#8230;och tack \u00e4n en g\u00e5ng f\u00f6r ditt intresse f\u00f6r Island Trek Tours.<\/p>\t\t\t\t\t\t\t\t<\/div>\n\t\t\t\t<\/div>\n\t\t\t\t\t<\/div>\n\t\t<\/div>\n\t\t\t\t\t<\/div>\n\t\t<\/section>\n\t\t\t\t<\/div>\n\t\t","protected":false},"excerpt":{"rendered":"<p>Tack! Din bokning eller f\u00f6rfr\u00e5gan har skickats in. N\u00e5gon kommer att kontakta dig inom kort. Om du inte har f\u00e5tt n\u00e5gon bekr\u00e4ftelse fr\u00e5n oss inom 24 timmar efter det att du har skickat in din ans\u00f6kan, v\u00e4nligen skicka oss ett e-postmeddelande till info@islandtrektours.com f\u00f6r uppf\u00f6ljning. Bokningar som tas emot p\u00e5 s\u00f6ndag kommer att besvaras p\u00e5 [&hellip;]<\/p>\n","protected":false},"author":2,"featured_media":0,"parent":0,"menu_order":0,"comment_status":"closed","ping_status":"closed","template":"","meta":{"site-sidebar-layout":"no-sidebar","site-content-layout":"page-builder","ast-site-content-layout":"default","site-content-style":"default","site-sidebar-style":"default","ast-global-header-display":"","ast-banner-title-visibility":"","ast-main-header-display":"","ast-hfb-above-header-display":"","ast-hfb-below-header-display":"","ast-hfb-mobile-header-display":"","site-post-title":"disabled","ast-breadcrumbs-content":"","ast-featured-img":"disabled","footer-sml-layout":"","ast-disable-related-posts":"","theme-transparent-header-meta":"","adv-header-id-meta":"","stick-header-meta":"","header-above-stick-meta":"","header-main-stick-meta":"","header-below-stick-meta":"","astra-migrate-meta-layouts":"default","ast-page-background-enabled":"default","ast-page-background-meta":{"desktop":{"background-color":"","background-image":"","background-repeat":"repeat","background-position":"center center","background-size":"auto","background-attachment":"scroll","background-type":"","background-media":"","overlay-type":"","overlay-color":"","overlay-opacity":"","overlay-gradient":""},"tablet":{"background-color":"","background-image":"","background-repeat":"repeat","background-position":"center center","background-size":"auto","background-attachment":"scroll","background-type":"","background-media":"","overlay-type":"","overlay-color":"","overlay-opacity":"","overlay-gradient":""},"mobile":{"background-color":"","background-image":"","background-repeat":"repeat","background-position":"center center","background-size":"auto","background-attachment":"scroll","background-type":"","background-media":"","overlay-type":"","overlay-color":"","overlay-opacity":"","overlay-gradient":""}},"ast-content-background-meta":{"desktop":{"background-color":"var(--ast-global-color-5)","background-image":"","background-repeat":"repeat","background-position":"center center","background-size":"auto","background-attachment":"scroll","background-type":"","background-media":"","overlay-type":"","overlay-color":"","overlay-opacity":"","overlay-gradient":""},"tablet":{"background-color":"var(--ast-global-color-5)","background-image":"","background-repeat":"repeat","background-position":"center center","background-size":"auto","background-attachment":"scroll","background-type":"","background-media":"","overlay-type":"","overlay-color":"","overlay-opacity":"","overlay-gradient":""},"mobile":{"background-color":"var(--ast-global-color-5)","background-image":"","background-repeat":"repeat","background-position":"center center","background-size":"auto","background-attachment":"scroll","background-type":"","background-media":"","overlay-type":"","overlay-color":"","overlay-opacity":"","overlay-gradient":""}},"footnotes":""},"class_list":["post-74059","page","type-page","status-publish","hentry"],"_links":{"self":[{"href":"https:\/\/www.oslobwhalesharks.com\/sv\/wp-json\/wp\/v2\/pages\/74059","targetHints":{"allow":["GET"]}}],"collection":[{"href":"https:\/\/www.oslobwhalesharks.com\/sv\/wp-json\/wp\/v2\/pages"}],"about":[{"href":"https:\/\/www.oslobwhalesharks.com\/sv\/wp-json\/wp\/v2\/types\/page"}],"author":[{"embeddable":true,"href":"https:\/\/www.oslobwhalesharks.com\/sv\/wp-json\/wp\/v2\/users\/2"}],"replies":[{"embeddable":true,"href":"https:\/\/www.oslobwhalesharks.com\/sv\/wp-json\/wp\/v2\/comments?post=74059"}],"version-history":[{"count":0,"href":"https:\/\/www.oslobwhalesharks.com\/sv\/wp-json\/wp\/v2\/pages\/74059\/revisions"}],"wp:attachment":[{"href":"https:\/\/www.oslobwhalesharks.com\/sv\/wp-json\/wp\/v2\/media?parent=74059"}],"curies":[{"name":"wp","href":"https:\/\/api.w.org\/{rel}","templated":true}]}}