{"id":73714,"date":"2018-11-26T12:45:57","date_gmt":"2018-11-26T04:45:57","guid":{"rendered":"https:\/\/www.oslobwhalesharks.com\/om\/"},"modified":"2023-02-02T13:30:39","modified_gmt":"2023-02-02T05:30:39","slug":"om","status":"publish","type":"page","link":"https:\/\/www.oslobwhalesharks.com\/sv\/om\/","title":{"rendered":"Om"},"content":{"rendered":"\t\t<div data-elementor-type=\"wp-post\" data-elementor-id=\"73714\" class=\"elementor elementor-73714 elementor-15\" data-elementor-post-type=\"page\">\n\t\t\t\t\t\t<section data-particle_enable=\"false\" data-particle-mobile-disabled=\"false\" class=\"elementor-section elementor-top-section elementor-element elementor-element-688ad38 elementor-section-content-middle elementor-section-boxed elementor-section-height-default elementor-section-height-default\" data-id=\"688ad38\" data-element_type=\"section\" data-e-type=\"section\" data-settings=\"{&quot;background_background&quot;:&quot;classic&quot;}\">\n\t\t\t\t\t\t\t<div class=\"elementor-background-overlay\"><\/div>\n\t\t\t\t\t\t\t<div class=\"elementor-container elementor-column-gap-no\">\n\t\t\t\t\t<div class=\"elementor-column elementor-col-100 elementor-top-column elementor-element elementor-element-148e58a\" data-id=\"148e58a\" data-element_type=\"column\" data-e-type=\"column\">\n\t\t\t<div class=\"elementor-widget-wrap elementor-element-populated\">\n\t\t\t\t\t\t<div class=\"elementor-element elementor-element-d915ffa elementor-widget elementor-widget-heading\" data-id=\"d915ffa\" data-element_type=\"widget\" data-e-type=\"widget\" data-widget_type=\"heading.default\">\n\t\t\t\t<div class=\"elementor-widget-container\">\n\t\t\t\t\t<h1 class=\"elementor-heading-title elementor-size-default\">Om<\/h1>\t\t\t\t<\/div>\n\t\t\t\t<\/div>\n\t\t\t\t\t<\/div>\n\t\t<\/div>\n\t\t\t\t\t<\/div>\n\t\t<\/section>\n\t\t\t\t<section data-particle_enable=\"false\" data-particle-mobile-disabled=\"false\" class=\"elementor-section elementor-top-section elementor-element elementor-element-303906c elementor-section-content-top elementor-section-boxed elementor-section-height-default elementor-section-height-default\" data-id=\"303906c\" data-element_type=\"section\" data-e-type=\"section\">\n\t\t\t\t\t\t<div class=\"elementor-container elementor-column-gap-no\">\n\t\t\t\t\t<div class=\"elementor-column elementor-col-100 elementor-top-column elementor-element elementor-element-d067b90\" data-id=\"d067b90\" data-element_type=\"column\" data-e-type=\"column\">\n\t\t\t<div class=\"elementor-widget-wrap elementor-element-populated\">\n\t\t\t\t\t\t<div class=\"elementor-element elementor-element-c3c1f36 elementor-widget elementor-widget-heading\" data-id=\"c3c1f36\" data-element_type=\"widget\" data-e-type=\"widget\" data-widget_type=\"heading.default\">\n\t\t\t\t<div class=\"elementor-widget-container\">\n\t\t\t\t\t<h3 class=\"elementor-heading-title elementor-size-default\">Valhajarnas historia i Oslob<\/h3>\t\t\t\t<\/div>\n\t\t\t\t<\/div>\n\t\t\t\t<div class=\"elementor-element elementor-element-a2dcc47 elementor-widget elementor-widget-text-editor\" data-id=\"a2dcc47\" data-element_type=\"widget\" data-e-type=\"widget\" data-widget_type=\"text-editor.default\">\n\t\t\t\t<div class=\"elementor-widget-container\">\n\t\t\t\t\t\t\t\t\t<p>Valhajen (Rhincodon typus) eller lokalt k\u00e4nd som &#8221;tuki&#8221;, som \u00e4r v\u00e4rldens st\u00f6rsta fisk, har listats som en utrotningshotad art av <a href=\"https:\/\/www.worldwildlife.org\/species\/whale-shark\" target=\"_blank\" rel=\"noopener\">V\u00e4rldsnaturv\u00e5rdsorganisationen<\/a>. Dessa valhajar har visat sig i vattnen utanf\u00f6r Oslob sedan 1980-talet. Tidigare betraktade fiskarna i Oslob valhajen som ett &#8221;skadedjur&#8221; som f\u00f6rst\u00f6rde deras n\u00e4t och drev bort andra fiskar.<\/p>\n<p>I oktober 2011 b\u00f6rjade Jerson Soriano i en liten by i Tan-awan Oslob att mata en valhaj med krill eller babyr\u00e4kor efter att ha f\u00e5tt den att st\u00e4ndigt st\u00f6ta med nosen mot hans banca n\u00e4r han fiskade. Under de f\u00f6ljande dagarna kom fler valhajar med en l\u00e4ngd p\u00e5 mellan 2 och 6 meter till Tan-awans str\u00e4nder efter utfodringen. Den st\u00f6rsta valhajen som visades kallades Big Mama och var hela 9 meter l\u00e5ng. Snart fr\u00e5gade dykresorten i omr\u00e5det fiskarna om de kunde guida dem till platsen f\u00f6r valsk\u00e5dning. Till en b\u00f6rjan tog fiskarna mellan 150 och 200 pesos per person f\u00f6r sina tj\u00e4nster, men vissa resegrupper gav dem senare en h\u00f6gre summa tills <a href=\"https:\/\/www.facebook.com\/Tan-awan-Oslob-Sea-Wardens-and-Fishermans-Association-TOSWFA-426392914465975\/\" target=\"_blank\" rel=\"nofollow noopener\">TOWSFA<\/a> (fiskarnas organisation) organiserades.<\/p>\n\t\t\t\t\t\t\t\t<\/div>\n\t\t\t\t<\/div>\n\t\t\t\t\t<\/div>\n\t\t<\/div>\n\t\t\t\t\t<\/div>\n\t\t<\/section>\n\t\t\t\t<section data-particle_enable=\"false\" data-particle-mobile-disabled=\"false\" class=\"elementor-section elementor-top-section elementor-element elementor-element-eddadbc elementor-section-content-top elementor-section-boxed elementor-section-height-default elementor-section-height-default\" data-id=\"eddadbc\" data-element_type=\"section\" data-e-type=\"section\">\n\t\t\t\t\t\t<div class=\"elementor-container elementor-column-gap-no\">\n\t\t\t\t\t<div class=\"elementor-column elementor-col-100 elementor-top-column elementor-element elementor-element-42a9e63\" data-id=\"42a9e63\" data-element_type=\"column\" data-e-type=\"column\">\n\t\t\t<div class=\"elementor-widget-wrap elementor-element-populated\">\n\t\t\t\t\t\t<div class=\"elementor-element elementor-element-ba93a6e elementor-widget elementor-widget-spacer\" data-id=\"ba93a6e\" data-element_type=\"widget\" data-e-type=\"widget\" data-widget_type=\"spacer.default\">\n\t\t\t\t<div class=\"elementor-widget-container\">\n\t\t\t\t\t\t\t<div class=\"elementor-spacer\">\n\t\t\t<div class=\"elementor-spacer-inner\"><\/div>\n\t\t<\/div>\n\t\t\t\t\t\t<\/div>\n\t\t\t\t<\/div>\n\t\t\t\t<div class=\"elementor-element elementor-element-f34a8a1 elementor-widget elementor-widget-html\" data-id=\"f34a8a1\" data-element_type=\"widget\" data-e-type=\"widget\" data-widget_type=\"html.default\">\n\t\t\t\t<div class=\"elementor-widget-container\">\n\t\t\t\t\t<iframe src=\"https:\/\/maps.google.com\/maps\/ms?msa=0&amp;msid=210377165981213696140.0004e72c4f464e9155f44&amp;ie=UTF8&amp;t=m&amp;ll=9.461973,123.378997&amp;spn=0.009525,0.012875&amp;z=16&amp;iwloc=0004e72c4f481fa7c39f8&amp;output=embed\" width=\"400\" height=\"350\" frameborder=\"0\" marginwidth=\"0\" marginheight=\"0\" scrolling=\"no\"><\/iframe>\n\t\t\t\t<\/div>\n\t\t\t\t<\/div>\n\t\t\t\t\t<\/div>\n\t\t<\/div>\n\t\t\t\t\t<\/div>\n\t\t<\/section>\n\t\t\t\t<\/div>\n\t\t","protected":false},"excerpt":{"rendered":"<p>Om Valhajarnas historia i Oslob Valhajen (Rhincodon typus) eller lokalt k\u00e4nd som &#8221;tuki&#8221;, som \u00e4r v\u00e4rldens st\u00f6rsta fisk, har listats som en utrotningshotad art av V\u00e4rldsnaturv\u00e5rdsorganisationen. Dessa valhajar har visat sig i vattnen utanf\u00f6r Oslob sedan 1980-talet. Tidigare betraktade fiskarna i Oslob valhajen som ett &#8221;skadedjur&#8221; som f\u00f6rst\u00f6rde deras n\u00e4t och drev bort andra fiskar. [&hellip;]<\/p>\n","protected":false},"author":1,"featured_media":0,"parent":0,"menu_order":0,"comment_status":"closed","ping_status":"closed","template":"","meta":{"site-sidebar-layout":"no-sidebar","site-content-layout":"page-builder","ast-site-content-layout":"full-width-container","site-content-style":"unboxed","site-sidebar-style":"unboxed","ast-global-header-display":"","ast-banner-title-visibility":"","ast-main-header-display":"","ast-hfb-above-header-display":"","ast-hfb-below-header-display":"","ast-hfb-mobile-header-display":"","site-post-title":"disabled","ast-breadcrumbs-content":"","ast-featured-img":"disabled","footer-sml-layout":"","ast-disable-related-posts":"","theme-transparent-header-meta":"default","adv-header-id-meta":"","stick-header-meta":"default","header-above-stick-meta":"","header-main-stick-meta":"","header-below-stick-meta":"","astra-migrate-meta-layouts":"default","ast-page-background-enabled":"default","ast-page-background-meta":{"desktop":{"background-color":"","background-image":"","background-repeat":"repeat","background-position":"center center","background-size":"auto","background-attachment":"scroll","background-type":"","background-media":"","overlay-type":"","overlay-color":"","overlay-opacity":"","overlay-gradient":""},"tablet":{"background-color":"","background-image":"","background-repeat":"repeat","background-position":"center center","background-size":"auto","background-attachment":"scroll","background-type":"","background-media":"","overlay-type":"","overlay-color":"","overlay-opacity":"","overlay-gradient":""},"mobile":{"background-color":"","background-image":"","background-repeat":"repeat","background-position":"center center","background-size":"auto","background-attachment":"scroll","background-type":"","background-media":"","overlay-type":"","overlay-color":"","overlay-opacity":"","overlay-gradient":""}},"ast-content-background-meta":{"desktop":{"background-color":"var(--ast-global-color-5)","background-image":"","background-repeat":"repeat","background-position":"center center","background-size":"auto","background-attachment":"scroll","background-type":"","background-media":"","overlay-type":"","overlay-color":"","overlay-opacity":"","overlay-gradient":""},"tablet":{"background-color":"var(--ast-global-color-5)","background-image":"","background-repeat":"repeat","background-position":"center center","background-size":"auto","background-attachment":"scroll","background-type":"","background-media":"","overlay-type":"","overlay-color":"","overlay-opacity":"","overlay-gradient":""},"mobile":{"background-color":"var(--ast-global-color-5)","background-image":"","background-repeat":"repeat","background-position":"center center","background-size":"auto","background-attachment":"scroll","background-type":"","background-media":"","overlay-type":"","overlay-color":"","overlay-opacity":"","overlay-gradient":""}},"footnotes":""},"class_list":["post-73714","page","type-page","status-publish","hentry"],"_links":{"self":[{"href":"https:\/\/www.oslobwhalesharks.com\/sv\/wp-json\/wp\/v2\/pages\/73714","targetHints":{"allow":["GET"]}}],"collection":[{"href":"https:\/\/www.oslobwhalesharks.com\/sv\/wp-json\/wp\/v2\/pages"}],"about":[{"href":"https:\/\/www.oslobwhalesharks.com\/sv\/wp-json\/wp\/v2\/types\/page"}],"author":[{"embeddable":true,"href":"https:\/\/www.oslobwhalesharks.com\/sv\/wp-json\/wp\/v2\/users\/1"}],"replies":[{"embeddable":true,"href":"https:\/\/www.oslobwhalesharks.com\/sv\/wp-json\/wp\/v2\/comments?post=73714"}],"version-history":[{"count":0,"href":"https:\/\/www.oslobwhalesharks.com\/sv\/wp-json\/wp\/v2\/pages\/73714\/revisions"}],"wp:attachment":[{"href":"https:\/\/www.oslobwhalesharks.com\/sv\/wp-json\/wp\/v2\/media?parent=73714"}],"curies":[{"name":"wp","href":"https:\/\/api.w.org\/{rel}","templated":true}]}}