{"id":72779,"date":"2020-05-28T12:14:39","date_gmt":"2020-05-28T04:14:39","guid":{"rendered":"https:\/\/www.oslobwhalesharks.com\/villkor-och-bestammelser\/"},"modified":"2023-02-02T13:23:13","modified_gmt":"2023-02-02T05:23:13","slug":"villkor-och-bestammelser","status":"publish","type":"page","link":"https:\/\/www.oslobwhalesharks.com\/sv\/villkor-och-bestammelser\/","title":{"rendered":"Villkor och best\u00e4mmelser"},"content":{"rendered":"\t\t<div data-elementor-type=\"wp-post\" data-elementor-id=\"72779\" class=\"elementor elementor-72779 elementor-6234\" data-elementor-post-type=\"page\">\n\t\t\t\t\t\t<section data-particle_enable=\"false\" data-particle-mobile-disabled=\"false\" class=\"elementor-section elementor-top-section elementor-element elementor-element-688ad38 elementor-section-content-middle elementor-section-height-min-height elementor-section-boxed elementor-section-height-default elementor-section-items-middle\" data-id=\"688ad38\" data-element_type=\"section\" data-e-type=\"section\" data-settings=\"{&quot;background_background&quot;:&quot;classic&quot;}\">\n\t\t\t\t\t\t\t<div class=\"elementor-background-overlay\"><\/div>\n\t\t\t\t\t\t\t<div class=\"elementor-container elementor-column-gap-no\">\n\t\t\t\t\t<div class=\"elementor-column elementor-col-100 elementor-top-column elementor-element elementor-element-148e58a\" data-id=\"148e58a\" data-element_type=\"column\" data-e-type=\"column\">\n\t\t\t<div class=\"elementor-widget-wrap elementor-element-populated\">\n\t\t\t\t\t\t<div class=\"elementor-element elementor-element-d915ffa elementor-widget elementor-widget-heading\" data-id=\"d915ffa\" data-element_type=\"widget\" data-e-type=\"widget\" data-widget_type=\"heading.default\">\n\t\t\t\t<div class=\"elementor-widget-container\">\n\t\t\t\t\t<h1 class=\"elementor-heading-title elementor-size-default\">Villkor och best\u00e4mmelser<\/h1>\t\t\t\t<\/div>\n\t\t\t\t<\/div>\n\t\t\t\t\t<\/div>\n\t\t<\/div>\n\t\t\t\t\t<\/div>\n\t\t<\/section>\n\t\t\t\t<section data-particle_enable=\"false\" data-particle-mobile-disabled=\"false\" class=\"elementor-section elementor-top-section elementor-element elementor-element-303906c elementor-section-content-top elementor-section-boxed elementor-section-height-default elementor-section-height-default\" data-id=\"303906c\" data-element_type=\"section\" data-e-type=\"section\" data-settings=\"{&quot;background_background&quot;:&quot;classic&quot;}\">\n\t\t\t\t\t\t<div class=\"elementor-container elementor-column-gap-no\">\n\t\t\t\t\t<div class=\"elementor-column elementor-col-100 elementor-top-column elementor-element elementor-element-d067b90\" data-id=\"d067b90\" data-element_type=\"column\" data-e-type=\"column\" data-settings=\"{&quot;background_background&quot;:&quot;classic&quot;}\">\n\t\t\t<div class=\"elementor-widget-wrap elementor-element-populated\">\n\t\t\t\t\t\t<div class=\"elementor-element elementor-element-582a61d elementor-widget elementor-widget-text-editor\" data-id=\"582a61d\" data-element_type=\"widget\" data-e-type=\"widget\" data-widget_type=\"text-editor.default\">\n\t\t\t\t<div class=\"elementor-widget-container\">\n\t\t\t\t\t\t\t\t\t<p>V\u00e4nligen l\u00e4s och f\u00f6rst\u00e5 f\u00f6ljande villkor:<\/p>\n<p>F\u00f6ljande villkor g\u00e4ller f\u00f6r alla resor som organiseras av Island Trek Tours, operat\u00f6r och \u00e4gare av webbplatsen med URL: <a href=\"https:\/\/oslobwhalesharks.com\">oslobwhalesharks.com<\/a> (nedan kallad &#8221;Island Trek&#8221;). I detta syfte ska termen &#8221;resa&#8221; inkludera alla kombinationer av internationella eller inhemska flygningar fr\u00e5n din utg\u00e5ngspunkt till din slutdestination och inkluderar alla hotell, resorter, boenden, utflykter, turer, \u00f6verf\u00f6ringar, hyror etc. som har organiserats f\u00f6r din r\u00e4kning av Island Trek.<\/p>\n<p>Om din bokning omfattar flygresor eller boende eller andra tj\u00e4nster som tillhandah\u00e5lls av n\u00e5gon annan \u00e4n Island Trek Tours eller dess utsedda agenter, oavsett om Island Trek Tours har agerat som agent eller inte, ska ditt avtal omfattas av de villkor som anges i den filippinska researrang\u00f6rens och researrang\u00f6rens policyer, eller om det r\u00f6r sig om ett flygbolag, flygbolagets till\u00e4mpliga bokningsvillkor. Dessa villkor p\u00e5verkar inte dina lagstadgade r\u00e4ttigheter.<\/p>\n<p>Alla arrangemang som du g\u00f6r under din semester och som inte g\u00f6rs via Island Trek Tours \u00e4r arrangemang som vi inte har n\u00e5got ansvar f\u00f6r.<\/p>\n<p><b>Boka en bokning<\/b><\/p>\n<p>N\u00e4r du g\u00f6r en bokning hos oss f\u00f6rbinder du dig att du har befogenhet att acceptera och accepterar dessa bokningsvillkor f\u00f6r dig sj\u00e4lv och ditt s\u00e4llskap. Ett avtal existerar n\u00e4r vi tar emot pengar fr\u00e5n dig f\u00f6r bokningen eller n\u00e4r vi utf\u00e4rdar v\u00e5r bekr\u00e4ftelse eller resplan, beroende p\u00e5 vilket som intr\u00e4ffar f\u00f6rst. Dessa villkor utg\u00f6r tillsammans med informationen i v\u00e5r publicerade information hela avtalet mellan dig och Island Trek Tours. N\u00e4r du g\u00f6r en bokning hos Island Trek Tours och vi accepterar den, f\u00f6rfaller den totala kostnaden f\u00f6r paketet till betalning omedelbart, s\u00e5vida vi inte skriftligen har kommit \u00f6verens om att du ska betala en f\u00f6rsta deposition. Under alla omst\u00e4ndigheter m\u00e5ste hela beloppet f\u00f6r ditt filippinska paket krediteras Island Trek Tours minst tre dagar f\u00f6re planerad avresa. (Vissa tj\u00e4nster kr\u00e4ver full betalning f\u00f6r att bekr\u00e4fta bokningen, i allm\u00e4nhet \u00e4r det erbjudanden om &#8221;boka och k\u00f6p&#8221;).<\/p>\n<p><b>V\u00e5ra priser<\/b><\/p>\n<p>Alla priser \u00e4r fastst\u00e4llda vid bokningstillf\u00e4llet och i allm\u00e4nhet \u00e4r de inte f\u00f6rem\u00e5l f\u00f6r n\u00e5gra till\u00e4ggsavgifter. Det enda undantaget \u00e4r en \u00f6kning av v\u00e5ra kostnader till f\u00f6ljd av statliga \u00e5tg\u00e4rder, inklusive, men inte begr\u00e4nsat till, nya eller h\u00f6jda skatter som moms (merv\u00e4rdesskatt). Vi f\u00f6rbeh\u00e5ller oss r\u00e4tten att \u00e4ndra v\u00e5ra priser p\u00e5 webbplatsen n\u00e4r som helst innan du genomf\u00f6r en betald bokning, inklusive eventuella specialpriser som vi kan erbjuda fr\u00e5n tid till annan, som kanske inte \u00e4r desamma som de som publiceras p\u00e5 denna webbplats.<\/p>\n<p>Vi f\u00f6rbeh\u00e5ller oss r\u00e4tten att \u00e4ndra v\u00e5ra priser n\u00e4r som helst innan du bokar, inklusive eventuella specialpriser som vi kan erbjuda fr\u00e5n tid till annan, som kanske inte \u00e4r desamma som de som publiceras p\u00e5 denna webbplats. Observera att ALLA priser fastst\u00e4lls utifr\u00e5n den faktiska tidpunkten f\u00f6r resan och INTE utifr\u00e5n bokningsdatumet. I vissa fall kan de publicerade priserna upph\u00f6ra att g\u00e4lla eller bli ogiltiga efter bokningsdatumet och f\u00f6re det faktiska datumet f\u00f6r resan. I detta fall kommer vi att bekr\u00e4fta och debitera den nya taxan som g\u00e4ller vid tidpunkten f\u00f6r resan. (se GILTIGT FR\u00c5N DATUM nedanf\u00f6r rumspriserna f\u00f6r att bekr\u00e4fta giltigheten).<\/p>\n<p><b>Accepterade betalningar<\/b><\/p>\n<p>Island Trek Tours accepterar betalningar via:<\/p>\n<ol>\n<li><strong>Kontor eller internetbank via BPI, BDO eller Metrobank<\/strong><\/li>\n<li><strong>GCash eller Maya via Paymongo<\/strong><\/li>\n<li><strong>Debitkort\/kreditkort via Paymongo <\/strong>(med 5 % serviceavgift)<\/li>\n<li><strong>Betalningar med betalnings-\/kreditkort via XOOM eller Moneygram<\/strong><\/li>\n<li><strong>Betalning med kredit- och betalkort via PayPal.&nbsp;<\/strong>Du beh\u00f6ver inget PayPal-konto, utan v\u00e4ljer bara Betalning med kredit- och betalkort. Om du anv\u00e4nder denna metod tillkommer en avgift p\u00e5 5 % av det totala beloppet. L\u00e4gg till denna till\u00e4ggsavgift n\u00e4r du betalar med PayPal-systemet.<\/li>\n<li><strong>Western Union, TransferWise och andra internationella betalnings\u00f6verf\u00f6ringar<\/strong><\/li>\n<li><strong>Betalningar med checkar<\/strong>. Checkar kan accepteras som betalning f\u00f6r lokala resen\u00e4rer. Betalningar som g\u00f6rs med check anses inte vara &#8221;betalda&#8221; f\u00f6rr\u00e4n de har godk\u00e4nts av v\u00e5r bank och godk\u00e4nts f\u00f6r betalning.<\/li>\n<\/ol>\n<p><b>Mottagande av betalning<\/b><\/p>\n<p>N\u00e4r du har mottagit betalningen f\u00e5r du f\u00f6ljande:<\/p>\n<ul>\n<li>E-postbekr\u00e4ftelse<\/li><li>Turkvoucher \/ Resplan<\/li>\n<li>E-biljetter fr\u00e5n flygbolaget (om det kr\u00e4vs)<\/li>\n<\/ul>\n<p><b>F\u00f6r\u00e4ndringar av dig<\/b><\/p>\n<p>Om du vill \u00e4ndra din bokning p\u00e5 n\u00e5got s\u00e4tt efter att vi har mottagit din betalning och om vi kan acceptera \u00e4ndringen, f\u00f6rbeh\u00e5ller vi oss r\u00e4tten att ta ut en avgift p\u00e5 500 Php per person och \u00e4ndring, f\u00f6rutsatt att dina instruktioner \u00e4r skriftliga och har mottagits och bekr\u00e4ftats av oss minst trettio (30) dagar f\u00f6re planerad avresa. D\u00e4refter, med undantag f\u00f6r vad som f\u00f6reskrivs i till\u00e4mplig lag, ska avbokningsavgifter enligt villkor 7 nedan till\u00e4mpas.<\/p>\n<p><b>Om du avbryter din bokning<\/b><\/p>\n<p>Du eller n\u00e5gon medlem av ditt s\u00e4llskap kan n\u00e4r som helst avboka hela eller delar av din resa, f\u00f6rutsatt att avbokningen g\u00f6rs skriftligen till oss av den person som gjorde den ursprungliga bokningen. Du kommer att f\u00e5 tillbaka det betalda beloppet (exklusive transaktionsavgifter f\u00f6r betalningsgateway) minus de avbokningsavgifter som anges nedan.<\/p>\n<ol>\n<li><strong><span class=\"strong\">Evenemang, attraktion, teater, show eller kupongbiljett<\/span><\/strong><br>Dessa \u00e4r inte \u00e5terbetalningsbara under alla omst\u00e4ndigheter.<\/li>\n<li><strong><span class=\"strong\">Presentkort<\/span><\/strong><br>Dessa \u00e4r inte \u00e5terbetalningsbara under alla omst\u00e4ndigheter.<\/li>\n<li><strong><span class=\"strong\">Hotell<\/span><\/strong><br>Avbokningsavgiften per bokning \u00e4r baserad p\u00e5 varje enskilt hotell och varje hotell har olika regler f\u00f6r avbokningar. Be din agent om en kopia av hotellets, flygbolagets eller paketresans avbokningsregler innan du g\u00f6r din bokning.<\/li>\n<li><strong><span class=\"strong\">Andra produkter och tj\u00e4nster inom turism<\/span><\/strong><br>Om du avbryter&nbsp;<strong>minst 7 kalenderdagar<\/strong>&nbsp;i f\u00f6rv\u00e4g, ingen avbokningsavgift.<br>Om du avbryter&nbsp;<strong>mellan 3 och 6 kalenderdagar<\/strong>&nbsp;i f\u00f6rv\u00e4g debiteras en avbokningsavgift p\u00e5 50 %.<br>Om du avbryter&nbsp;<strong>inom 2 kalenderdagar<\/strong>&nbsp;i f\u00f6rv\u00e4g, debiteras en avbokningsavgift p\u00e5 100 %.<\/li>\n<\/ol>\n<p>Ingen \u00e5terbetalning \u00e4r m\u00f6jlig n\u00e4r en resa eller tj\u00e4nst har p\u00e5b\u00f6rjats, eller n\u00e4r det g\u00e4ller paket, boende, m\u00e5ltider eller andra tj\u00e4nster.<\/p>\n<p><strong>S\u00e4rskild anm\u00e4rkning:<\/strong><\/p>\n<p>Om ditt filippinska resepaket inneh\u00e5ller internationella eller inhemska flyg- eller f\u00e4rjebiljetter och Island Trek&nbsp;agerar som agent f\u00f6r flygbolaget eller flygkonsolidatorn ska flygbolagets eller flygkonsolidatorns avboknings- eller \u00e4ndringsavgifter plus eventuella till\u00e4ggsavgifter g\u00e4lla.<\/p>\n<p><b>Om vi \u00e4ndrar din bokning<\/b><\/p>\n<p>Det \u00e4r osannolikt att vi m\u00e5ste \u00e4ndra din bokning. Emellertid kan det ibland bli n\u00f6dv\u00e4ndigt med \u00e4ndringar som vi f\u00f6rbeh\u00e5ller oss r\u00e4tten att g\u00f6ra n\u00e4r som helst. De flesta av dessa \u00e4ndringar \u00e4r sm\u00e5 och vi kommer att informera dig s\u00e5 snart som m\u00f6jligt. Flygbolagens flygtider och flygbolag som anges i reklammaterial kan komma att \u00e4ndras och alla uppgifter som ges till dig \u00e4r endast v\u00e4gledande.<\/p>\n<p>De bekr\u00e4ftade datumen \u00e4r de som anges p\u00e5 din resplan och dina flygbiljetter. Om en v\u00e4sentlig \u00e4ndring blir n\u00f6dv\u00e4ndig kommer vi att informera dig s\u00e5 snart som m\u00f6jligt via e-post eller sms. Du kan best\u00e4mma om du vill acceptera \u00e4ndringen eller inte, men du m\u00e5ste acceptera eller f\u00f6rkasta den f\u00f6reslagna \u00e4ndringen skriftligen via e-post inom 72 timmar efter meddelandet, annars kommer vi att anta att du har accepterat den f\u00f6reslagna \u00e4ndringen.<\/p>\n<p>En v\u00e4sentlig \u00e4ndring \u00e4r en \u00e4ndring som g\u00f6rs i dina researrangemang f\u00f6re avresa och som inneb\u00e4r att avg\u00e5ngs- eller ankomstflygplatsen \u00e4ndras (f\u00f6rutom mellan flygplatser inom samma stads flygplatssystem), att returflyget flyttas med mer \u00e4n 12 timmars f\u00f6rskjutning eller att det ursprungligen bokade hotellet eller boendet byts ut mot ett hotell eller boende av l\u00e4gre kvalitet. Om vi \u00e4ndrar flygbolag, flygplanstyp som utf\u00f6r din flygning eller rutt anses detta inte vara en v\u00e4sentlig \u00e4ndring och vi \u00e4r inte skyldiga att meddela dig om en s\u00e5dan \u00e4ndring i f\u00f6rv\u00e4g.<\/p>\n<p><b>VIKTIGT MEDDELANDE:<\/b>  Vi ansvarar inte f\u00f6r \u00e4ndringar som uppst\u00e5r till f\u00f6ljd av h\u00e4ndelser utanf\u00f6r v\u00e5r kontroll, t.ex. tekniska problem eller underh\u00e5llsproblem med transporten, \u00e4ndringar till f\u00f6ljd av omplanering eller inst\u00e4llda flygningar av ett flygbolag eller huvudcharterbolag, krig eller hot om krig, inb\u00f6rdeskrig, arbetskonflikter, naturkatastrofer, d\u00e5ligt v\u00e4der eller terroristverksamhet.<\/p>\n<p><b>Om vi avbryter din bokning<\/b><\/p>\n<p>Vi f\u00f6rbeh\u00e5ller oss r\u00e4tten att under alla omst\u00e4ndigheter avbryta din bokning. Vi kommer dock inte att avbryta din bokning mindre \u00e4n 30 dagar f\u00f6re avresa, s\u00e5vida det inte beror p\u00e5 orsaker som ligger utanf\u00f6r v\u00e5r kontroll eller p\u00e5 att du inte har mottagit din betalning. Om vi avbryter din bokning (annat \u00e4n p\u00e5 grund av f\u00f6rsenad eller utebliven betalning) kommer vi att erbjuda dig full \u00e5terbetalning av alla pengar som betalats f\u00f6r bokningen.<\/p>\n<p><b>V\u00e5rt ansvar<\/b><\/p>\n<p>V\u00e5ra skyldigheter och de skyldigheter som v\u00e5ra leverant\u00f6rer som tillhandah\u00e5ller tj\u00e4nster eller anl\u00e4ggningar som ing\u00e5r i n\u00e5gon del av din resa har \u00e4r att med rimlig skicklighet och omsorg ordna tillhandah\u00e5llandet av s\u00e5dana tj\u00e4nster och anl\u00e4ggningar och, om vi eller v\u00e5r leverant\u00f6r faktiskt tillhandah\u00e5ller tj\u00e4nsten eller anl\u00e4ggningen, att tillhandah\u00e5lla dem med rimlig skicklighet och omsorg. Uppfyllande av alla till\u00e4mpliga lagstadgade krav (t.ex. fr\u00e5n den civila luftfartsmyndigheten) \u00e4r ett korrekt fullg\u00f6rande av v\u00e5ra och v\u00e5ra leverant\u00f6rers skyldigheter. Du m\u00e5ste visa att rimlig skicklighet och omsorg inte har anv\u00e4nts om du vill g\u00f6ra anspr\u00e5k p\u00e5 oss.<\/p>\n<p><b>Dokumentation<\/b><\/p>\n<p>Om det kr\u00e4vs rese- och h\u00e4lsodokument f\u00f6r att uppfylla kraven p\u00e5 de filippinska \u00f6arna som du vill bes\u00f6ka \u00e4r det DITT ANSVAR att skaffa dem. Om underl\u00e5tenhet att erh\u00e5lla s\u00e5dana dokument leder till b\u00f6ter, till\u00e4ggsavgifter eller andra ekonomiska p\u00e5f\u00f6ljder som \u00e5l\u00e4ggs oss, samtycker du till att ers\u00e4tta oss i enlighet med detta. Du m\u00e5ste sj\u00e4lv, genom att r\u00e5dfr\u00e5ga din egen l\u00e4kare, vid behov kontrollera vilka s\u00e4rskilda f\u00f6rsiktighets\u00e5tg\u00e4rder som \u00e4r l\u00e4mpliga i det land eller p\u00e5 den destination du t\u00e4nker bes\u00f6ka och se till att l\u00e4mplig medicinering, vaccinationer eller andra f\u00f6rsiktighets\u00e5tg\u00e4rder vidtas.<\/p>\n<p><b>Villkor f\u00f6r transport och logi<\/b><\/p>\n<p>Vi \u00e4r varken en transport\u00f6r eller en leverant\u00f6r av hotellrum. Varje resa (oavsett om den genomf\u00f6rs eller inte) som du bokar p\u00e5 land, till sj\u00f6ss eller med flyg regleras av villkoren f\u00f6r det transportf\u00f6retag som \u00e5tar sig att tillhandah\u00e5lla transporten. Vissa av dessa villkor begr\u00e4nsar eller utesluter ansvar och \u00e4r ofta f\u00f6rem\u00e5l f\u00f6r internationella avtal. Kopior av de till\u00e4mpliga avtalen finns tillg\u00e4ngliga f\u00f6r inspektion p\u00e5 det ber\u00f6rda lufttrafikf\u00f6retagets kontor.<\/p>\n<p>Det \u00e4r ditt ansvar att bekr\u00e4fta flygresans vidare- eller returstr\u00e4ckor med det ber\u00f6rda flygbolaget eller dess vederb\u00f6rligen auktoriserade ombud och i enlighet med flygbolagets best\u00e4mmelser. N\u00e4r du bokar ett boende (oavsett om det tillhandah\u00e5lls eller inte) \u00e4r dess tillg\u00e4nglighet eller tillhandah\u00e5llande f\u00f6rem\u00e5l f\u00f6r &#8221;husreglerna&#8221; f\u00f6r det hotell eller annat boende som tillhandah\u00e5ller eller \u00e5tar sig att tillhandah\u00e5lla s\u00e5dant boende.<\/p>\n<p><b>Upps\u00e4gning av din bokning<\/b><\/p>\n<p>Vi f\u00f6rbeh\u00e5ller oss r\u00e4tten att efter eget gottfinnande avbryta din resa utan f\u00f6rvarning om ditt beteende \u00e4r s\u00e5dant att det enligt v\u00e5r \u00e5sikt \u00e4r troligt att du orsakar oro, skada, irritation eller fara f\u00f6r n\u00e5gon annan person. Under s\u00e5dana omst\u00e4ndigheter kommer du inte att f\u00e5 n\u00e5gon \u00e5terbetalning eller kompensation.<\/p>\n<p><b>Oanv\u00e4nda tj\u00e4nster<\/b><br>Ingen \u00e5terbetalning kommer att ske till dig om n\u00e5gon del av Island Trek Tours researrangemang inte utnyttjas.<\/p>\n<p><b>Resef\u00f6rs\u00e4kring<\/b><\/p>\n<p>Ett villkor f\u00f6r avtalet mellan oss \u00e4r att du tecknar en l\u00e4mplig semester- och resef\u00f6rs\u00e4kring mot avbokningsavgifter, ov\u00e4ntade avbrott i din semester, sjukv\u00e5rdskostnader utomlands, inklusive hemtransport, f\u00f6rlust eller skada p\u00e5 bagage och skadest\u00e5ndsanspr\u00e5k mot dig.<\/p>\n<p>Om du misslyckas med att teckna en s\u00e5dan resef\u00f6rs\u00e4kring f\u00f6re din resa till Filippinerna tar du fullt ansvar f\u00f6r dig sj\u00e4lv och alla medlemmar i ditt s\u00e4llskap, och du ers\u00e4tter Island Trek Tours och v\u00e5ra utl\u00e4ndska resebyr\u00e5er och representanter (i till\u00e4mpliga fall) f\u00f6r alla kostnader som kan uppst\u00e5 och som annars skulle ha betalats om en s\u00e5dan resef\u00f6rs\u00e4kring hade varit i kraft.<\/p>\n<p><b>Klagom\u00e5l<\/b><\/p>\n<p>Vi g\u00f6r v\u00e5rt allra b\u00e4sta f\u00f6r att se till att dina researrangemang g\u00e5r enligt planerna. Men om du har ett klagom\u00e5l som har att g\u00f6ra med vad vi har kommit \u00f6verens om att tillhandah\u00e5lla dig, v\u00e4nligen meddela oss detta s\u00e5 snart som m\u00f6jligt. Vid behov kan du ringa v\u00e5r jourtelefon p\u00e5 +63-925-897-8687, oavsett var du befinner dig. Om ett problem uppst\u00e5r under resan, v\u00e4nligen kontakta oss omedelbart s\u00e5 att vi kan hj\u00e4lpa dig.<\/p>\n<p>Om du vill l\u00e4mna in ett klagom\u00e5l online kan du skicka det till info@islandtrektours.com&nbsp;och skriva klagom\u00e5l i \u00e4mnesraden.<\/p>\n<p><b>Observera:<\/b>&nbsp;Om du inte f\u00f6ljer v\u00e5rt klagom\u00e5lsf\u00f6rfarande kan vi INTE ta ansvar f\u00f6r ditt klagom\u00e5l, eftersom vi d\u00e5 skulle ha ber\u00f6vats m\u00f6jligheten att utreda \u00e4rendet f\u00f6r din r\u00e4kning och om m\u00f6jligt hj\u00e4lpa dig att l\u00f6sa problemet.<\/p>\n<p><b>Till\u00e4mplig lag<\/b><\/p>\n<p>Alla avtal eller tvister mellan oss och dessa resevillkor ska regleras av och tolkas i enlighet med filippinsk lag. B\u00e5da parter samtycker till att underkasta sig den exklusiva jurisdiktionen hos domstolarna i&nbsp;Cebu&nbsp;City, Filippinerna.<\/p>\n<p><b>Datum f\u00f6r ikrafttr\u00e4dande<\/b><\/p>\n<p>Den h\u00e4r policyn tr\u00e4der i kraft den 1 juli 2015 och den ers\u00e4tter alla tidigare sekretesspolicyer som utf\u00e4rdats av Island Trek Tours. Vi f\u00f6rbeh\u00e5ller oss r\u00e4tten att \u00e4ndra v\u00e5r policy n\u00e4r som helst.<\/p>\t\t\t\t\t\t\t\t<\/div>\n\t\t\t\t<\/div>\n\t\t\t\t\t<\/div>\n\t\t<\/div>\n\t\t\t\t\t<\/div>\n\t\t<\/section>\n\t\t\t\t<\/div>\n\t\t","protected":false},"excerpt":{"rendered":"<p>Villkor och best\u00e4mmelser V\u00e4nligen l\u00e4s och f\u00f6rst\u00e5 f\u00f6ljande villkor: F\u00f6ljande villkor g\u00e4ller f\u00f6r alla resor som organiseras av Island Trek Tours, operat\u00f6r och \u00e4gare av webbplatsen med URL: www.oslobwhalesharks.com (nedan kallad &#8221;Island Trek&#8221;). I detta syfte ska termen &#8221;resa&#8221; inkludera alla kombinationer av internationella eller inhemska flygningar fr\u00e5n din utg\u00e5ngspunkt till din slutdestination och inkluderar [&hellip;]<\/p>\n","protected":false},"author":2,"featured_media":0,"parent":0,"menu_order":0,"comment_status":"closed","ping_status":"closed","template":"","meta":{"site-sidebar-layout":"no-sidebar","site-content-layout":"page-builder","ast-site-content-layout":"full-width-container","site-content-style":"unboxed","site-sidebar-style":"unboxed","ast-global-header-display":"","ast-banner-title-visibility":"","ast-main-header-display":"","ast-hfb-above-header-display":"","ast-hfb-below-header-display":"","ast-hfb-mobile-header-display":"","site-post-title":"disabled","ast-breadcrumbs-content":"","ast-featured-img":"disabled","footer-sml-layout":"","ast-disable-related-posts":"","theme-transparent-header-meta":"default","adv-header-id-meta":"","stick-header-meta":"default","header-above-stick-meta":"","header-main-stick-meta":"","header-below-stick-meta":"","astra-migrate-meta-layouts":"default","ast-page-background-enabled":"default","ast-page-background-meta":{"desktop":{"background-color":"","background-image":"","background-repeat":"repeat","background-position":"center center","background-size":"auto","background-attachment":"scroll","background-type":"","background-media":"","overlay-type":"","overlay-color":"","overlay-opacity":"","overlay-gradient":""},"tablet":{"background-color":"","background-image":"","background-repeat":"repeat","background-position":"center center","background-size":"auto","background-attachment":"scroll","background-type":"","background-media":"","overlay-type":"","overlay-color":"","overlay-opacity":"","overlay-gradient":""},"mobile":{"background-color":"","background-image":"","background-repeat":"repeat","background-position":"center center","background-size":"auto","background-attachment":"scroll","background-type":"","background-media":"","overlay-type":"","overlay-color":"","overlay-opacity":"","overlay-gradient":""}},"ast-content-background-meta":{"desktop":{"background-color":"var(--ast-global-color-5)","background-image":"","background-repeat":"repeat","background-position":"center center","background-size":"auto","background-attachment":"scroll","background-type":"","background-media":"","overlay-type":"","overlay-color":"","overlay-opacity":"","overlay-gradient":""},"tablet":{"background-color":"var(--ast-global-color-5)","background-image":"","background-repeat":"repeat","background-position":"center center","background-size":"auto","background-attachment":"scroll","background-type":"","background-media":"","overlay-type":"","overlay-color":"","overlay-opacity":"","overlay-gradient":""},"mobile":{"background-color":"var(--ast-global-color-5)","background-image":"","background-repeat":"repeat","background-position":"center center","background-size":"auto","background-attachment":"scroll","background-type":"","background-media":"","overlay-type":"","overlay-color":"","overlay-opacity":"","overlay-gradient":""}},"footnotes":""},"class_list":["post-72779","page","type-page","status-publish","hentry"],"_links":{"self":[{"href":"https:\/\/www.oslobwhalesharks.com\/sv\/wp-json\/wp\/v2\/pages\/72779","targetHints":{"allow":["GET"]}}],"collection":[{"href":"https:\/\/www.oslobwhalesharks.com\/sv\/wp-json\/wp\/v2\/pages"}],"about":[{"href":"https:\/\/www.oslobwhalesharks.com\/sv\/wp-json\/wp\/v2\/types\/page"}],"author":[{"embeddable":true,"href":"https:\/\/www.oslobwhalesharks.com\/sv\/wp-json\/wp\/v2\/users\/2"}],"replies":[{"embeddable":true,"href":"https:\/\/www.oslobwhalesharks.com\/sv\/wp-json\/wp\/v2\/comments?post=72779"}],"version-history":[{"count":0,"href":"https:\/\/www.oslobwhalesharks.com\/sv\/wp-json\/wp\/v2\/pages\/72779\/revisions"}],"wp:attachment":[{"href":"https:\/\/www.oslobwhalesharks.com\/sv\/wp-json\/wp\/v2\/media?parent=72779"}],"curies":[{"name":"wp","href":"https:\/\/api.w.org\/{rel}","templated":true}]}}