{"id":250530,"date":"2024-11-27T15:51:12","date_gmt":"2024-11-27T07:51:12","guid":{"rendered":"https:\/\/www.oslobwhalesharks.com\/product\/observacao-de-tubaroes-baleia-canionismo-sardines-run-day-tour-com-embarque-e-desembarque-na-cidade-de-talisay\/"},"modified":"2025-03-26T17:37:13","modified_gmt":"2025-03-26T09:37:13","slug":"observacao-de-tubaroes-baleia-canionismo-sardines-run-day-tour-com-embarque-e-desembarque-na-cidade-de-talisay","status":"publish","type":"product","link":"https:\/\/www.oslobwhalesharks.com\/pt-br\/observacao-de-tubaroes-baleia-canionismo-sardines-run-day-tour-com-embarque-e-desembarque-na-cidade-de-talisay\/","title":{"rendered":"Observa\u00e7\u00e3o de tubar\u00f5es-baleia + canionismo + Sardines Run Day Tour com embarque e desembarque na cidade de Talisay"},"content":{"rendered":"","protected":false},"excerpt":{"rendered":"","protected":false},"featured_media":0,"comment_status":"open","ping_status":"closed","template":"","meta":{"site-sidebar-layout":"no-sidebar","site-content-layout":"boxed-container","ast-site-content-layout":"normal-width-container","site-content-style":"boxed","site-sidebar-style":"boxed","ast-global-header-display":"","ast-banner-title-visibility":"","ast-main-header-display":"","ast-hfb-above-header-display":"","ast-hfb-below-header-display":"","ast-hfb-mobile-header-display":"","site-post-title":"","ast-breadcrumbs-content":"","ast-featured-img":"","footer-sml-layout":"","ast-disable-related-posts":"","theme-transparent-header-meta":"enabled","adv-header-id-meta":"","stick-header-meta":"default","header-above-stick-meta":"","header-main-stick-meta":"","header-below-stick-meta":"","astra-migrate-meta-layouts":"default","ast-page-background-enabled":"default","ast-page-background-meta":{"desktop":{"background-color":"","background-image":"","background-repeat":"repeat","background-position":"center center","background-size":"auto","background-attachment":"scroll","background-type":"","background-media":"","overlay-type":"","overlay-color":"","overlay-opacity":"","overlay-gradient":""},"tablet":{"background-color":"","background-image":"","background-repeat":"repeat","background-position":"center center","background-size":"auto","background-attachment":"scroll","background-type":"","background-media":"","overlay-type":"","overlay-color":"","overlay-opacity":"","overlay-gradient":""},"mobile":{"background-color":"","background-image":"","background-repeat":"repeat","background-position":"center center","background-size":"auto","background-attachment":"scroll","background-type":"","background-media":"","overlay-type":"","overlay-color":"","overlay-opacity":"","overlay-gradient":""}},"ast-content-background-meta":{"desktop":{"background-color":"var(--ast-global-color-5)","background-image":"","background-repeat":"repeat","background-position":"center center","background-size":"auto","background-attachment":"scroll","background-type":"","background-media":"","overlay-type":"","overlay-color":"","overlay-opacity":"","overlay-gradient":""},"tablet":{"background-color":"var(--ast-global-color-5)","background-image":"","background-repeat":"repeat","background-position":"center center","background-size":"auto","background-attachment":"scroll","background-type":"","background-media":"","overlay-type":"","overlay-color":"","overlay-opacity":"","overlay-gradient":""},"mobile":{"background-color":"var(--ast-global-color-5)","background-image":"","background-repeat":"repeat","background-position":"center center","background-size":"auto","background-attachment":"scroll","background-type":"","background-media":"","overlay-type":"","overlay-color":"","overlay-opacity":"","overlay-gradient":""}}},"product_brand":[],"product_cat":[405,404,403],"product_tag":[],"class_list":{"0":"post-250530","1":"product","2":"type-product","3":"status-publish","5":"product_cat-com-desconto-pt-br","6":"product_cat-com-pick-up-pt-br","7":"product_cat-geral-pt-br","8":"desktop-align-left","9":"tablet-align-left","10":"mobile-align-left","11":"ast-product-gallery-layout-horizontal-slider","12":"ast-product-gallery-with-no-image","13":"ast-product-tabs-layout-horizontal","15":"first","16":"instock","17":"sold-individually","18":"shipping-taxable","19":"purchasable","20":"product-type-booking"},"booking_location":"","booking_location_type":"","booking_duration":1,"booking_duration_unit":"day","booking_buffer":0,"booking_cost":0,"booking_resources":[],"exclude_global_add_ons":true,"addons":[{"name":"Complementos","type":"checkbox","position":0,"required":false,"title_format":"label","default":"","description_enable":false,"description":null,"placeholder_enable":false,"placeholder":null,"display":"select","restrictions_type":"any_text","adjust_price":false,"price":"","price_type":"flat_fee","restrictions":false,"min":"0","max":"0","options":[{"label":"Aluguel de GoPro o dia inteiro","price":"1000","price_type":"flat_fee","image":0,"visibility":true}],"id":1718279916}],"_links":{"self":[{"href":"https:\/\/www.oslobwhalesharks.com\/pt-br\/wp-json\/wp\/v2\/product\/250530","targetHints":{"allow":["GET"]}}],"collection":[{"href":"https:\/\/www.oslobwhalesharks.com\/pt-br\/wp-json\/wp\/v2\/product"}],"about":[{"href":"https:\/\/www.oslobwhalesharks.com\/pt-br\/wp-json\/wp\/v2\/types\/product"}],"replies":[{"embeddable":true,"href":"https:\/\/www.oslobwhalesharks.com\/pt-br\/wp-json\/wp\/v2\/comments?post=250530"}],"version-history":[{"count":0,"href":"https:\/\/www.oslobwhalesharks.com\/pt-br\/wp-json\/wp\/v2\/product\/250530\/revisions"}],"wp:attachment":[{"href":"https:\/\/www.oslobwhalesharks.com\/pt-br\/wp-json\/wp\/v2\/media?parent=250530"}],"wp:term":[{"taxonomy":"product_brand","embeddable":true,"href":"https:\/\/www.oslobwhalesharks.com\/pt-br\/wp-json\/wp\/v2\/product_brand?post=250530"},{"taxonomy":"product_cat","embeddable":true,"href":"https:\/\/www.oslobwhalesharks.com\/pt-br\/wp-json\/wp\/v2\/product_cat?post=250530"},{"taxonomy":"product_tag","embeddable":true,"href":"https:\/\/www.oslobwhalesharks.com\/pt-br\/wp-json\/wp\/v2\/product_tag?post=250530"}],"curies":[{"name":"wp","href":"https:\/\/api.w.org\/{rel}","templated":true}]}}