{"id":151353,"date":"2023-02-13T10:32:06","date_gmt":"2023-02-13T02:32:06","guid":{"rendered":"https:\/\/www.oslobwhalesharks.com\/product\/mergulho-com-tubaroes-baleia-e-sardinhas-correr-apanhar-e-largar-no-porto-de-sumilon\/"},"modified":"2025-03-25T23:07:38","modified_gmt":"2025-03-25T15:07:38","slug":"scuba-diving-with-whale-sharks-and-sardines-run-pickup-and-drop-off-sumilon-port","status":"publish","type":"product","link":"https:\/\/www.oslobwhalesharks.com\/pt-br\/scuba-diving-with-whale-sharks-and-sardines-run-pickup-and-drop-off-sumilon-port\/","title":{"rendered":"Mergulhar com tubar\u00f5es-baleia e sardinhas. Voc\u00ea ser\u00e1 buscado e deixado no porto de Sumilon."},"content":{"rendered":"","protected":false},"excerpt":{"rendered":"","protected":false},"featured_media":49598,"comment_status":"open","ping_status":"closed","template":"","meta":{"site-sidebar-layout":"no-sidebar","site-content-layout":"boxed-container","ast-site-content-layout":"normal-width-container","site-content-style":"boxed","site-sidebar-style":"boxed","ast-global-header-display":"","ast-banner-title-visibility":"","ast-main-header-display":"","ast-hfb-above-header-display":"","ast-hfb-below-header-display":"","ast-hfb-mobile-header-display":"","site-post-title":"","ast-breadcrumbs-content":"","ast-featured-img":"","footer-sml-layout":"","ast-disable-related-posts":"","theme-transparent-header-meta":"enabled","adv-header-id-meta":"","stick-header-meta":"default","header-above-stick-meta":"","header-main-stick-meta":"","header-below-stick-meta":"","astra-migrate-meta-layouts":"default","ast-page-background-enabled":"default","ast-page-background-meta":{"desktop":{"background-color":"","background-image":"","background-repeat":"repeat","background-position":"center center","background-size":"auto","background-attachment":"scroll","background-type":"","background-media":"","overlay-type":"","overlay-color":"","overlay-opacity":"","overlay-gradient":""},"tablet":{"background-color":"","background-image":"","background-repeat":"repeat","background-position":"center center","background-size":"auto","background-attachment":"scroll","background-type":"","background-media":"","overlay-type":"","overlay-color":"","overlay-opacity":"","overlay-gradient":""},"mobile":{"background-color":"","background-image":"","background-repeat":"repeat","background-position":"center center","background-size":"auto","background-attachment":"scroll","background-type":"","background-media":"","overlay-type":"","overlay-color":"","overlay-opacity":"","overlay-gradient":""}},"ast-content-background-meta":{"desktop":{"background-color":"var(--ast-global-color-5)","background-image":"","background-repeat":"repeat","background-position":"center center","background-size":"auto","background-attachment":"scroll","background-type":"","background-media":"","overlay-type":"","overlay-color":"","overlay-opacity":"","overlay-gradient":""},"tablet":{"background-color":"var(--ast-global-color-5)","background-image":"","background-repeat":"repeat","background-position":"center center","background-size":"auto","background-attachment":"scroll","background-type":"","background-media":"","overlay-type":"","overlay-color":"","overlay-opacity":"","overlay-gradient":""},"mobile":{"background-color":"var(--ast-global-color-5)","background-image":"","background-repeat":"repeat","background-position":"center center","background-size":"auto","background-attachment":"scroll","background-type":"","background-media":"","overlay-type":"","overlay-color":"","overlay-opacity":"","overlay-gradient":""}}},"product_brand":[],"product_cat":[405,404,403],"product_tag":[],"class_list":{"0":"post-151353","1":"product","2":"type-product","3":"status-publish","4":"has-post-thumbnail","6":"product_cat-com-desconto-pt-br","7":"product_cat-com-pick-up-pt-br","8":"product_cat-geral-pt-br","9":"desktop-align-left","10":"tablet-align-left","11":"mobile-align-left","12":"ast-product-gallery-layout-horizontal-slider","13":"ast-product-gallery-with-no-image","14":"ast-product-tabs-layout-horizontal","16":"first","17":"instock","18":"sold-individually","19":"shipping-taxable","20":"purchasable","21":"product-type-booking"},"booking_location":"","booking_location_type":"","booking_duration":1,"booking_duration_unit":"day","booking_buffer":0,"booking_cost":0,"booking_resources":[],"exclude_global_add_ons":[],"addons":[],"_links":{"self":[{"href":"https:\/\/www.oslobwhalesharks.com\/pt-br\/wp-json\/wp\/v2\/product\/151353","targetHints":{"allow":["GET"]}}],"collection":[{"href":"https:\/\/www.oslobwhalesharks.com\/pt-br\/wp-json\/wp\/v2\/product"}],"about":[{"href":"https:\/\/www.oslobwhalesharks.com\/pt-br\/wp-json\/wp\/v2\/types\/product"}],"replies":[{"embeddable":true,"href":"https:\/\/www.oslobwhalesharks.com\/pt-br\/wp-json\/wp\/v2\/comments?post=151353"}],"version-history":[{"count":0,"href":"https:\/\/www.oslobwhalesharks.com\/pt-br\/wp-json\/wp\/v2\/product\/151353\/revisions"}],"wp:featuredmedia":[{"embeddable":true,"href":"https:\/\/www.oslobwhalesharks.com\/pt-br\/wp-json\/wp\/v2\/media\/49598"}],"wp:attachment":[{"href":"https:\/\/www.oslobwhalesharks.com\/pt-br\/wp-json\/wp\/v2\/media?parent=151353"}],"wp:term":[{"taxonomy":"product_brand","embeddable":true,"href":"https:\/\/www.oslobwhalesharks.com\/pt-br\/wp-json\/wp\/v2\/product_brand?post=151353"},{"taxonomy":"product_cat","embeddable":true,"href":"https:\/\/www.oslobwhalesharks.com\/pt-br\/wp-json\/wp\/v2\/product_cat?post=151353"},{"taxonomy":"product_tag","embeddable":true,"href":"https:\/\/www.oslobwhalesharks.com\/pt-br\/wp-json\/wp\/v2\/product_tag?post=151353"}],"curies":[{"name":"wp","href":"https:\/\/api.w.org\/{rel}","templated":true}]}}