{"id":6567,"date":"2018-11-26T12:45:57","date_gmt":"2018-11-26T04:45:57","guid":{"rendered":"https:\/\/ows.islandtrektours.com\/sobre\/"},"modified":"2023-02-02T14:45:34","modified_gmt":"2023-02-02T06:45:34","slug":"sobre","status":"publish","type":"page","link":"https:\/\/www.oslobwhalesharks.com\/pt-br\/sobre\/","title":{"rendered":"Sobre"},"content":{"rendered":"\t\t<div data-elementor-type=\"wp-post\" data-elementor-id=\"6567\" class=\"elementor elementor-6567 elementor-15\" data-elementor-post-type=\"page\">\n\t\t\t\t\t\t<section data-particle_enable=\"false\" data-particle-mobile-disabled=\"false\" class=\"elementor-section elementor-top-section elementor-element elementor-element-688ad38 elementor-section-content-middle elementor-section-boxed elementor-section-height-default elementor-section-height-default\" data-id=\"688ad38\" data-element_type=\"section\" data-e-type=\"section\" data-settings=\"{&quot;background_background&quot;:&quot;classic&quot;}\">\n\t\t\t\t\t\t\t<div class=\"elementor-background-overlay\"><\/div>\n\t\t\t\t\t\t\t<div class=\"elementor-container elementor-column-gap-no\">\n\t\t\t\t\t<div class=\"elementor-column elementor-col-100 elementor-top-column elementor-element elementor-element-148e58a\" data-id=\"148e58a\" data-element_type=\"column\" data-e-type=\"column\">\n\t\t\t<div class=\"elementor-widget-wrap elementor-element-populated\">\n\t\t\t\t\t\t<div class=\"elementor-element elementor-element-d915ffa elementor-widget elementor-widget-heading\" data-id=\"d915ffa\" data-element_type=\"widget\" data-e-type=\"widget\" data-widget_type=\"heading.default\">\n\t\t\t\t<div class=\"elementor-widget-container\">\n\t\t\t\t\t<h1 class=\"elementor-heading-title elementor-size-default\">Sobre<\/h1>\t\t\t\t<\/div>\n\t\t\t\t<\/div>\n\t\t\t\t\t<\/div>\n\t\t<\/div>\n\t\t\t\t\t<\/div>\n\t\t<\/section>\n\t\t\t\t<section data-particle_enable=\"false\" data-particle-mobile-disabled=\"false\" class=\"elementor-section elementor-top-section elementor-element elementor-element-303906c elementor-section-content-top elementor-section-boxed elementor-section-height-default elementor-section-height-default\" data-id=\"303906c\" data-element_type=\"section\" data-e-type=\"section\">\n\t\t\t\t\t\t<div class=\"elementor-container elementor-column-gap-no\">\n\t\t\t\t\t<div class=\"elementor-column elementor-col-100 elementor-top-column elementor-element elementor-element-d067b90\" data-id=\"d067b90\" data-element_type=\"column\" data-e-type=\"column\">\n\t\t\t<div class=\"elementor-widget-wrap elementor-element-populated\">\n\t\t\t\t\t\t<div class=\"elementor-element elementor-element-c3c1f36 elementor-widget elementor-widget-heading\" data-id=\"c3c1f36\" data-element_type=\"widget\" data-e-type=\"widget\" data-widget_type=\"heading.default\">\n\t\t\t\t<div class=\"elementor-widget-container\">\n\t\t\t\t\t<h3 class=\"elementor-heading-title elementor-size-default\">Hist\u00f3ria dos tubar\u00f5es-baleia em Oslob<\/h3>\t\t\t\t<\/div>\n\t\t\t\t<\/div>\n\t\t\t\t<div class=\"elementor-element elementor-element-a2dcc47 elementor-widget elementor-widget-text-editor\" data-id=\"a2dcc47\" data-element_type=\"widget\" data-e-type=\"widget\" data-widget_type=\"text-editor.default\">\n\t\t\t\t<div class=\"elementor-widget-container\">\n\t\t\t\t\t\t\t\t\t<p>Os tubar\u00f5es-baleia (Rhincodon typus) ou localmente conhecidos como &#8220;tuki&#8221;, o maior peixe do mundo, foram listados como esp\u00e9cies amea\u00e7adas pela <a href=\"https:\/\/www.worldwildlife.org\/species\/whale-shark\" target=\"_blank\" rel=\"noopener\">Organiza\u00e7\u00e3o Mundial da Vida Selvagem.<\/a> Estes tubar\u00f5es-baleia t\u00eam mostrado nas \u00e1guas de Oslob desde a d\u00e9cada de 1980. Antes, o pescador em Oslob considerava o tubar\u00e3o-baleia como &#8220;praga&#8221; por destruir suas redes e afastar outros peixes.<\/p>\n<p>Em outubro de 2011, em uma pequena vila de Tan-awan Oslob, Jerson Soriano, come\u00e7ou a alimentar um tubar\u00e3o-baleia com krill ou camar\u00f5es beb\u00eas depois que ele continuamente bateu seu focinho em sua banca enquanto pescava. Nos dias seguintes, mais tubar\u00f5es-baleia variam de 2 a 6 metros chegou \u00e0s margens de Tan-awan ap\u00f3s a alimenta\u00e7\u00e3o. O maior tubar\u00e3o-baleia que mostrou foi chamado de Big Mama, que era grande como \u00f4nibus de 9 metros de comprimento. Logo, o resort de mergulho na \u00e1rea perguntou aos pescadores se eles poderiam gui\u00e1-los at\u00e9 o local de observa\u00e7\u00e3o de baleias. No in\u00edcio, os pescadores cobravam P150 a P200 cada um por seus servi\u00e7os, mas alguns grupos tur\u00edsticos mais tarde os entregaram por uma quantia maior at\u00e9 <a href=\"https:\/\/www.facebook.com\/Tan-awan-Oslob-Sea-Wardens-and-Fishermans-Association-TOSWFA-426392914465975\/\" target=\"_blank\" rel=\"nofollow noopener\">que a TOWSFA<\/a> (organiza\u00e7\u00e3o dos pescadores) fosse organizada.<\/p>\n\t\t\t\t\t\t\t\t<\/div>\n\t\t\t\t<\/div>\n\t\t\t\t\t<\/div>\n\t\t<\/div>\n\t\t\t\t\t<\/div>\n\t\t<\/section>\n\t\t\t\t<section data-particle_enable=\"false\" data-particle-mobile-disabled=\"false\" class=\"elementor-section elementor-top-section elementor-element elementor-element-eddadbc elementor-section-content-top elementor-section-boxed elementor-section-height-default elementor-section-height-default\" data-id=\"eddadbc\" data-element_type=\"section\" data-e-type=\"section\">\n\t\t\t\t\t\t<div class=\"elementor-container elementor-column-gap-no\">\n\t\t\t\t\t<div class=\"elementor-column elementor-col-100 elementor-top-column elementor-element elementor-element-42a9e63\" data-id=\"42a9e63\" data-element_type=\"column\" data-e-type=\"column\">\n\t\t\t<div class=\"elementor-widget-wrap elementor-element-populated\">\n\t\t\t\t\t\t<div class=\"elementor-element elementor-element-ba93a6e elementor-widget elementor-widget-spacer\" data-id=\"ba93a6e\" data-element_type=\"widget\" data-e-type=\"widget\" data-widget_type=\"spacer.default\">\n\t\t\t\t<div class=\"elementor-widget-container\">\n\t\t\t\t\t\t\t<div class=\"elementor-spacer\">\n\t\t\t<div class=\"elementor-spacer-inner\"><\/div>\n\t\t<\/div>\n\t\t\t\t\t\t<\/div>\n\t\t\t\t<\/div>\n\t\t\t\t<div class=\"elementor-element elementor-element-f34a8a1 elementor-widget elementor-widget-html\" data-id=\"f34a8a1\" data-element_type=\"widget\" data-e-type=\"widget\" data-widget_type=\"html.default\">\n\t\t\t\t<div class=\"elementor-widget-container\">\n\t\t\t\t\t<iframe src=\"https:\/\/maps.google.com\/maps\/ms?msa=0&amp;msid=210377165981213696140.0004e72c4f464e9155f44&amp;ie=UTF8&amp;t=m&amp;ll=9.461973,123.378997&amp;spn=0.009525,0.012875&amp;z=16&amp;iwloc=0004e72c4f481fa7c39f8&amp;output=embed\" width=\"400\" height=\"350\" frameborder=\"0\" marginwidth=\"0\" marginheight=\"0\" scrolling=\"no\"><\/iframe>\n\t\t\t\t<\/div>\n\t\t\t\t<\/div>\n\t\t\t\t\t<\/div>\n\t\t<\/div>\n\t\t\t\t\t<\/div>\n\t\t<\/section>\n\t\t\t\t<\/div>\n\t\t","protected":false},"excerpt":{"rendered":"<p>Sobre Hist\u00f3ria dos tubar\u00f5es-baleia em Oslob Os tubar\u00f5es-baleia (Rhincodon typus) ou localmente conhecidos como &#8220;tuki&#8221;, o maior peixe do mundo, foram listados como esp\u00e9cies amea\u00e7adas pela Organiza\u00e7\u00e3o Mundial da Vida Selvagem. Estes tubar\u00f5es-baleia t\u00eam mostrado nas \u00e1guas de Oslob desde a d\u00e9cada de 1980. Antes, o pescador em Oslob considerava o tubar\u00e3o-baleia como &#8220;praga&#8221; por [&hellip;]<\/p>\n","protected":false},"author":1,"featured_media":0,"parent":0,"menu_order":0,"comment_status":"closed","ping_status":"closed","template":"","meta":{"site-sidebar-layout":"no-sidebar","site-content-layout":"page-builder","ast-site-content-layout":"full-width-container","site-content-style":"unboxed","site-sidebar-style":"unboxed","ast-global-header-display":"","ast-banner-title-visibility":"","ast-main-header-display":"","ast-hfb-above-header-display":"","ast-hfb-below-header-display":"","ast-hfb-mobile-header-display":"","site-post-title":"disabled","ast-breadcrumbs-content":"","ast-featured-img":"disabled","footer-sml-layout":"","ast-disable-related-posts":"","theme-transparent-header-meta":"default","adv-header-id-meta":"","stick-header-meta":"default","header-above-stick-meta":"","header-main-stick-meta":"","header-below-stick-meta":"","astra-migrate-meta-layouts":"default","ast-page-background-enabled":"default","ast-page-background-meta":{"desktop":{"background-color":"","background-image":"","background-repeat":"repeat","background-position":"center center","background-size":"auto","background-attachment":"scroll","background-type":"","background-media":"","overlay-type":"","overlay-color":"","overlay-opacity":"","overlay-gradient":""},"tablet":{"background-color":"","background-image":"","background-repeat":"repeat","background-position":"center center","background-size":"auto","background-attachment":"scroll","background-type":"","background-media":"","overlay-type":"","overlay-color":"","overlay-opacity":"","overlay-gradient":""},"mobile":{"background-color":"","background-image":"","background-repeat":"repeat","background-position":"center center","background-size":"auto","background-attachment":"scroll","background-type":"","background-media":"","overlay-type":"","overlay-color":"","overlay-opacity":"","overlay-gradient":""}},"ast-content-background-meta":{"desktop":{"background-color":"var(--ast-global-color-5)","background-image":"","background-repeat":"repeat","background-position":"center center","background-size":"auto","background-attachment":"scroll","background-type":"","background-media":"","overlay-type":"","overlay-color":"","overlay-opacity":"","overlay-gradient":""},"tablet":{"background-color":"var(--ast-global-color-5)","background-image":"","background-repeat":"repeat","background-position":"center center","background-size":"auto","background-attachment":"scroll","background-type":"","background-media":"","overlay-type":"","overlay-color":"","overlay-opacity":"","overlay-gradient":""},"mobile":{"background-color":"var(--ast-global-color-5)","background-image":"","background-repeat":"repeat","background-position":"center center","background-size":"auto","background-attachment":"scroll","background-type":"","background-media":"","overlay-type":"","overlay-color":"","overlay-opacity":"","overlay-gradient":""}},"footnotes":""},"class_list":["post-6567","page","type-page","status-publish","hentry"],"_links":{"self":[{"href":"https:\/\/www.oslobwhalesharks.com\/pt-br\/wp-json\/wp\/v2\/pages\/6567","targetHints":{"allow":["GET"]}}],"collection":[{"href":"https:\/\/www.oslobwhalesharks.com\/pt-br\/wp-json\/wp\/v2\/pages"}],"about":[{"href":"https:\/\/www.oslobwhalesharks.com\/pt-br\/wp-json\/wp\/v2\/types\/page"}],"author":[{"embeddable":true,"href":"https:\/\/www.oslobwhalesharks.com\/pt-br\/wp-json\/wp\/v2\/users\/1"}],"replies":[{"embeddable":true,"href":"https:\/\/www.oslobwhalesharks.com\/pt-br\/wp-json\/wp\/v2\/comments?post=6567"}],"version-history":[{"count":0,"href":"https:\/\/www.oslobwhalesharks.com\/pt-br\/wp-json\/wp\/v2\/pages\/6567\/revisions"}],"wp:attachment":[{"href":"https:\/\/www.oslobwhalesharks.com\/pt-br\/wp-json\/wp\/v2\/media?parent=6567"}],"curies":[{"name":"wp","href":"https:\/\/api.w.org\/{rel}","templated":true}]}}