{"id":12340,"date":"2020-05-28T12:14:39","date_gmt":"2020-05-28T04:14:39","guid":{"rendered":"https:\/\/ows.islandtrektours.com\/termos-e-condicoes\/"},"modified":"2023-02-02T13:23:20","modified_gmt":"2023-02-02T05:23:20","slug":"termos-e-condicoes","status":"publish","type":"page","link":"https:\/\/www.oslobwhalesharks.com\/pt-br\/termos-e-condicoes\/","title":{"rendered":"Termos e Condi\u00e7\u00f5es"},"content":{"rendered":"\t\t<div data-elementor-type=\"wp-post\" data-elementor-id=\"12340\" class=\"elementor elementor-12340 elementor-6234\" data-elementor-post-type=\"page\">\n\t\t\t\t\t\t<section data-particle_enable=\"false\" data-particle-mobile-disabled=\"false\" class=\"elementor-section elementor-top-section elementor-element elementor-element-688ad38 elementor-section-content-middle elementor-section-height-min-height elementor-section-boxed elementor-section-height-default elementor-section-items-middle\" data-id=\"688ad38\" data-element_type=\"section\" data-e-type=\"section\" data-settings=\"{&quot;background_background&quot;:&quot;classic&quot;}\">\n\t\t\t\t\t\t\t<div class=\"elementor-background-overlay\"><\/div>\n\t\t\t\t\t\t\t<div class=\"elementor-container elementor-column-gap-no\">\n\t\t\t\t\t<div class=\"elementor-column elementor-col-100 elementor-top-column elementor-element elementor-element-148e58a\" data-id=\"148e58a\" data-element_type=\"column\" data-e-type=\"column\">\n\t\t\t<div class=\"elementor-widget-wrap elementor-element-populated\">\n\t\t\t\t\t\t<div class=\"elementor-element elementor-element-d915ffa elementor-widget elementor-widget-heading\" data-id=\"d915ffa\" data-element_type=\"widget\" data-e-type=\"widget\" data-widget_type=\"heading.default\">\n\t\t\t\t<div class=\"elementor-widget-container\">\n\t\t\t\t\t<h1 class=\"elementor-heading-title elementor-size-default\">Termos e Condi\u00e7\u00f5es<\/h1>\t\t\t\t<\/div>\n\t\t\t\t<\/div>\n\t\t\t\t\t<\/div>\n\t\t<\/div>\n\t\t\t\t\t<\/div>\n\t\t<\/section>\n\t\t\t\t<section data-particle_enable=\"false\" data-particle-mobile-disabled=\"false\" class=\"elementor-section elementor-top-section elementor-element elementor-element-303906c elementor-section-content-top elementor-section-boxed elementor-section-height-default elementor-section-height-default\" data-id=\"303906c\" data-element_type=\"section\" data-e-type=\"section\" data-settings=\"{&quot;background_background&quot;:&quot;classic&quot;}\">\n\t\t\t\t\t\t<div class=\"elementor-container elementor-column-gap-no\">\n\t\t\t\t\t<div class=\"elementor-column elementor-col-100 elementor-top-column elementor-element elementor-element-d067b90\" data-id=\"d067b90\" data-element_type=\"column\" data-e-type=\"column\" data-settings=\"{&quot;background_background&quot;:&quot;classic&quot;}\">\n\t\t\t<div class=\"elementor-widget-wrap elementor-element-populated\">\n\t\t\t\t\t\t<div class=\"elementor-element elementor-element-582a61d elementor-widget elementor-widget-text-editor\" data-id=\"582a61d\" data-element_type=\"widget\" data-e-type=\"widget\" data-widget_type=\"text-editor.default\">\n\t\t\t\t<div class=\"elementor-widget-container\">\n\t\t\t\t\t\t\t\t\t<p>Leia e entenda os seguintes termos e condi\u00e7\u00f5es:<\/p>\n<p>Os seguintes termos e condi\u00e7\u00f5es aplicam-se a todas as viagens organizadas por Island Trek Tours, operador e propriet\u00e1rio do website com URL: <a href=\"https:\/\/oslobwhalesharks.com\">oslobwhalesharks.com<\/a> (doravante referido como &#8220;Island Trek&#8221;) Para este efeito, o termo &#8220;Viagem&#8221; inclui qualquer combina\u00e7\u00e3o de voos internacionais ou dom\u00e9sticos do seu ponto de origem at\u00e9 ao seu destino final e inclui todos os hot\u00e9is, resorts, alojamentos, excurs\u00f5es, excurs\u00f5es, transfers, alugueres, etc., que tenham sido organizados em seu nome por Island Trek.<\/p>\n<p>Se a sua reserva incluir Voos ou Alojamentos ou outros servi\u00e7os, fornecidos por outra pessoa que n\u00e3o a Island Trek Tours ou seus agentes nomeados, quer a Island Trek Tours tenha ou n\u00e3o actuado como agente, ent\u00e3o o seu contrato estar\u00e1 sujeito \u00e0s condi\u00e7\u00f5es delineadas nas pol\u00edticas aplic\u00e1veis das Filipinas Travel and Tour Operator, ou no caso de uma companhia a\u00e9rea, \u00e0s condi\u00e7\u00f5es de reserva aplic\u00e1veis da companhia a\u00e9rea. Essas condi\u00e7\u00f5es n\u00e3o afetam seus direitos estatut\u00e1rios.<\/p>\n<p>Quaisquer arranjos que voc\u00ea fa\u00e7a durante suas f\u00e9rias e que n\u00e3o sejam feitos atrav\u00e9s de Island Trek Tours s\u00e3o aqueles pelos quais n\u00e3o temos responsabilidade ou responsabilidade.<\/p>\n<p><b>Fazendo uma reserva<\/b><\/p>\n<p>Quando voc\u00ea faz uma reserva conosco voc\u00ea se compromete a aceitar e aceitar essas condi\u00e7\u00f5es de reserva em nome de voc\u00ea e do seu partido. Um contrato existir\u00e1 ap\u00f3s aceitarmos qualquer dinheiro de voc\u00ea para a reserva ou sobre a quest\u00e3o de nossa confirma\u00e7\u00e3o ou itiner\u00e1rio, seja qual for o anterior. Estas condi\u00e7\u00f5es est\u00e3o em conjun\u00e7\u00e3o com a informa\u00e7\u00e3o apresentada na nossa informa\u00e7\u00e3o publicada de todo o acordo entre si e os Island Trek Tours. Quando voc\u00ea faz uma reserva com a Island Trek Tours e n\u00f3s aceitamos, o custo total do pacote se torna devido e pago imediatamente, a menos que tenhamos concordado por escrito que voc\u00ea deve pagar um dep\u00f3sito inicial. De qualquer forma, o valor total do seu pacote das Filipinas deve ser creditado ao Island Trek Tours, um m\u00ednimo de 3 dias antes da sua partida programada. (Alguns servi\u00e7os exigem pagamento integral para confirmar a reserva, geralmente promo\u00e7\u00f5es para &#8220;book &amp; buy&#8221;).<\/p>\n<p><b>Nossas Taxas<\/b><\/p>\n<p>Todas as tarifas s\u00e3o fixadas no momento da reserva e geralmente n\u00e3o ser\u00e3o sujeitas a quaisquer sobretaxas. A \u00fanica excep\u00e7\u00e3o ser\u00e1 um aumento dos nossos custos resultantes de qualquer ac\u00e7\u00e3o governamental incluindo, mas n\u00e3o se limitando a, novos ou aumentos de impostos como o IVA (Imposto sobre o Valor Acrescentado). Reservamo-nos o direito de alterar os nossos pre\u00e7os no website em qualquer altura antes de completar uma reserva paga, incluindo quaisquer tarifas especiais que possamos oferecer de tempos a tempos, que podem n\u00e3o ser as mesmas que as publicadas neste website.<\/p>\n<p>Reservamo-nos o direito de alterar nossos pre\u00e7os a qualquer momento antes de reservar, incluindo quaisquer tarifas especiais que possamos oferecer de tempos em tempos, o que pode n\u00e3o ser o mesmo que os publicados neste site. Observe que TODAS AS TAXAS s\u00e3o determinadas com base no tempo real da viagem e N\u00c3O na data de reserva. Em alguns casos, as taxas postadas podem expirar ou se tornar inv\u00e1lidas ap\u00f3s a data da reserva e antes da data real da viagem. Neste caso, vamos confirmar e cobrar a nova tarifa que estar\u00e1 em vigor no momento da viagem. (consulte VALID FROM DATES below room rates, para confirmar a validade)<\/p>\n<p><b>Pagamentos Aceitos<\/b><\/p>\n<p>Island Trek Tours aceita pagamentos thru:<\/p>\n<ol>\n<li><strong>Balc\u00e3o ou banco online atrav\u00e9s do BPI, BDO, ou Metrobank<\/strong><\/li>\n<li><strong>GCash ou Maya Via Paymongo<\/strong><\/li>\n<li><strong>Cart\u00e3o de d\u00e9bito\/cr\u00e9dito via Paymongo <\/strong>(com 5% de taxa de servi\u00e7o)<\/li>\n<li><strong>Pagamentos com cart\u00e3o de d\u00e9bito\/cr\u00e9dito atrav\u00e9s de pagamentos por XOOM ou Moneygram<\/strong><\/li>\n<li><strong>Pagamentos com cart\u00e3o de d\u00e9bito \/ cr\u00e9dito atrav\u00e9s de PayPal.&nbsp; N\u00e3o<\/strong>\u00e9 necess\u00e1ria conta Paypal, basta escolher Pagar atrav\u00e9s de Cart\u00e3o de Cr\u00e9dito \/ D\u00e9bito. A utiliza\u00e7\u00e3o deste m\u00e9todo est\u00e1 sujeita a uma taxa adicional de 5% do seu montante total devido. Adicione essa taxa adicional quando pagar usando o sistema PayPal.<\/li>\n<li><strong>Western Union, TransferWise, e outras transfer\u00eancias de pagamentos internacionais<\/strong><\/li>\n<li><strong>Confira os pagamentos.<\/strong> Os cheques podem ser aceites como pagamento para os viajantes locais. Os pagamentos efectuados por cheque n\u00e3o s\u00e3o considerados &#8220;pagos&#8221; at\u00e9 serem totalmente compensados pelo nosso banco e liberados para pagamento.<\/li>\n<\/ol>\n<p><b>Recebimento de Pagamento<\/b><\/p>\n<p>Ap\u00f3s o recebimento do pagamento, voc\u00ea receber\u00e1 o seguinte:<\/p>\n<ul>\n<li>E-mail de confirma\u00e7\u00e3o<\/li><li>Vale de viagem \/ Itiner\u00e1rio de viagem<\/li>\n<li>Passagens a\u00e9reas E (se necess\u00e1rio)<\/li>\n<\/ul>\n<p><b>Mudan\u00e7as por Voc\u00ea<\/b><\/p>\n<p>Se desejar alterar a sua reserva de qualquer forma ap\u00f3s termos recebido o seu pagamento, e se pudermos aceitar a altera\u00e7\u00e3o, reservamo-nos o direito de cobrar 500 php por pessoa, por altera\u00e7\u00e3o, desde que as suas instru\u00e7\u00f5es sejam fornecidas por escrito, e sejam recebidas e reconhecidas por n\u00f3s pelo menos trinta (30) dias antes da sua partida programada. Posteriormente, exceto conforme previsto na lei aplic\u00e1vel, ser\u00e3o aplicadas as taxas de cancelamento conforme especificado na Condi\u00e7\u00e3o 7 abaixo.<\/p>\n<p><b>Se voc\u00ea cancelar sua reserva<\/b><\/p>\n<p>Voc\u00ea ou qualquer membro do seu partido pode cancelar toda ou parte de sua viagem a qualquer momento, provado que o cancelamento \u00e9 feito por escrito para n\u00f3s pela pessoa que fez a reserva original. Receber\u00e1 um reembolso do montante pago (excluindo as taxas de transac\u00e7\u00e3o de gateway de pagamento) menos as taxas de cancelamento especificadas abaixo.<\/p>\n<ol>\n<li><strong><span class=\"strong\">Evento, Atra\u00e7\u00e3o, Teatro, Show ou Cupom Ingresso<\/span><\/strong><br>Estes n\u00e3o s\u00e3o reembols\u00e1veis em todas as circunst\u00e2ncias.<\/li>\n<li><strong><span class=\"strong\">Vale presente<\/span><\/strong><br>Estes n\u00e3o s\u00e3o reembols\u00e1veis em todas as circunst\u00e2ncias.<\/li>\n<li><strong><span class=\"strong\">Hotel<\/span><\/strong><br>A taxa de cancelamento por reserva \u00e9 baseada em cada hotel individual; cada hotel oferece pol\u00edticas diferentes sobre cancelamentos. Por favor, pe\u00e7a ao seu agente uma c\u00f3pia da pol\u00edtica de cancelamento do seu hotel, companhia a\u00e9rea ou pacote antes de colocar sua reserva.<\/li>\n<li><strong><span class=\"strong\">Outros Produtos e Servi\u00e7os Tur\u00edsticos<\/span><\/strong><br>Se cancelar&nbsp;com <strong>pelo menos 7 dias de calend\u00e1rio<\/strong>&nbsp;de anteced\u00eancia, n\u00e3o h\u00e1 taxa de cancelamento.<br>Se cancelar&nbsp;<strong>entre 3 e 6 dias de calend\u00e1rio<\/strong>&nbsp;com anteced\u00eancia, ser-lhe-\u00e1 cobrada uma taxa de cancelamento de 50%.<br>Se cancelar&nbsp;<strong>no prazo de 2 dias de calend\u00e1rio<\/strong>&nbsp;com anteced\u00eancia, ser-lhe-\u00e1 cobrada uma taxa de cancelamento de 100%.<\/li>\n<\/ol>\n<p>Nenhum reembolso est\u00e1 dispon\u00edvel uma vez que um passeio ou servi\u00e7o tenha come\u00e7ado, ou em rela\u00e7\u00e3o a qualquer pacote, acomoda\u00e7\u00e3o, refei\u00e7\u00f5es ou quaisquer outros servi\u00e7os utilizados.<\/p>\n<p><strong>Nota especial:<\/strong><\/p>\n<p>Se o seu Pacote de Viagem Filipino incluir bilhetes de avi\u00e3o \/ ferry internacional ou dom\u00e9stico e Island Trek&nbsp;actua como agente da companhia a\u00e9rea ou consolidador de voos, ent\u00e3o ser\u00e3o aplicadas taxas de cancelamento ou emenda da companhia a\u00e9rea ou consolidadores de voos mais quaisquer taxas incidentais.<\/p>\n<p><b>Se alterarmos a sua reserva<\/b><\/p>\n<p>\u00c9 pouco prov\u00e1vel que tenhamos de alterar a sua reserva. No entanto, ocasionalmente, mudan\u00e7as podem se tornar necess\u00e1rias que nos reservamos o direito de fazer a qualquer momento. A maioria dessas altera\u00e7\u00f5es s\u00e3o menores e vamos aconselh\u00e1-lo o mais r\u00e1pido poss\u00edvel. Os hor\u00e1rios de voo e as companhias a\u00e9reas estabelecidos em material publicit\u00e1rio est\u00e3o sujeitos a altera\u00e7\u00f5es, e todos os detalhes dados a voc\u00ea s\u00e3o apenas para orienta\u00e7\u00e3o.<\/p>\n<p>As datas confirmadas ser\u00e3o mostradas em seu itiner\u00e1rio e passagens a\u00e9reas. Se uma mudan\u00e7a material se tornar necess\u00e1ria, informaremos o mais r\u00e1pido poss\u00edvel por e-mail ou mensagem de texto. Voc\u00ea pode decidir se aceita ou n\u00e3o a mudan\u00e7a, no entanto, voc\u00ea deve aceitar ou rejeitar a mudan\u00e7a proposta por escrito por e-mail dentro de 72 horas ap\u00f3s a notifica\u00e7\u00e3o, caso contr\u00e1rio, assumiremos que voc\u00ea aceitou a mudan\u00e7a proposta.<\/p>\n<p>Uma altera\u00e7\u00e3o material \u00e9 uma altera\u00e7\u00e3o feita aos seus preparativos de viagem antes da partida, envolvendo uma mudan\u00e7a de aeroporto de partida ou de chegada (que n\u00e3o entre aeroportos dentro do mesmo sistema de aeroportos da cidade), sendo os voos de ida ou de volta remarcados por mais de 12 horas, ou pela substitui\u00e7\u00e3o do hotel ou alojamento originalmente reservado por um de uma classe inferior. Se alterarmos a companhia a\u00e9rea, tipo aeronave que opera seu voo ou roteamento, isso n\u00e3o \u00e9 considerado uma mudan\u00e7a material e n\u00e3o seremos obrigados a notific\u00e1-lo de tal mudan\u00e7a com anteced\u00eancia.<\/p>\n<p><b>AVISO IMPORTANTE:<\/b>  N\u00e3o somos respons\u00e1veis por altera\u00e7\u00f5es que resultem de eventos fora do nosso controlo, tais como problemas t\u00e9cnicos ou de manuten\u00e7\u00e3o com o transporte, altera\u00e7\u00f5es impostas por reescalonamento ou cancelamento de voos por uma companhia a\u00e9rea, ou principal companhia charter, guerra ou amea\u00e7a de guerra, conflitos civis, disputas industriais, desastres naturais, mau tempo ou actividade terrorista.<\/p>\n<p><b>Se cancelarmos a sua reserva<\/b><\/p>\n<p>Reservamo-nos o direito em qualquer circunst\u00e2ncia de cancelar sua reserva. No entanto, em nenhum caso cancelaremos sua reserva menos de 30 dias antes da partida, a menos que seja por raz\u00f5es fora do nosso controle ou por n\u00e3o recebimento de pagamento por voc\u00ea. Se cancelarmos a reserva (exceto por atraso ou n\u00e3o) ofereceremos um reembolso total de todas as verbas pagas em rela\u00e7\u00e3o \u00e0 reserva.<\/p>\n<p><b>Nossa Responsabilidade<\/b><\/p>\n<p>Nossas obriga\u00e7\u00f5es e as de nossos fornecedores que fornecem qualquer servi\u00e7o ou facilidade envolvida em qualquer parte de sua viagem s\u00e3o tomar habilidade e cuidado razo\u00e1veis para providenciar a presta\u00e7\u00e3o de tais servi\u00e7os e instala\u00e7\u00f5es e, onde n\u00f3s ou nosso fornecedor estamos realmente fornecendo o servi\u00e7o ou instala\u00e7\u00e3o, para fornecer-lhes habilidade e cuidado razo\u00e1veis. O cumprimento de quaisquer requisitos regulat\u00f3rios aplic\u00e1veis (como, por exemplo, os da Autoridade de Avia\u00e7\u00e3o Civil) ser\u00e1 o bom desempenho de nossas obriga\u00e7\u00f5es e de nossos fornecedores. Voc\u00ea deve mostrar que habilidade razo\u00e1vel e cuidado n\u00e3o foi usado, se voc\u00ea deseja fazer qualquer reclama\u00e7\u00e3o contra n\u00f3s.<\/p>\n<p><b>Documenta\u00e7\u00e3o<\/b><\/p>\n<p>Onde os documentos de viagem e sa\u00fade s\u00e3o necess\u00e1rios para cumprir os requisitos das Ilhas Filipinas que voc\u00ea pode desejar visitar, ent\u00e3o \u00e9 sua responsabilidade adquiri-los. Se a n\u00e3o obten\u00e7\u00e3o de tais documentos resulta em multas, sobretaxas ou qualquer outra penalidade financeira que est\u00e1 sendo imposta a n\u00f3s, ent\u00e3o voc\u00ea concorda em nos reembolsar em conformidade. Voc\u00ea deve verificar consultando seu pr\u00f3prio m\u00e9dico, se necess\u00e1rio as precau\u00e7\u00f5es espec\u00edficas consideradas prudentes para o pa\u00eds ou destino que voc\u00ea pretende visitar e para garantir que a medica\u00e7\u00e3o adequada, inocula\u00e7\u00f5es ou outras precau\u00e7\u00f5es sejam tomadas.<\/p>\n<p><b>Condi\u00e7\u00f5es de transporte e acomoda\u00e7\u00f5es<\/b><\/p>\n<p>N\u00e3o somos nem um portador nem um provedor de acomoda\u00e7\u00f5es de hot\u00e9is. Cada viagem (empreendida ou n\u00e3o) que voc\u00ea reserva por terra, mar ou ar \u00e9 regida pelas condi\u00e7\u00f5es do transporte que se compromete a fornecer esse transporte. Algumas dessas condi\u00e7\u00f5es limitam ou excluem a responsabilidade e muitas vezes s\u00e3o objeto de acordos internacionais. C\u00f3pias dos contratos aplic\u00e1veis est\u00e3o dispon\u00edveis para inspe\u00e7\u00e3o nos escrit\u00f3rios da transportadora em quest\u00e3o.<\/p>\n<p>\u00c9 sua responsabilidade re-confirmar os setores de a\u00e7\u00e3o ou retorno de qualquer viagem a\u00e9rea com a transportadora em causa ou os agentes devidamente autorizados de tal transportadora e de acordo com as normas de tal transportadora. Quando voc\u00ea reserva acomoda\u00e7\u00f5es (fornecidas ou n\u00e3o) sua disponibilidade ou provis\u00e3o est\u00e1 sujeita \u00e0s &#8220;regras da casa&#8221; do hotel ou outras acomoda\u00e7\u00f5es que fornecem ou se comprometem a fornecer tais acomoda\u00e7\u00f5es.<\/p>\n<p><b>Rescis\u00e3o de sua reserva<\/b><\/p>\n<p>Reservamo-nos o direito em nossa absoluta discri\u00e7\u00e3o de encerrar sua viagem sem aviso pr\u00e9vio caso seu comportamento seja tal que seja prov\u00e1vel em nossa opini\u00e3o, causar ang\u00fastia, dano, aborrecimento ou perigo para qualquer outra pessoa. Nessas circunst\u00e2ncias, nenhuma restitui\u00e7\u00e3o ou compensa\u00e7\u00e3o ser\u00e1 devida a voc\u00ea.<\/p>\n<p><b>Servi\u00e7os n\u00e3ousados<\/b><br>Nenhum reembolso ser\u00e1 devido a voc\u00ea em rela\u00e7\u00e3o \u00e0 n\u00e3o utiliza\u00e7\u00e3o de qualquer parte dos arranjos de viagem feitos para voc\u00ea, pela Island Trek Tours.<\/p>\n<p><b>Seguro viagem<\/b><\/p>\n<p>\u00c9 uma condi\u00e7\u00e3o do acordo entre n\u00f3s que voc\u00ea tire f\u00e9rias adequadas e seguro de viagem contra taxas de cancelamento, redu\u00e7\u00e3o inesperada de suas f\u00e9rias, despesas m\u00e9dicas decorrentes do exterior, incluindo repatria\u00e7\u00e3o, perda ou danos a bagagens e reclama\u00e7\u00f5es de responsabilidade pessoal contra voc\u00ea.<\/p>\n<p>Se voc\u00ea n\u00e3o conseguir garantir tal cobertura de seguro de viagem antes de sua Viagem \u00e0s Filipinas, ent\u00e3o voc\u00ea aceita total responsabilidade por si mesmo e todos os membros do seu partido, e indenizar Island Trek Tours e nossos agentes de viagens e representantes no exterior (como aplic\u00e1vel) para todo e qualquer custo que possa surgir, o que de outra forma teria sido cumprido, se tal seguro de viagem estivesse em vigor.<\/p>\n<p><b>Queixas<\/b><\/p>\n<p>Fazemos o nosso MELHOR para garantir que seus arranjos de viagem v\u00e3o de acordo com o plano. No entanto, se voc\u00ea tiver uma reclama\u00e7\u00e3o decorrente do que concordamos em fornecer para voc\u00ea, por favor, avise-nos o mais r\u00e1pido poss\u00edvel. Se necess\u00e1rio, ligue para nossa linha de emerg\u00eancia em +63-925-897-8687, de onde quer que voc\u00ea esteja. Se houver um problema durante sua viagem, entre em contato conosco imediatamente, para que possamos ajud\u00e1-lo.<\/p>\n<p>Para apresentar uma queixa online, envie a sua queixa para info@islandtrektours.com&nbsp;e digite a queixa na linha de assunto.<\/p>\n<p><b>Nota:<\/b>&nbsp;Se n\u00e3o seguir o nosso procedimento de reclama\u00e7\u00e3o, N\u00c3O podemos aceitar a responsabilidade pela sua reclama\u00e7\u00e3o, pois ter\u00edamos sido privados da oportunidade de investigar o assunto em seu nome e, sempre que poss\u00edvel, ajud\u00e1-lo a resolver o problema.<\/p>\n<p><b>Lei aplic\u00e1vel<\/b><\/p>\n<p>Qualquer contrato ou disputa entre n\u00f3s e essas condi\u00e7\u00f5es tur\u00edsticas deve ser regida e interpretada de acordo com a lei das Filipinas. Ambas as partes concordam em submeter-se \u00e0 jurisdi\u00e7\u00e3o exclusiva dos Tribunais de&nbsp;Cebu&nbsp;City, Filipinas.<\/p>\n<p><b>Data de Vig\u00eancia<\/b><\/p>\n<p>A data de vig\u00eancia desta pol\u00edtica \u00e9 1\u00ba de julho de 2015 e substitui todas as pol\u00edticas de privacidade anteriores emitidas pela Island Trek Tours. Reservamo-nos o direito de mudar nossa pol\u00edtica a qualquer momento.<\/p>\t\t\t\t\t\t\t\t<\/div>\n\t\t\t\t<\/div>\n\t\t\t\t\t<\/div>\n\t\t<\/div>\n\t\t\t\t\t<\/div>\n\t\t<\/section>\n\t\t\t\t<\/div>\n\t\t","protected":false},"excerpt":{"rendered":"<p>Termos e Condi\u00e7\u00f5es Leia e entenda os seguintes termos e condi\u00e7\u00f5es: Os seguintes termos e condi\u00e7\u00f5es aplicam-se a todas as viagens organizadas por Island Trek Tours, operador e propriet\u00e1rio do website com URL: www.oslobwhalesharks.com (doravante referido como &#8220;Island Trek&#8221;) Para este efeito, o termo &#8220;Viagem&#8221; inclui qualquer combina\u00e7\u00e3o de voos internacionais ou dom\u00e9sticos do seu [&hellip;]<\/p>\n","protected":false},"author":2,"featured_media":0,"parent":0,"menu_order":0,"comment_status":"closed","ping_status":"closed","template":"","meta":{"site-sidebar-layout":"no-sidebar","site-content-layout":"page-builder","ast-site-content-layout":"full-width-container","site-content-style":"unboxed","site-sidebar-style":"unboxed","ast-global-header-display":"","ast-banner-title-visibility":"","ast-main-header-display":"","ast-hfb-above-header-display":"","ast-hfb-below-header-display":"","ast-hfb-mobile-header-display":"","site-post-title":"disabled","ast-breadcrumbs-content":"","ast-featured-img":"disabled","footer-sml-layout":"","ast-disable-related-posts":"","theme-transparent-header-meta":"default","adv-header-id-meta":"","stick-header-meta":"default","header-above-stick-meta":"","header-main-stick-meta":"","header-below-stick-meta":"","astra-migrate-meta-layouts":"default","ast-page-background-enabled":"default","ast-page-background-meta":{"desktop":{"background-color":"","background-image":"","background-repeat":"repeat","background-position":"center center","background-size":"auto","background-attachment":"scroll","background-type":"","background-media":"","overlay-type":"","overlay-color":"","overlay-opacity":"","overlay-gradient":""},"tablet":{"background-color":"","background-image":"","background-repeat":"repeat","background-position":"center center","background-size":"auto","background-attachment":"scroll","background-type":"","background-media":"","overlay-type":"","overlay-color":"","overlay-opacity":"","overlay-gradient":""},"mobile":{"background-color":"","background-image":"","background-repeat":"repeat","background-position":"center center","background-size":"auto","background-attachment":"scroll","background-type":"","background-media":"","overlay-type":"","overlay-color":"","overlay-opacity":"","overlay-gradient":""}},"ast-content-background-meta":{"desktop":{"background-color":"var(--ast-global-color-5)","background-image":"","background-repeat":"repeat","background-position":"center center","background-size":"auto","background-attachment":"scroll","background-type":"","background-media":"","overlay-type":"","overlay-color":"","overlay-opacity":"","overlay-gradient":""},"tablet":{"background-color":"var(--ast-global-color-5)","background-image":"","background-repeat":"repeat","background-position":"center center","background-size":"auto","background-attachment":"scroll","background-type":"","background-media":"","overlay-type":"","overlay-color":"","overlay-opacity":"","overlay-gradient":""},"mobile":{"background-color":"var(--ast-global-color-5)","background-image":"","background-repeat":"repeat","background-position":"center center","background-size":"auto","background-attachment":"scroll","background-type":"","background-media":"","overlay-type":"","overlay-color":"","overlay-opacity":"","overlay-gradient":""}},"footnotes":""},"class_list":["post-12340","page","type-page","status-publish","hentry"],"_links":{"self":[{"href":"https:\/\/www.oslobwhalesharks.com\/pt-br\/wp-json\/wp\/v2\/pages\/12340","targetHints":{"allow":["GET"]}}],"collection":[{"href":"https:\/\/www.oslobwhalesharks.com\/pt-br\/wp-json\/wp\/v2\/pages"}],"about":[{"href":"https:\/\/www.oslobwhalesharks.com\/pt-br\/wp-json\/wp\/v2\/types\/page"}],"author":[{"embeddable":true,"href":"https:\/\/www.oslobwhalesharks.com\/pt-br\/wp-json\/wp\/v2\/users\/2"}],"replies":[{"embeddable":true,"href":"https:\/\/www.oslobwhalesharks.com\/pt-br\/wp-json\/wp\/v2\/comments?post=12340"}],"version-history":[{"count":0,"href":"https:\/\/www.oslobwhalesharks.com\/pt-br\/wp-json\/wp\/v2\/pages\/12340\/revisions"}],"wp:attachment":[{"href":"https:\/\/www.oslobwhalesharks.com\/pt-br\/wp-json\/wp\/v2\/media?parent=12340"}],"curies":[{"name":"wp","href":"https:\/\/api.w.org\/{rel}","templated":true}]}}