{"id":311177,"date":"2023-05-12T08:39:47","date_gmt":"2023-05-12T00:39:47","guid":{"rendered":"https:\/\/www.oslobwhalesharks.com\/product\/plongee-en-apnee-avec-les-requins-baleines-et-les-sardines-prise-en-charge-et-retour-a-mandaue-city\/"},"modified":"2023-05-12T08:39:47","modified_gmt":"2023-05-12T00:39:47","slug":"plongee-en-apnee-avec-les-requins-baleines-et-les-sardines-prise-en-charge-et-retour-a-mandaue-city","status":"publish","type":"product","link":"https:\/\/www.oslobwhalesharks.com\/fr\/plongee-en-apnee-avec-les-requins-baleines-et-les-sardines-prise-en-charge-et-retour-a-mandaue-city\/","title":{"rendered":"Plong\u00e9e en apn\u00e9e avec les requins-baleines et les sardines Prise en charge et retour \u00e0 Mandaue City"},"content":{"rendered":"","protected":false},"excerpt":{"rendered":"","protected":false},"featured_media":0,"comment_status":"open","ping_status":"closed","template":"","meta":{"site-sidebar-layout":"no-sidebar","site-content-layout":"boxed-container","ast-site-content-layout":"normal-width-container","site-content-style":"boxed","site-sidebar-style":"boxed","ast-global-header-display":"","ast-banner-title-visibility":"","ast-main-header-display":"","ast-hfb-above-header-display":"","ast-hfb-below-header-display":"","ast-hfb-mobile-header-display":"","site-post-title":"","ast-breadcrumbs-content":"","ast-featured-img":"","footer-sml-layout":"","ast-disable-related-posts":"","theme-transparent-header-meta":"enabled","adv-header-id-meta":"","stick-header-meta":"default","header-above-stick-meta":"","header-main-stick-meta":"","header-below-stick-meta":"","astra-migrate-meta-layouts":"default","ast-page-background-enabled":"default","ast-page-background-meta":{"desktop":{"background-color":"","background-image":"","background-repeat":"repeat","background-position":"center center","background-size":"auto","background-attachment":"scroll","background-type":"","background-media":"","overlay-type":"","overlay-color":"","overlay-opacity":"","overlay-gradient":""},"tablet":{"background-color":"","background-image":"","background-repeat":"repeat","background-position":"center center","background-size":"auto","background-attachment":"scroll","background-type":"","background-media":"","overlay-type":"","overlay-color":"","overlay-opacity":"","overlay-gradient":""},"mobile":{"background-color":"","background-image":"","background-repeat":"repeat","background-position":"center center","background-size":"auto","background-attachment":"scroll","background-type":"","background-media":"","overlay-type":"","overlay-color":"","overlay-opacity":"","overlay-gradient":""}},"ast-content-background-meta":{"desktop":{"background-color":"var(--ast-global-color-5)","background-image":"","background-repeat":"repeat","background-position":"center center","background-size":"auto","background-attachment":"scroll","background-type":"","background-media":"","overlay-type":"","overlay-color":"","overlay-opacity":"","overlay-gradient":""},"tablet":{"background-color":"var(--ast-global-color-5)","background-image":"","background-repeat":"repeat","background-position":"center center","background-size":"auto","background-attachment":"scroll","background-type":"","background-media":"","overlay-type":"","overlay-color":"","overlay-opacity":"","overlay-gradient":""},"mobile":{"background-color":"var(--ast-global-color-5)","background-image":"","background-repeat":"repeat","background-position":"center center","background-size":"auto","background-attachment":"scroll","background-type":"","background-media":"","overlay-type":"","overlay-color":"","overlay-opacity":"","overlay-gradient":""}}},"product_brand":[],"product_cat":[339,344,334],"product_tag":[],"class_list":{"0":"post-311177","1":"product","2":"type-product","3":"status-publish","5":"product_cat-avec-ramassage","6":"product_cat-avec-remise","7":"product_cat-general-fr","8":"desktop-align-left","9":"tablet-align-left","10":"mobile-align-left","11":"ast-product-gallery-layout-horizontal-slider","12":"ast-product-gallery-with-no-image","13":"ast-product-tabs-layout-horizontal","15":"first","16":"instock","17":"sold-individually","18":"shipping-taxable","19":"purchasable","20":"product-type-booking"},"booking_location":"","booking_location_type":"","booking_duration":1,"booking_duration_unit":"day","booking_buffer":0,"booking_cost":0,"booking_resources":[],"exclude_global_add_ons":false,"addons":[{"name":"Compl\u00e9ments","type":"checkbox","position":0,"required":false,"title_format":"label","default":"","description_enable":false,"description":null,"placeholder_enable":false,"placeholder":null,"display":"select","restrictions_type":"any_text","adjust_price":false,"price":"","price_type":"flat_fee","restrictions":false,"min":"0","max":"0","options":[{"label":"Location de GoPro Les deux activit\u00e9s","price":"800","price_type":"flat_fee","image":0,"visibility":true}],"id":1718286645}],"_links":{"self":[{"href":"https:\/\/www.oslobwhalesharks.com\/fr\/wp-json\/wp\/v2\/product\/311177","targetHints":{"allow":["GET"]}}],"collection":[{"href":"https:\/\/www.oslobwhalesharks.com\/fr\/wp-json\/wp\/v2\/product"}],"about":[{"href":"https:\/\/www.oslobwhalesharks.com\/fr\/wp-json\/wp\/v2\/types\/product"}],"replies":[{"embeddable":true,"href":"https:\/\/www.oslobwhalesharks.com\/fr\/wp-json\/wp\/v2\/comments?post=311177"}],"version-history":[{"count":0,"href":"https:\/\/www.oslobwhalesharks.com\/fr\/wp-json\/wp\/v2\/product\/311177\/revisions"}],"wp:attachment":[{"href":"https:\/\/www.oslobwhalesharks.com\/fr\/wp-json\/wp\/v2\/media?parent=311177"}],"wp:term":[{"taxonomy":"product_brand","embeddable":true,"href":"https:\/\/www.oslobwhalesharks.com\/fr\/wp-json\/wp\/v2\/product_brand?post=311177"},{"taxonomy":"product_cat","embeddable":true,"href":"https:\/\/www.oslobwhalesharks.com\/fr\/wp-json\/wp\/v2\/product_cat?post=311177"},{"taxonomy":"product_tag","embeddable":true,"href":"https:\/\/www.oslobwhalesharks.com\/fr\/wp-json\/wp\/v2\/product_tag?post=311177"}],"curies":[{"name":"wp","href":"https:\/\/api.w.org\/{rel}","templated":true}]}}