{"id":156677,"date":"2023-01-30T09:26:00","date_gmt":"2023-01-30T01:26:00","guid":{"rendered":"https:\/\/www.oslobwhalesharks.com\/product\/prise-en-charge-et-retour-de-lexcursion-dobservation-des-requins-baleines-a-mandaue\/"},"modified":"2025-03-31T17:02:52","modified_gmt":"2025-03-31T09:02:52","slug":"excursion-dobservation-des-baleines-et-des-requins-embarquement-et-debarquement-mandaue","status":"publish","type":"product","link":"https:\/\/www.oslobwhalesharks.com\/fr\/excursion-dobservation-des-baleines-et-des-requins-embarquement-et-debarquement-mandaue\/","title":{"rendered":"Excursion d&rsquo;observation des requins baleines &#8211; prise en charge et retour \u00e0 Mandaue"},"content":{"rendered":"","protected":false},"excerpt":{"rendered":"","protected":false},"featured_media":190352,"comment_status":"open","ping_status":"closed","template":"","meta":{"site-sidebar-layout":"default","site-content-layout":"boxed-container","ast-site-content-layout":"normal-width-container","site-content-style":"boxed","site-sidebar-style":"boxed","ast-global-header-display":"","ast-banner-title-visibility":"","ast-main-header-display":"","ast-hfb-above-header-display":"","ast-hfb-below-header-display":"","ast-hfb-mobile-header-display":"","site-post-title":"","ast-breadcrumbs-content":"","ast-featured-img":"","footer-sml-layout":"","ast-disable-related-posts":"","theme-transparent-header-meta":"enabled","adv-header-id-meta":"","stick-header-meta":"default","header-above-stick-meta":"","header-main-stick-meta":"","header-below-stick-meta":"","astra-migrate-meta-layouts":"default","ast-page-background-enabled":"default","ast-page-background-meta":{"desktop":{"background-color":"","background-image":"","background-repeat":"repeat","background-position":"center center","background-size":"auto","background-attachment":"scroll","background-type":"","background-media":"","overlay-type":"","overlay-color":"","overlay-opacity":"","overlay-gradient":""},"tablet":{"background-color":"","background-image":"","background-repeat":"repeat","background-position":"center center","background-size":"auto","background-attachment":"scroll","background-type":"","background-media":"","overlay-type":"","overlay-color":"","overlay-opacity":"","overlay-gradient":""},"mobile":{"background-color":"","background-image":"","background-repeat":"repeat","background-position":"center center","background-size":"auto","background-attachment":"scroll","background-type":"","background-media":"","overlay-type":"","overlay-color":"","overlay-opacity":"","overlay-gradient":""}},"ast-content-background-meta":{"desktop":{"background-color":"var(--ast-global-color-5)","background-image":"","background-repeat":"repeat","background-position":"center center","background-size":"auto","background-attachment":"scroll","background-type":"","background-media":"","overlay-type":"","overlay-color":"","overlay-opacity":"","overlay-gradient":""},"tablet":{"background-color":"var(--ast-global-color-5)","background-image":"","background-repeat":"repeat","background-position":"center center","background-size":"auto","background-attachment":"scroll","background-type":"","background-media":"","overlay-type":"","overlay-color":"","overlay-opacity":"","overlay-gradient":""},"mobile":{"background-color":"var(--ast-global-color-5)","background-image":"","background-repeat":"repeat","background-position":"center center","background-size":"auto","background-attachment":"scroll","background-type":"","background-media":"","overlay-type":"","overlay-color":"","overlay-opacity":"","overlay-gradient":""}}},"product_brand":[],"product_cat":[339,344,334],"product_tag":[],"class_list":{"0":"post-156677","1":"product","2":"type-product","3":"status-publish","4":"has-post-thumbnail","6":"product_cat-avec-ramassage","7":"product_cat-avec-remise","8":"product_cat-general-fr","9":"desktop-align-left","10":"tablet-align-left","11":"mobile-align-left","12":"ast-product-gallery-layout-horizontal-slider","13":"ast-product-gallery-with-no-image","14":"ast-product-tabs-layout-horizontal","16":"first","17":"instock","18":"sold-individually","19":"shipping-taxable","20":"purchasable","21":"product-type-booking"},"booking_location":"","booking_location_type":"","booking_duration":1,"booking_duration_unit":"day","booking_buffer":0,"booking_cost":0,"booking_resources":[],"exclude_global_add_ons":true,"addons":[{"name":"Compl\u00e9ments","type":"checkbox","position":0,"required":false,"title_format":"label","default":"","description_enable":false,"description":null,"placeholder_enable":false,"placeholder":null,"display":"select","restrictions_type":"any_text","adjust_price":false,"price":"","price_type":"flat_fee","restrictions":false,"min":"0","max":"0","options":[{"label":"Location de GoPro","price":"500","price_type":"flat_fee","image":0,"visibility":true},{"label":"D\u00e9jeuner","price":"300","price_type":"quantity_based","image":0,"visibility":true},{"label":"Excursion \u00e0 l'\u00e9glise de Simala","price":"200","price_type":"quantity_based","image":0,"visibility":true}],"id":1718259345}],"_links":{"self":[{"href":"https:\/\/www.oslobwhalesharks.com\/fr\/wp-json\/wp\/v2\/product\/156677","targetHints":{"allow":["GET"]}}],"collection":[{"href":"https:\/\/www.oslobwhalesharks.com\/fr\/wp-json\/wp\/v2\/product"}],"about":[{"href":"https:\/\/www.oslobwhalesharks.com\/fr\/wp-json\/wp\/v2\/types\/product"}],"replies":[{"embeddable":true,"href":"https:\/\/www.oslobwhalesharks.com\/fr\/wp-json\/wp\/v2\/comments?post=156677"}],"version-history":[{"count":0,"href":"https:\/\/www.oslobwhalesharks.com\/fr\/wp-json\/wp\/v2\/product\/156677\/revisions"}],"wp:featuredmedia":[{"embeddable":true,"href":"https:\/\/www.oslobwhalesharks.com\/fr\/wp-json\/wp\/v2\/media\/190352"}],"wp:attachment":[{"href":"https:\/\/www.oslobwhalesharks.com\/fr\/wp-json\/wp\/v2\/media?parent=156677"}],"wp:term":[{"taxonomy":"product_brand","embeddable":true,"href":"https:\/\/www.oslobwhalesharks.com\/fr\/wp-json\/wp\/v2\/product_brand?post=156677"},{"taxonomy":"product_cat","embeddable":true,"href":"https:\/\/www.oslobwhalesharks.com\/fr\/wp-json\/wp\/v2\/product_cat?post=156677"},{"taxonomy":"product_tag","embeddable":true,"href":"https:\/\/www.oslobwhalesharks.com\/fr\/wp-json\/wp\/v2\/product_tag?post=156677"}],"curies":[{"name":"wp","href":"https:\/\/api.w.org\/{rel}","templated":true}]}}