{"id":49943,"date":"2022-04-21T06:27:06","date_gmt":"2022-04-20T22:27:06","guid":{"rendered":"https:\/\/www.oslobwhalesharks.com\/hotels-et-resorts-a-oslob-2\/"},"modified":"2023-05-11T22:20:52","modified_gmt":"2023-05-11T14:20:52","slug":"hotels-et-resorts-a-oslob-2","status":"publish","type":"page","link":"https:\/\/www.oslobwhalesharks.com\/fr\/hotels-et-resorts-a-oslob-2\/","title":{"rendered":"H\u00f4tels et Resorts \u00e0 Oslob"},"content":{"rendered":"\t\t<div data-elementor-type=\"wp-post\" data-elementor-id=\"49943\" class=\"elementor elementor-49943 elementor-21000\" data-elementor-post-type=\"page\">\n\t\t\t\t\t\t<section data-particle_enable=\"false\" data-particle-mobile-disabled=\"false\" class=\"elementor-section elementor-top-section elementor-element elementor-element-688ad38 elementor-section-content-middle elementor-section-height-min-height elementor-section-boxed elementor-section-height-default elementor-section-items-middle\" data-id=\"688ad38\" data-element_type=\"section\" data-e-type=\"section\" data-settings=\"{&quot;background_background&quot;:&quot;classic&quot;}\">\n\t\t\t\t\t\t\t<div class=\"elementor-background-overlay\"><\/div>\n\t\t\t\t\t\t\t<div class=\"elementor-container elementor-column-gap-default\">\n\t\t\t\t\t<div class=\"elementor-column elementor-col-100 elementor-top-column elementor-element elementor-element-148e58a\" data-id=\"148e58a\" data-element_type=\"column\" data-e-type=\"column\">\n\t\t\t<div class=\"elementor-widget-wrap elementor-element-populated\">\n\t\t\t\t\t\t<div class=\"elementor-element elementor-element-d915ffa elementor-widget elementor-widget-heading\" data-id=\"d915ffa\" data-element_type=\"widget\" data-e-type=\"widget\" data-widget_type=\"heading.default\">\n\t\t\t\t<div class=\"elementor-widget-container\">\n\t\t\t\t\t<h2 class=\"elementor-heading-title elementor-size-default\">H\u00f4tels et centres de vill\u00e9giature \u00e0 Oslob<\/h2>\t\t\t\t<\/div>\n\t\t\t\t<\/div>\n\t\t\t\t\t<\/div>\n\t\t<\/div>\n\t\t\t\t\t<\/div>\n\t\t<\/section>\n\t\t\t\t<section data-particle_enable=\"false\" data-particle-mobile-disabled=\"false\" class=\"elementor-section elementor-top-section elementor-element elementor-element-eddadbc elementor-section-content-top elementor-section-boxed elementor-section-height-default elementor-section-height-default\" data-id=\"eddadbc\" data-element_type=\"section\" data-e-type=\"section\">\n\t\t\t\t\t\t<div class=\"elementor-container elementor-column-gap-no\">\n\t\t\t\t\t<div class=\"elementor-column elementor-col-100 elementor-top-column elementor-element elementor-element-42a9e63\" data-id=\"42a9e63\" data-element_type=\"column\" data-e-type=\"column\">\n\t\t\t<div class=\"elementor-widget-wrap elementor-element-populated\">\n\t\t\t\t\t\t<div class=\"elementor-element elementor-element-814f84b elementor-widget elementor-widget-heading\" data-id=\"814f84b\" data-element_type=\"widget\" data-e-type=\"widget\" data-widget_type=\"heading.default\">\n\t\t\t\t<div class=\"elementor-widget-container\">\n\t\t\t\t\t<h4 class=\"elementor-heading-title elementor-size-default\">D\u00e9couvrez Oslob et les stations baln\u00e9aires et h\u00f4tels \u00e0 proximit\u00e9 \u00e9num\u00e9r\u00e9s ci-dessous. Cliquez sur l\u2019image pour visiter leur site Web ou les pages officielles des m\u00e9dias sociaux pour r\u00e9server directement avec eux.<\/h4>\t\t\t\t<\/div>\n\t\t\t\t<\/div>\n\t\t\t\t<section data-particle_enable=\"false\" data-particle-mobile-disabled=\"false\" class=\"elementor-section elementor-inner-section elementor-element elementor-element-e791f9a elementor-section-boxed elementor-section-height-default elementor-section-height-default\" data-id=\"e791f9a\" data-element_type=\"section\" data-e-type=\"section\">\n\t\t\t\t\t\t<div class=\"elementor-container elementor-column-gap-default\">\n\t\t\t\t\t<div class=\"elementor-column elementor-col-33 elementor-inner-column elementor-element elementor-element-28c7b4f\" data-id=\"28c7b4f\" data-element_type=\"column\" data-e-type=\"column\">\n\t\t\t<div class=\"elementor-widget-wrap elementor-element-populated\">\n\t\t\t\t\t\t<div class=\"elementor-element elementor-element-9c31a55 elementor-widget elementor-widget-image\" data-id=\"9c31a55\" data-element_type=\"widget\" data-e-type=\"widget\" data-widget_type=\"image.default\">\n\t\t\t\t<div class=\"elementor-widget-container\">\n\t\t\t\t\t\t\t\t\t\t\t\t\t\t\t\t<a href=\"https:\/\/www.bluewatersumilon.com.ph\/\" target=\"_blank\" rel=\"nofollow noopener\">\n\t\t\t\t\t\t\t<img fetchpriority=\"high\" decoding=\"async\" width=\"370\" height=\"278\" src=\"https:\/\/www.oslobwhalesharks.com\/wp-content\/uploads\/2020\/05\/bluewater-sumilon-island-resort.jpg\" class=\"attachment-large size-large wp-image-12501\" alt=\"\" srcset=\"https:\/\/www.oslobwhalesharks.com\/wp-content\/uploads\/2020\/05\/bluewater-sumilon-island-resort.jpg 370w, https:\/\/www.oslobwhalesharks.com\/wp-content\/uploads\/2020\/05\/bluewater-sumilon-island-resort-300x225.jpg 300w\" sizes=\"(max-width: 370px) 100vw, 370px\" \/>\t\t\t\t\t\t\t\t<\/a>\n\t\t\t\t\t\t\t\t\t\t\t\t\t\t\t<\/div>\n\t\t\t\t<\/div>\n\t\t\t\t<div class=\"elementor-element elementor-element-44117e6 elementor-widget elementor-widget-heading\" data-id=\"44117e6\" data-element_type=\"widget\" data-e-type=\"widget\" data-widget_type=\"heading.default\">\n\t\t\t\t<div class=\"elementor-widget-container\">\n\t\t\t\t\t<h5 class=\"elementor-heading-title elementor-size-default\"><a href=\"https:\/\/www.bluewatersumilon.com.ph\/\" target=\"_blank\" rel=\"nofollow noopener\">Bluewater Sumilon Island Resort<\/a><\/h5>\t\t\t\t<\/div>\n\t\t\t\t<\/div>\n\t\t\t\t\t<\/div>\n\t\t<\/div>\n\t\t\t\t<div class=\"elementor-column elementor-col-33 elementor-inner-column elementor-element elementor-element-c6fd98e\" data-id=\"c6fd98e\" data-element_type=\"column\" data-e-type=\"column\">\n\t\t\t<div class=\"elementor-widget-wrap elementor-element-populated\">\n\t\t\t\t\t\t<div class=\"elementor-element elementor-element-531c989 elementor-widget elementor-widget-image\" data-id=\"531c989\" data-element_type=\"widget\" data-e-type=\"widget\" data-widget_type=\"image.default\">\n\t\t\t\t<div class=\"elementor-widget-container\">\n\t\t\t\t\t\t\t\t\t\t\t\t\t\t\t\t<a href=\"https:\/\/www.facebook.com\/downsouth118beachresort\/\" target=\"_blank\" rel=\"nofollow noopener\">\n\t\t\t\t\t\t\t<img decoding=\"async\" width=\"370\" height=\"278\" src=\"https:\/\/www.oslobwhalesharks.com\/wp-content\/uploads\/2020\/05\/downsouth-118-beach-resort-oslob.jpg\" class=\"attachment-large size-large wp-image-12502\" alt=\"\" srcset=\"https:\/\/www.oslobwhalesharks.com\/wp-content\/uploads\/2020\/05\/downsouth-118-beach-resort-oslob.jpg 370w, https:\/\/www.oslobwhalesharks.com\/wp-content\/uploads\/2020\/05\/downsouth-118-beach-resort-oslob-300x225.jpg 300w\" sizes=\"(max-width: 370px) 100vw, 370px\" \/>\t\t\t\t\t\t\t\t<\/a>\n\t\t\t\t\t\t\t\t\t\t\t\t\t\t\t<\/div>\n\t\t\t\t<\/div>\n\t\t\t\t<div class=\"elementor-element elementor-element-084cb36 elementor-widget elementor-widget-heading\" data-id=\"084cb36\" data-element_type=\"widget\" data-e-type=\"widget\" data-widget_type=\"heading.default\">\n\t\t\t\t<div class=\"elementor-widget-container\">\n\t\t\t\t\t<h5 class=\"elementor-heading-title elementor-size-default\"><a href=\"https:\/\/www.facebook.com\/downsouth118beachresort\/\" target=\"_blank\" rel=\"nofollow noopener\">Downsouth 118 Beach Resort<\/a><\/h5>\t\t\t\t<\/div>\n\t\t\t\t<\/div>\n\t\t\t\t\t<\/div>\n\t\t<\/div>\n\t\t\t\t<div class=\"elementor-column elementor-col-33 elementor-inner-column elementor-element elementor-element-7719257\" data-id=\"7719257\" data-element_type=\"column\" data-e-type=\"column\">\n\t\t\t<div class=\"elementor-widget-wrap elementor-element-populated\">\n\t\t\t\t\t\t<div class=\"elementor-element elementor-element-265a7bc elementor-widget elementor-widget-image\" data-id=\"265a7bc\" data-element_type=\"widget\" data-e-type=\"widget\" data-widget_type=\"image.default\">\n\t\t\t\t<div class=\"elementor-widget-container\">\n\t\t\t\t\t\t\t\t\t\t\t\t\t\t\t\t<a href=\"https:\/\/eden.ph\/\" target=\"_blank\" rel=\"nofollow noopener\">\n\t\t\t\t\t\t\t<img decoding=\"async\" width=\"370\" height=\"278\" src=\"https:\/\/www.oslobwhalesharks.com\/wp-content\/uploads\/2020\/05\/eden-resort-santander.jpg\" class=\"attachment-large size-large wp-image-12503\" alt=\"\" srcset=\"https:\/\/www.oslobwhalesharks.com\/wp-content\/uploads\/2020\/05\/eden-resort-santander.jpg 370w, https:\/\/www.oslobwhalesharks.com\/wp-content\/uploads\/2020\/05\/eden-resort-santander-300x225.jpg 300w\" sizes=\"(max-width: 370px) 100vw, 370px\" \/>\t\t\t\t\t\t\t\t<\/a>\n\t\t\t\t\t\t\t\t\t\t\t\t\t\t\t<\/div>\n\t\t\t\t<\/div>\n\t\t\t\t<div class=\"elementor-element elementor-element-0d7e0ef elementor-widget elementor-widget-heading\" data-id=\"0d7e0ef\" data-element_type=\"widget\" data-e-type=\"widget\" data-widget_type=\"heading.default\">\n\t\t\t\t<div class=\"elementor-widget-container\">\n\t\t\t\t\t<h5 class=\"elementor-heading-title elementor-size-default\"><a href=\"https:\/\/eden.ph\/\" target=\"_blank\" rel=\"nofollow noopener\">Eden Resort<\/a><\/h5>\t\t\t\t<\/div>\n\t\t\t\t<\/div>\n\t\t\t\t\t<\/div>\n\t\t<\/div>\n\t\t\t\t\t<\/div>\n\t\t<\/section>\n\t\t\t\t<section data-particle_enable=\"false\" data-particle-mobile-disabled=\"false\" class=\"elementor-section elementor-inner-section elementor-element elementor-element-8673861 elementor-section-boxed elementor-section-height-default elementor-section-height-default\" data-id=\"8673861\" data-element_type=\"section\" data-e-type=\"section\">\n\t\t\t\t\t\t<div class=\"elementor-container elementor-column-gap-default\">\n\t\t\t\t\t<div class=\"elementor-column elementor-col-33 elementor-inner-column elementor-element elementor-element-072eae7\" data-id=\"072eae7\" data-element_type=\"column\" data-e-type=\"column\">\n\t\t\t<div class=\"elementor-widget-wrap elementor-element-populated\">\n\t\t\t\t\t\t<div class=\"elementor-element elementor-element-8b0edc1 elementor-widget elementor-widget-image\" data-id=\"8b0edc1\" data-element_type=\"widget\" data-e-type=\"widget\" data-widget_type=\"image.default\">\n\t\t\t\t<div class=\"elementor-widget-container\">\n\t\t\t\t\t\t\t\t\t\t\t\t\t\t\t\t<a href=\"http:\/\/www.hotelscombined.com\/Hotel\/Gingging_Hotel_Resort.htm?a_aid=44049\" target=\"_blank\" rel=\"nofollow noopener\">\n\t\t\t\t\t\t\t<img loading=\"lazy\" decoding=\"async\" width=\"370\" height=\"278\" src=\"https:\/\/www.oslobwhalesharks.com\/wp-content\/uploads\/2020\/05\/gingging-resort-oslob.jpg\" class=\"attachment-large size-large wp-image-12504\" alt=\"\" srcset=\"https:\/\/www.oslobwhalesharks.com\/wp-content\/uploads\/2020\/05\/gingging-resort-oslob.jpg 370w, https:\/\/www.oslobwhalesharks.com\/wp-content\/uploads\/2020\/05\/gingging-resort-oslob-300x225.jpg 300w\" sizes=\"(max-width: 370px) 100vw, 370px\" \/>\t\t\t\t\t\t\t\t<\/a>\n\t\t\t\t\t\t\t\t\t\t\t\t\t\t\t<\/div>\n\t\t\t\t<\/div>\n\t\t\t\t<div class=\"elementor-element elementor-element-ade68e4 elementor-widget elementor-widget-heading\" data-id=\"ade68e4\" data-element_type=\"widget\" data-e-type=\"widget\" data-widget_type=\"heading.default\">\n\t\t\t\t<div class=\"elementor-widget-container\">\n\t\t\t\t\t<h5 class=\"elementor-heading-title elementor-size-default\"><a href=\"http:\/\/www.hotelscombined.com\/Hotel\/Gingging_Hotel_Resort.htm?a_aid=44049\" target=\"_blank\" rel=\"nofollow noopener\">Gingging Hotel and Resort<\/a><\/h5>\t\t\t\t<\/div>\n\t\t\t\t<\/div>\n\t\t\t\t\t<\/div>\n\t\t<\/div>\n\t\t\t\t<div class=\"elementor-column elementor-col-33 elementor-inner-column elementor-element elementor-element-2a259c1\" data-id=\"2a259c1\" data-element_type=\"column\" data-e-type=\"column\">\n\t\t\t<div class=\"elementor-widget-wrap elementor-element-populated\">\n\t\t\t\t\t\t<div class=\"elementor-element elementor-element-3e75697 elementor-widget elementor-widget-image\" data-id=\"3e75697\" data-element_type=\"widget\" data-e-type=\"widget\" data-widget_type=\"image.default\">\n\t\t\t\t<div class=\"elementor-widget-container\">\n\t\t\t\t\t\t\t\t\t\t\t\t\t\t\t\t<a href=\"https:\/\/www.facebook.com\/seascapeoslob\/\" target=\"_blank\" rel=\"nofollow noopener\">\n\t\t\t\t\t\t\t<img loading=\"lazy\" decoding=\"async\" width=\"370\" height=\"278\" src=\"https:\/\/www.oslobwhalesharks.com\/wp-content\/uploads\/2020\/05\/seascape-beach-resort-oslob.jpg\" class=\"attachment-large size-large wp-image-12505\" alt=\"\" srcset=\"https:\/\/www.oslobwhalesharks.com\/wp-content\/uploads\/2020\/05\/seascape-beach-resort-oslob.jpg 370w, https:\/\/www.oslobwhalesharks.com\/wp-content\/uploads\/2020\/05\/seascape-beach-resort-oslob-300x225.jpg 300w\" sizes=\"(max-width: 370px) 100vw, 370px\" \/>\t\t\t\t\t\t\t\t<\/a>\n\t\t\t\t\t\t\t\t\t\t\t\t\t\t\t<\/div>\n\t\t\t\t<\/div>\n\t\t\t\t<div class=\"elementor-element elementor-element-6e93a4f elementor-widget elementor-widget-heading\" data-id=\"6e93a4f\" data-element_type=\"widget\" data-e-type=\"widget\" data-widget_type=\"heading.default\">\n\t\t\t\t<div class=\"elementor-widget-container\">\n\t\t\t\t\t<h5 class=\"elementor-heading-title elementor-size-default\"><a href=\"https:\/\/www.facebook.com\/seascapeoslob\/\" target=\"_blank\" rel=\"nofollow noopener\">Seascape Beach Resort<\/a><\/h5>\t\t\t\t<\/div>\n\t\t\t\t<\/div>\n\t\t\t\t\t<\/div>\n\t\t<\/div>\n\t\t\t\t<div class=\"elementor-column elementor-col-33 elementor-inner-column elementor-element elementor-element-925f898\" data-id=\"925f898\" data-element_type=\"column\" data-e-type=\"column\">\n\t\t\t<div class=\"elementor-widget-wrap elementor-element-populated\">\n\t\t\t\t\t\t<div class=\"elementor-element elementor-element-5d12194 elementor-widget elementor-widget-image\" data-id=\"5d12194\" data-element_type=\"widget\" data-e-type=\"widget\" data-widget_type=\"image.default\">\n\t\t\t\t<div class=\"elementor-widget-container\">\n\t\t\t\t\t\t\t\t\t\t\t\t\t\t\t<img loading=\"lazy\" decoding=\"async\" width=\"370\" height=\"278\" src=\"https:\/\/www.oslobwhalesharks.com\/wp-content\/uploads\/2020\/05\/saschas-resort-oslob.jpg\" class=\"attachment-large size-large wp-image-12506\" alt=\"\" srcset=\"https:\/\/www.oslobwhalesharks.com\/wp-content\/uploads\/2020\/05\/saschas-resort-oslob.jpg 370w, https:\/\/www.oslobwhalesharks.com\/wp-content\/uploads\/2020\/05\/saschas-resort-oslob-300x225.jpg 300w\" sizes=\"(max-width: 370px) 100vw, 370px\" \/>\t\t\t\t\t\t\t\t\t\t\t\t\t\t\t<\/div>\n\t\t\t\t<\/div>\n\t\t\t\t<div class=\"elementor-element elementor-element-03bccf9 elementor-widget elementor-widget-heading\" data-id=\"03bccf9\" data-element_type=\"widget\" data-e-type=\"widget\" data-widget_type=\"heading.default\">\n\t\t\t\t<div class=\"elementor-widget-container\">\n\t\t\t\t\t<h5 class=\"elementor-heading-title elementor-size-default\">Saschas Resort<\/h5>\t\t\t\t<\/div>\n\t\t\t\t<\/div>\n\t\t\t\t\t<\/div>\n\t\t<\/div>\n\t\t\t\t\t<\/div>\n\t\t<\/section>\n\t\t\t\t\t<\/div>\n\t\t<\/div>\n\t\t\t\t\t<\/div>\n\t\t<\/section>\n\t\t\t\t<section data-particle_enable=\"false\" data-particle-mobile-disabled=\"false\" class=\"elementor-section elementor-top-section elementor-element elementor-element-303906c elementor-section-content-top elementor-section-boxed elementor-section-height-default elementor-section-height-default\" data-id=\"303906c\" data-element_type=\"section\" data-e-type=\"section\">\n\t\t\t\t\t\t<div class=\"elementor-container elementor-column-gap-no\">\n\t\t\t\t\t<div class=\"elementor-column elementor-col-100 elementor-top-column elementor-element elementor-element-d067b90\" data-id=\"d067b90\" data-element_type=\"column\" data-e-type=\"column\">\n\t\t\t<div class=\"elementor-widget-wrap elementor-element-populated\">\n\t\t\t\t\t\t<div class=\"elementor-element elementor-element-46e09b9 elementor-widget elementor-widget-heading\" data-id=\"46e09b9\" data-element_type=\"widget\" data-e-type=\"widget\" data-widget_type=\"heading.default\">\n\t\t\t\t<div class=\"elementor-widget-container\">\n\t\t\t\t\t<h4 class=\"elementor-heading-title elementor-size-default\">Recherchez d'autres h\u00f4tels en utilisant le champ de recherche ci-dessous<\/h4>\t\t\t\t<\/div>\n\t\t\t\t<\/div>\n\t\t\t\t<div class=\"elementor-element elementor-element-2db35c6 elementor-widget elementor-widget-html\" data-id=\"2db35c6\" data-element_type=\"widget\" data-e-type=\"widget\" data-widget_type=\"html.default\">\n\t\t\t\t<div class=\"elementor-widget-container\">\n\t\t\t\t\t<script src=\"https:\/\/sbhc.portalhc.com\/44049\/searchbox\/501392\"><\/script>\t\t\t\t<\/div>\n\t\t\t\t<\/div>\n\t\t\t\t\t<\/div>\n\t\t<\/div>\n\t\t\t\t\t<\/div>\n\t\t<\/section>\n\t\t\t\t<\/div>\n\t\t","protected":false},"excerpt":{"rendered":"<p>H\u00f4tels et centres de vill\u00e9giature \u00e0 Oslob D\u00e9couvrez Oslob et les stations baln\u00e9aires et h\u00f4tels \u00e0 proximit\u00e9 \u00e9num\u00e9r\u00e9s ci-dessous. Cliquez sur l\u2019image pour visiter leur site Web ou les pages officielles des m\u00e9dias sociaux pour r\u00e9server directement avec eux. Bluewater Sumilon Island Resort Downsouth 118 Beach Resort Eden Resort Gingging Hotel and Resort Seascape Beach [&hellip;]<\/p>\n","protected":false},"author":2,"featured_media":12505,"parent":0,"menu_order":0,"comment_status":"closed","ping_status":"closed","template":"","meta":{"site-sidebar-layout":"no-sidebar","site-content-layout":"page-builder","ast-site-content-layout":"full-width-container","site-content-style":"unboxed","site-sidebar-style":"unboxed","ast-global-header-display":"","ast-banner-title-visibility":"","ast-main-header-display":"","ast-hfb-above-header-display":"","ast-hfb-below-header-display":"","ast-hfb-mobile-header-display":"","site-post-title":"disabled","ast-breadcrumbs-content":"","ast-featured-img":"disabled","footer-sml-layout":"","ast-disable-related-posts":"","theme-transparent-header-meta":"default","adv-header-id-meta":"","stick-header-meta":"default","header-above-stick-meta":"","header-main-stick-meta":"","header-below-stick-meta":"","astra-migrate-meta-layouts":"default","ast-page-background-enabled":"default","ast-page-background-meta":{"desktop":{"background-color":"","background-image":"","background-repeat":"repeat","background-position":"center center","background-size":"auto","background-attachment":"scroll","background-type":"","background-media":"","overlay-type":"","overlay-color":"","overlay-opacity":"","overlay-gradient":""},"tablet":{"background-color":"","background-image":"","background-repeat":"repeat","background-position":"center center","background-size":"auto","background-attachment":"scroll","background-type":"","background-media":"","overlay-type":"","overlay-color":"","overlay-opacity":"","overlay-gradient":""},"mobile":{"background-color":"","background-image":"","background-repeat":"repeat","background-position":"center center","background-size":"auto","background-attachment":"scroll","background-type":"","background-media":"","overlay-type":"","overlay-color":"","overlay-opacity":"","overlay-gradient":""}},"ast-content-background-meta":{"desktop":{"background-color":"var(--ast-global-color-5)","background-image":"","background-repeat":"repeat","background-position":"center center","background-size":"auto","background-attachment":"scroll","background-type":"","background-media":"","overlay-type":"","overlay-color":"","overlay-opacity":"","overlay-gradient":""},"tablet":{"background-color":"var(--ast-global-color-5)","background-image":"","background-repeat":"repeat","background-position":"center center","background-size":"auto","background-attachment":"scroll","background-type":"","background-media":"","overlay-type":"","overlay-color":"","overlay-opacity":"","overlay-gradient":""},"mobile":{"background-color":"var(--ast-global-color-5)","background-image":"","background-repeat":"repeat","background-position":"center center","background-size":"auto","background-attachment":"scroll","background-type":"","background-media":"","overlay-type":"","overlay-color":"","overlay-opacity":"","overlay-gradient":""}},"footnotes":""},"class_list":["post-49943","page","type-page","status-publish","has-post-thumbnail","hentry"],"_links":{"self":[{"href":"https:\/\/www.oslobwhalesharks.com\/fr\/wp-json\/wp\/v2\/pages\/49943","targetHints":{"allow":["GET"]}}],"collection":[{"href":"https:\/\/www.oslobwhalesharks.com\/fr\/wp-json\/wp\/v2\/pages"}],"about":[{"href":"https:\/\/www.oslobwhalesharks.com\/fr\/wp-json\/wp\/v2\/types\/page"}],"author":[{"embeddable":true,"href":"https:\/\/www.oslobwhalesharks.com\/fr\/wp-json\/wp\/v2\/users\/2"}],"replies":[{"embeddable":true,"href":"https:\/\/www.oslobwhalesharks.com\/fr\/wp-json\/wp\/v2\/comments?post=49943"}],"version-history":[{"count":0,"href":"https:\/\/www.oslobwhalesharks.com\/fr\/wp-json\/wp\/v2\/pages\/49943\/revisions"}],"wp:featuredmedia":[{"embeddable":true,"href":"https:\/\/www.oslobwhalesharks.com\/fr\/wp-json\/wp\/v2\/media\/12505"}],"wp:attachment":[{"href":"https:\/\/www.oslobwhalesharks.com\/fr\/wp-json\/wp\/v2\/media?parent=49943"}],"curies":[{"name":"wp","href":"https:\/\/api.w.org\/{rel}","templated":true}]}}