{"id":154127,"date":"2023-01-30T10:29:28","date_gmt":"2023-01-30T02:29:28","guid":{"rendered":"https:\/\/www.oslobwhalesharks.com\/product\/avistamiento-del-tiburon-ballena-y-recogida-en-el-banco-de-arena-de-la-isla-de-sumilon-mandaue\/"},"modified":"2025-03-26T09:47:39","modified_gmt":"2025-03-26T01:47:39","slug":"observacion-de-ballenas-y-tiburones-en-la-isla-de-sumilon-y-recogida-en-el-mandaue","status":"publish","type":"product","link":"https:\/\/www.oslobwhalesharks.com\/es\/observacion-de-ballenas-y-tiburones-en-la-isla-de-sumilon-y-recogida-en-el-mandaue\/","title":{"rendered":"Observaci\u00f3n del tibur\u00f3n ballena y recogida en el banco de arena de la isla de Sumilon y regreso a Mandaue"},"content":{"rendered":"","protected":false},"excerpt":{"rendered":"","protected":false},"featured_media":49573,"comment_status":"open","ping_status":"closed","template":"","meta":{"site-sidebar-layout":"default","site-content-layout":"boxed-container","ast-site-content-layout":"normal-width-container","site-content-style":"boxed","site-sidebar-style":"boxed","ast-global-header-display":"","ast-banner-title-visibility":"","ast-main-header-display":"","ast-hfb-above-header-display":"","ast-hfb-below-header-display":"","ast-hfb-mobile-header-display":"","site-post-title":"","ast-breadcrumbs-content":"","ast-featured-img":"","footer-sml-layout":"","ast-disable-related-posts":"","theme-transparent-header-meta":"enabled","adv-header-id-meta":"","stick-header-meta":"default","header-above-stick-meta":"","header-main-stick-meta":"","header-below-stick-meta":"","astra-migrate-meta-layouts":"default","ast-page-background-enabled":"default","ast-page-background-meta":{"desktop":{"background-color":"","background-image":"","background-repeat":"repeat","background-position":"center center","background-size":"auto","background-attachment":"scroll","background-type":"","background-media":"","overlay-type":"","overlay-color":"","overlay-opacity":"","overlay-gradient":""},"tablet":{"background-color":"","background-image":"","background-repeat":"repeat","background-position":"center center","background-size":"auto","background-attachment":"scroll","background-type":"","background-media":"","overlay-type":"","overlay-color":"","overlay-opacity":"","overlay-gradient":""},"mobile":{"background-color":"","background-image":"","background-repeat":"repeat","background-position":"center center","background-size":"auto","background-attachment":"scroll","background-type":"","background-media":"","overlay-type":"","overlay-color":"","overlay-opacity":"","overlay-gradient":""}},"ast-content-background-meta":{"desktop":{"background-color":"var(--ast-global-color-5)","background-image":"","background-repeat":"repeat","background-position":"center center","background-size":"auto","background-attachment":"scroll","background-type":"","background-media":"","overlay-type":"","overlay-color":"","overlay-opacity":"","overlay-gradient":""},"tablet":{"background-color":"var(--ast-global-color-5)","background-image":"","background-repeat":"repeat","background-position":"center center","background-size":"auto","background-attachment":"scroll","background-type":"","background-media":"","overlay-type":"","overlay-color":"","overlay-opacity":"","overlay-gradient":""},"mobile":{"background-color":"var(--ast-global-color-5)","background-image":"","background-repeat":"repeat","background-position":"center center","background-size":"auto","background-attachment":"scroll","background-type":"","background-media":"","overlay-type":"","overlay-color":"","overlay-opacity":"","overlay-gradient":""}}},"product_brand":[],"product_cat":[413,412,411],"product_tag":[],"class_list":{"0":"post-154127","1":"product","2":"type-product","3":"status-publish","4":"has-post-thumbnail","6":"product_cat-con-descuento","7":"product_cat-con-recogida","8":"product_cat-general-es","9":"desktop-align-left","10":"tablet-align-left","11":"mobile-align-left","12":"ast-product-gallery-layout-horizontal-slider","13":"ast-product-gallery-with-no-image","14":"ast-product-tabs-layout-horizontal","16":"first","17":"instock","18":"sold-individually","19":"shipping-taxable","20":"purchasable","21":"product-type-booking"},"booking_location":"","booking_location_type":"","booking_duration":1,"booking_duration_unit":"day","booking_buffer":0,"booking_cost":0,"booking_resources":[],"exclude_global_add_ons":false,"addons":[{"name":"Complementos","type":"checkbox","position":0,"required":false,"title_format":"label","default":"","description_enable":false,"description":null,"placeholder_enable":false,"placeholder":null,"display":"select","restrictions_type":"any_text","adjust_price":false,"price":"","price_type":"flat_fee","restrictions":false,"min":"0","max":"0","options":[{"label":"Alquiler de GoPro Ambas actividades","price":"600","price_type":"flat_fee","image":0,"visibility":true},{"label":"Excursi\u00f3n a la Iglesia de Simala","price":"200","price_type":"quantity_based","image":0,"visibility":true},{"label":"Excursi\u00f3n al Pico Osme\u00f1a","price":"500","price_type":"quantity_based","image":0,"visibility":true}],"id":1718277605}],"_links":{"self":[{"href":"https:\/\/www.oslobwhalesharks.com\/es\/wp-json\/wp\/v2\/product\/154127","targetHints":{"allow":["GET"]}}],"collection":[{"href":"https:\/\/www.oslobwhalesharks.com\/es\/wp-json\/wp\/v2\/product"}],"about":[{"href":"https:\/\/www.oslobwhalesharks.com\/es\/wp-json\/wp\/v2\/types\/product"}],"replies":[{"embeddable":true,"href":"https:\/\/www.oslobwhalesharks.com\/es\/wp-json\/wp\/v2\/comments?post=154127"}],"version-history":[{"count":0,"href":"https:\/\/www.oslobwhalesharks.com\/es\/wp-json\/wp\/v2\/product\/154127\/revisions"}],"wp:featuredmedia":[{"embeddable":true,"href":"https:\/\/www.oslobwhalesharks.com\/es\/wp-json\/wp\/v2\/media\/49573"}],"wp:attachment":[{"href":"https:\/\/www.oslobwhalesharks.com\/es\/wp-json\/wp\/v2\/media?parent=154127"}],"wp:term":[{"taxonomy":"product_brand","embeddable":true,"href":"https:\/\/www.oslobwhalesharks.com\/es\/wp-json\/wp\/v2\/product_brand?post=154127"},{"taxonomy":"product_cat","embeddable":true,"href":"https:\/\/www.oslobwhalesharks.com\/es\/wp-json\/wp\/v2\/product_cat?post=154127"},{"taxonomy":"product_tag","embeddable":true,"href":"https:\/\/www.oslobwhalesharks.com\/es\/wp-json\/wp\/v2\/product_tag?post=154127"}],"curies":[{"name":"wp","href":"https:\/\/api.w.org\/{rel}","templated":true}]}}