{"id":6557,"date":"2018-11-26T12:45:57","date_gmt":"2018-11-26T04:45:57","guid":{"rendered":"https:\/\/ows.islandtrektours.com\/ueber\/"},"modified":"2023-02-02T14:45:34","modified_gmt":"2023-02-02T06:45:34","slug":"ueber","status":"publish","type":"page","link":"https:\/\/www.oslobwhalesharks.com\/de\/ueber\/","title":{"rendered":"\u00fcber"},"content":{"rendered":"\t\t<div data-elementor-type=\"wp-post\" data-elementor-id=\"6557\" class=\"elementor elementor-6557 elementor-15\" data-elementor-post-type=\"page\">\n\t\t\t\t\t\t<section data-particle_enable=\"false\" data-particle-mobile-disabled=\"false\" class=\"elementor-section elementor-top-section elementor-element elementor-element-688ad38 elementor-section-content-middle elementor-section-boxed elementor-section-height-default elementor-section-height-default\" data-id=\"688ad38\" data-element_type=\"section\" data-e-type=\"section\" data-settings=\"{&quot;background_background&quot;:&quot;classic&quot;}\">\n\t\t\t\t\t\t\t<div class=\"elementor-background-overlay\"><\/div>\n\t\t\t\t\t\t\t<div class=\"elementor-container elementor-column-gap-no\">\n\t\t\t\t\t<div class=\"elementor-column elementor-col-100 elementor-top-column elementor-element elementor-element-148e58a\" data-id=\"148e58a\" data-element_type=\"column\" data-e-type=\"column\">\n\t\t\t<div class=\"elementor-widget-wrap elementor-element-populated\">\n\t\t\t\t\t\t<div class=\"elementor-element elementor-element-d915ffa elementor-widget elementor-widget-heading\" data-id=\"d915ffa\" data-element_type=\"widget\" data-e-type=\"widget\" data-widget_type=\"heading.default\">\n\t\t\t\t<div class=\"elementor-widget-container\">\n\t\t\t\t\t<h1 class=\"elementor-heading-title elementor-size-default\">\u00fcber<\/h1>\t\t\t\t<\/div>\n\t\t\t\t<\/div>\n\t\t\t\t\t<\/div>\n\t\t<\/div>\n\t\t\t\t\t<\/div>\n\t\t<\/section>\n\t\t\t\t<section data-particle_enable=\"false\" data-particle-mobile-disabled=\"false\" class=\"elementor-section elementor-top-section elementor-element elementor-element-303906c elementor-section-content-top elementor-section-boxed elementor-section-height-default elementor-section-height-default\" data-id=\"303906c\" data-element_type=\"section\" data-e-type=\"section\">\n\t\t\t\t\t\t<div class=\"elementor-container elementor-column-gap-no\">\n\t\t\t\t\t<div class=\"elementor-column elementor-col-100 elementor-top-column elementor-element elementor-element-d067b90\" data-id=\"d067b90\" data-element_type=\"column\" data-e-type=\"column\">\n\t\t\t<div class=\"elementor-widget-wrap elementor-element-populated\">\n\t\t\t\t\t\t<div class=\"elementor-element elementor-element-c3c1f36 elementor-widget elementor-widget-heading\" data-id=\"c3c1f36\" data-element_type=\"widget\" data-e-type=\"widget\" data-widget_type=\"heading.default\">\n\t\t\t\t<div class=\"elementor-widget-container\">\n\t\t\t\t\t<h3 class=\"elementor-heading-title elementor-size-default\">Geschichte der Walhaie in Oslob<\/h3>\t\t\t\t<\/div>\n\t\t\t\t<\/div>\n\t\t\t\t<div class=\"elementor-element elementor-element-a2dcc47 elementor-widget elementor-widget-text-editor\" data-id=\"a2dcc47\" data-element_type=\"widget\" data-e-type=\"widget\" data-widget_type=\"text-editor.default\">\n\t\t\t\t<div class=\"elementor-widget-container\">\n\t\t\t\t\t\t\t\t\t<p>Walhaie (Rhincodon typus) oder lokal bekannt als &#8222;tuki&#8220;, der gr\u00f6\u00dfte Fisch der Welt, wurden von der <a href=\"https:\/\/www.worldwildlife.org\/species\/whale-shark\" target=\"_blank\" rel=\"noopener\">World Wildlife Organisation<\/a>als gef\u00e4hrdete Arten eingestuft. Diese Walhaie zeigen sich seit den 1980er Jahren in den Gew\u00e4ssern vor Oslob. Zuvor hatte der Fischer in Oslob den Walhai als &#8222;Sch\u00e4dling&#8220; betrachtet, um ihre Netze zu zerst\u00f6ren und andere Fische zu vertreiben.<\/p>\n<p>Letzten Oktober 2011 begann Jerson Soriano in einem kleinen Dorf von Tan-awan Oslob, einen Walhai mit Krill oder Babygarnelen zu f\u00fcttern, nachdem er beim Angeln st\u00e4ndig seine Schnarbe auf seine Banca gesto\u00dfen hatte. In den n\u00e4chsten Tagen, mehr Walhaie L\u00e4nge variiert von 2 bis 6 Meter kamen an die K\u00fcsten von Tan-awan nach der F\u00fctterung. Der gr\u00f6\u00dfte Walhai, der gezeigt wurde, wurde als Big Mama genannt, der gro\u00df war, wie 9 Meter lang Bus. Bald fragte das Tauchresort in der Gegend die Fischer, ob sie sie zum Walbeobachtungsplatz f\u00fchren k\u00f6nnten. Zun\u00e4chst berechneten die Fischer P150 bis P200 f\u00fcr ihre Dienste, aber einige Reisegruppen \u00fcbergaben sie sp\u00e4ter f\u00fcr einen gr\u00f6\u00dferen Betrag, bis <a href=\"https:\/\/www.facebook.com\/Tan-awan-Oslob-Sea-Wardens-and-Fishermans-Association-TOSWFA-426392914465975\/\" target=\"_blank\" rel=\"nofollow noopener\">TOWSFA<\/a> (Fischerorganisation) organisiert wurde.<\/p>\n\t\t\t\t\t\t\t\t<\/div>\n\t\t\t\t<\/div>\n\t\t\t\t\t<\/div>\n\t\t<\/div>\n\t\t\t\t\t<\/div>\n\t\t<\/section>\n\t\t\t\t<section data-particle_enable=\"false\" data-particle-mobile-disabled=\"false\" class=\"elementor-section elementor-top-section elementor-element elementor-element-eddadbc elementor-section-content-top elementor-section-boxed elementor-section-height-default elementor-section-height-default\" data-id=\"eddadbc\" data-element_type=\"section\" data-e-type=\"section\">\n\t\t\t\t\t\t<div class=\"elementor-container elementor-column-gap-no\">\n\t\t\t\t\t<div class=\"elementor-column elementor-col-100 elementor-top-column elementor-element elementor-element-42a9e63\" data-id=\"42a9e63\" data-element_type=\"column\" data-e-type=\"column\">\n\t\t\t<div class=\"elementor-widget-wrap elementor-element-populated\">\n\t\t\t\t\t\t<div class=\"elementor-element elementor-element-ba93a6e elementor-widget elementor-widget-spacer\" data-id=\"ba93a6e\" data-element_type=\"widget\" data-e-type=\"widget\" data-widget_type=\"spacer.default\">\n\t\t\t\t<div class=\"elementor-widget-container\">\n\t\t\t\t\t\t\t<div class=\"elementor-spacer\">\n\t\t\t<div class=\"elementor-spacer-inner\"><\/div>\n\t\t<\/div>\n\t\t\t\t\t\t<\/div>\n\t\t\t\t<\/div>\n\t\t\t\t<div class=\"elementor-element elementor-element-f34a8a1 elementor-widget elementor-widget-html\" data-id=\"f34a8a1\" data-element_type=\"widget\" data-e-type=\"widget\" data-widget_type=\"html.default\">\n\t\t\t\t<div class=\"elementor-widget-container\">\n\t\t\t\t\t<iframe src=\"https:\/\/maps.google.com\/maps\/ms?msa=0&amp;msid=210377165981213696140.0004e72c4f464e9155f44&amp;ie=UTF8&amp;t=m&amp;ll=9.461973,123.378997&amp;spn=0.009525,0.012875&amp;z=16&amp;iwloc=0004e72c4f481fa7c39f8&amp;output=embed\" width=\"400\" height=\"350\" frameborder=\"0\" marginwidth=\"0\" marginheight=\"0\" scrolling=\"no\"><\/iframe>\n\t\t\t\t<\/div>\n\t\t\t\t<\/div>\n\t\t\t\t\t<\/div>\n\t\t<\/div>\n\t\t\t\t\t<\/div>\n\t\t<\/section>\n\t\t\t\t<\/div>\n\t\t","protected":false},"excerpt":{"rendered":"<p>\u00fcber Geschichte der Walhaie in Oslob Walhaie (Rhincodon typus) oder lokal bekannt als &#8222;tuki&#8220;, der gr\u00f6\u00dfte Fisch der Welt, wurden von der World Wildlife Organisationals gef\u00e4hrdete Arten eingestuft. Diese Walhaie zeigen sich seit den 1980er Jahren in den Gew\u00e4ssern vor Oslob. Zuvor hatte der Fischer in Oslob den Walhai als &#8222;Sch\u00e4dling&#8220; betrachtet, um ihre Netze [&hellip;]<\/p>\n","protected":false},"author":1,"featured_media":0,"parent":0,"menu_order":0,"comment_status":"closed","ping_status":"closed","template":"","meta":{"site-sidebar-layout":"no-sidebar","site-content-layout":"page-builder","ast-site-content-layout":"full-width-container","site-content-style":"unboxed","site-sidebar-style":"unboxed","ast-global-header-display":"","ast-banner-title-visibility":"","ast-main-header-display":"","ast-hfb-above-header-display":"","ast-hfb-below-header-display":"","ast-hfb-mobile-header-display":"","site-post-title":"disabled","ast-breadcrumbs-content":"","ast-featured-img":"disabled","footer-sml-layout":"","ast-disable-related-posts":"","theme-transparent-header-meta":"default","adv-header-id-meta":"","stick-header-meta":"default","header-above-stick-meta":"","header-main-stick-meta":"","header-below-stick-meta":"","astra-migrate-meta-layouts":"default","ast-page-background-enabled":"default","ast-page-background-meta":{"desktop":{"background-color":"","background-image":"","background-repeat":"repeat","background-position":"center center","background-size":"auto","background-attachment":"scroll","background-type":"","background-media":"","overlay-type":"","overlay-color":"","overlay-opacity":"","overlay-gradient":""},"tablet":{"background-color":"","background-image":"","background-repeat":"repeat","background-position":"center center","background-size":"auto","background-attachment":"scroll","background-type":"","background-media":"","overlay-type":"","overlay-color":"","overlay-opacity":"","overlay-gradient":""},"mobile":{"background-color":"","background-image":"","background-repeat":"repeat","background-position":"center center","background-size":"auto","background-attachment":"scroll","background-type":"","background-media":"","overlay-type":"","overlay-color":"","overlay-opacity":"","overlay-gradient":""}},"ast-content-background-meta":{"desktop":{"background-color":"var(--ast-global-color-5)","background-image":"","background-repeat":"repeat","background-position":"center center","background-size":"auto","background-attachment":"scroll","background-type":"","background-media":"","overlay-type":"","overlay-color":"","overlay-opacity":"","overlay-gradient":""},"tablet":{"background-color":"var(--ast-global-color-5)","background-image":"","background-repeat":"repeat","background-position":"center center","background-size":"auto","background-attachment":"scroll","background-type":"","background-media":"","overlay-type":"","overlay-color":"","overlay-opacity":"","overlay-gradient":""},"mobile":{"background-color":"var(--ast-global-color-5)","background-image":"","background-repeat":"repeat","background-position":"center center","background-size":"auto","background-attachment":"scroll","background-type":"","background-media":"","overlay-type":"","overlay-color":"","overlay-opacity":"","overlay-gradient":""}},"footnotes":""},"class_list":["post-6557","page","type-page","status-publish","hentry"],"_links":{"self":[{"href":"https:\/\/www.oslobwhalesharks.com\/de\/wp-json\/wp\/v2\/pages\/6557","targetHints":{"allow":["GET"]}}],"collection":[{"href":"https:\/\/www.oslobwhalesharks.com\/de\/wp-json\/wp\/v2\/pages"}],"about":[{"href":"https:\/\/www.oslobwhalesharks.com\/de\/wp-json\/wp\/v2\/types\/page"}],"author":[{"embeddable":true,"href":"https:\/\/www.oslobwhalesharks.com\/de\/wp-json\/wp\/v2\/users\/1"}],"replies":[{"embeddable":true,"href":"https:\/\/www.oslobwhalesharks.com\/de\/wp-json\/wp\/v2\/comments?post=6557"}],"version-history":[{"count":0,"href":"https:\/\/www.oslobwhalesharks.com\/de\/wp-json\/wp\/v2\/pages\/6557\/revisions"}],"wp:attachment":[{"href":"https:\/\/www.oslobwhalesharks.com\/de\/wp-json\/wp\/v2\/media?parent=6557"}],"curies":[{"name":"wp","href":"https:\/\/api.w.org\/{rel}","templated":true}]}}