{"id":50219,"date":"2022-11-28T12:11:51","date_gmt":"2022-11-28T04:11:51","guid":{"rendered":"https:\/\/www.oslobwhalesharks.com\/ich-danke-ihnen\/"},"modified":"2023-02-02T13:33:03","modified_gmt":"2023-02-02T05:33:03","slug":"ich-danke-ihnen","status":"publish","type":"page","link":"https:\/\/www.oslobwhalesharks.com\/de\/ich-danke-ihnen\/","title":{"rendered":"Ich danke Ihnen!"},"content":{"rendered":"\t\t<div data-elementor-type=\"wp-page\" data-elementor-id=\"50219\" class=\"elementor elementor-50219 elementor-14943\" data-elementor-post-type=\"page\">\n\t\t\t\t\t\t<section data-particle_enable=\"false\" data-particle-mobile-disabled=\"false\" class=\"elementor-section elementor-top-section elementor-element elementor-element-5ffb5441 elementor-section-height-min-height elementor-section-boxed elementor-section-height-default elementor-section-items-middle\" data-id=\"5ffb5441\" data-element_type=\"section\" data-e-type=\"section\" data-settings=\"{&quot;background_background&quot;:&quot;classic&quot;}\">\n\t\t\t\t\t\t<div class=\"elementor-container elementor-column-gap-default\">\n\t\t\t\t\t<div class=\"elementor-column elementor-col-100 elementor-top-column elementor-element elementor-element-1df97ff6\" data-id=\"1df97ff6\" data-element_type=\"column\" data-e-type=\"column\" data-settings=\"{&quot;background_background&quot;:&quot;classic&quot;}\">\n\t\t\t<div class=\"elementor-widget-wrap elementor-element-populated\">\n\t\t\t\t\t\t<div class=\"elementor-element elementor-element-65c3b71a elementor-widget elementor-widget-heading\" data-id=\"65c3b71a\" data-element_type=\"widget\" data-e-type=\"widget\" data-widget_type=\"heading.default\">\n\t\t\t\t<div class=\"elementor-widget-container\">\n\t\t\t\t\t<h2 class=\"elementor-heading-title elementor-size-default\">Ich danke Ihnen!<\/h2>\t\t\t\t<\/div>\n\t\t\t\t<\/div>\n\t\t\t\t<div class=\"elementor-element elementor-element-c45a2c6 elementor-widget elementor-widget-text-editor\" data-id=\"c45a2c6\" data-element_type=\"widget\" data-e-type=\"widget\" data-widget_type=\"text-editor.default\">\n\t\t\t\t<div class=\"elementor-widget-container\">\n\t\t\t\t\t\t\t\t\t<p>Ihre Reservierung oder Anfrage wurde erfolgreich \u00fcbermittelt. Jemand wird sich in K\u00fcrze bei Ihnen melden. Wenn Sie innerhalb von 24 Stunden nach der Einreichung keine Best\u00e4tigung von uns erhalten haben, senden Sie uns bitte eine E-Mail an info@islandtrektours.com, damit wir Ihnen weiterhelfen k\u00f6nnen.<\/p>\n<p>Reservierungen, die am Sonntag eingehen, werden am Montag w\u00e4hrend der B\u00fcrozeiten bearbeitet. Wenn Ihre Reservierung jedoch f\u00fcr Montag ist, senden Sie uns bitte eine SMS oder rufen Sie uns unter 0926-698-7105 an, damit wir Ihnen umgehend antworten k\u00f6nnen.<\/p>\n<p>Gute Reise! &#8230;und nochmals vielen Dank f\u00fcr Ihr Interesse an Island Trek Tours.<\/p>\t\t\t\t\t\t\t\t<\/div>\n\t\t\t\t<\/div>\n\t\t\t\t\t<\/div>\n\t\t<\/div>\n\t\t\t\t\t<\/div>\n\t\t<\/section>\n\t\t\t\t<\/div>\n\t\t","protected":false},"excerpt":{"rendered":"<p>Ich danke Ihnen! Ihre Reservierung oder Anfrage wurde erfolgreich \u00fcbermittelt. Jemand wird sich in K\u00fcrze bei Ihnen melden. Wenn Sie innerhalb von 24 Stunden nach der Einreichung keine Best\u00e4tigung von uns erhalten haben, senden Sie uns bitte eine E-Mail an info@islandtrektours.com, damit wir Ihnen weiterhelfen k\u00f6nnen. Reservierungen, die am Sonntag eingehen, werden am Montag w\u00e4hrend [&hellip;]<\/p>\n","protected":false},"author":2,"featured_media":0,"parent":0,"menu_order":0,"comment_status":"closed","ping_status":"closed","template":"","meta":{"site-sidebar-layout":"no-sidebar","site-content-layout":"page-builder","ast-site-content-layout":"default","site-content-style":"default","site-sidebar-style":"default","ast-global-header-display":"","ast-banner-title-visibility":"","ast-main-header-display":"","ast-hfb-above-header-display":"","ast-hfb-below-header-display":"","ast-hfb-mobile-header-display":"","site-post-title":"disabled","ast-breadcrumbs-content":"","ast-featured-img":"disabled","footer-sml-layout":"","ast-disable-related-posts":"","theme-transparent-header-meta":"","adv-header-id-meta":"","stick-header-meta":"","header-above-stick-meta":"","header-main-stick-meta":"","header-below-stick-meta":"","astra-migrate-meta-layouts":"default","ast-page-background-enabled":"default","ast-page-background-meta":{"desktop":{"background-color":"","background-image":"","background-repeat":"repeat","background-position":"center center","background-size":"auto","background-attachment":"scroll","background-type":"","background-media":"","overlay-type":"","overlay-color":"","overlay-opacity":"","overlay-gradient":""},"tablet":{"background-color":"","background-image":"","background-repeat":"repeat","background-position":"center center","background-size":"auto","background-attachment":"scroll","background-type":"","background-media":"","overlay-type":"","overlay-color":"","overlay-opacity":"","overlay-gradient":""},"mobile":{"background-color":"","background-image":"","background-repeat":"repeat","background-position":"center center","background-size":"auto","background-attachment":"scroll","background-type":"","background-media":"","overlay-type":"","overlay-color":"","overlay-opacity":"","overlay-gradient":""}},"ast-content-background-meta":{"desktop":{"background-color":"var(--ast-global-color-5)","background-image":"","background-repeat":"repeat","background-position":"center center","background-size":"auto","background-attachment":"scroll","background-type":"","background-media":"","overlay-type":"","overlay-color":"","overlay-opacity":"","overlay-gradient":""},"tablet":{"background-color":"var(--ast-global-color-5)","background-image":"","background-repeat":"repeat","background-position":"center center","background-size":"auto","background-attachment":"scroll","background-type":"","background-media":"","overlay-type":"","overlay-color":"","overlay-opacity":"","overlay-gradient":""},"mobile":{"background-color":"var(--ast-global-color-5)","background-image":"","background-repeat":"repeat","background-position":"center center","background-size":"auto","background-attachment":"scroll","background-type":"","background-media":"","overlay-type":"","overlay-color":"","overlay-opacity":"","overlay-gradient":""}},"footnotes":""},"class_list":["post-50219","page","type-page","status-publish","hentry"],"_links":{"self":[{"href":"https:\/\/www.oslobwhalesharks.com\/de\/wp-json\/wp\/v2\/pages\/50219","targetHints":{"allow":["GET"]}}],"collection":[{"href":"https:\/\/www.oslobwhalesharks.com\/de\/wp-json\/wp\/v2\/pages"}],"about":[{"href":"https:\/\/www.oslobwhalesharks.com\/de\/wp-json\/wp\/v2\/types\/page"}],"author":[{"embeddable":true,"href":"https:\/\/www.oslobwhalesharks.com\/de\/wp-json\/wp\/v2\/users\/2"}],"replies":[{"embeddable":true,"href":"https:\/\/www.oslobwhalesharks.com\/de\/wp-json\/wp\/v2\/comments?post=50219"}],"version-history":[{"count":0,"href":"https:\/\/www.oslobwhalesharks.com\/de\/wp-json\/wp\/v2\/pages\/50219\/revisions"}],"wp:attachment":[{"href":"https:\/\/www.oslobwhalesharks.com\/de\/wp-json\/wp\/v2\/media?parent=50219"}],"curies":[{"name":"wp","href":"https:\/\/api.w.org\/{rel}","templated":true}]}}