{"id":12327,"date":"2020-05-28T12:14:39","date_gmt":"2020-05-28T04:14:39","guid":{"rendered":"https:\/\/ows.islandtrektours.com\/allgemeine-geschaeftsbedingungen\/"},"modified":"2023-02-02T13:23:19","modified_gmt":"2023-02-02T05:23:19","slug":"allgemeine-geschaeftsbedingungen","status":"publish","type":"page","link":"https:\/\/www.oslobwhalesharks.com\/de\/allgemeine-geschaeftsbedingungen\/","title":{"rendered":"Allgemeine Gesch\u00e4ftsbedingungen"},"content":{"rendered":"\t\t<div data-elementor-type=\"wp-post\" data-elementor-id=\"12327\" class=\"elementor elementor-12327 elementor-6234\" data-elementor-post-type=\"page\">\n\t\t\t\t\t\t<section data-particle_enable=\"false\" data-particle-mobile-disabled=\"false\" class=\"elementor-section elementor-top-section elementor-element elementor-element-688ad38 elementor-section-content-middle elementor-section-height-min-height elementor-section-boxed elementor-section-height-default elementor-section-items-middle\" data-id=\"688ad38\" data-element_type=\"section\" data-e-type=\"section\" data-settings=\"{&quot;background_background&quot;:&quot;classic&quot;}\">\n\t\t\t\t\t\t\t<div class=\"elementor-background-overlay\"><\/div>\n\t\t\t\t\t\t\t<div class=\"elementor-container elementor-column-gap-no\">\n\t\t\t\t\t<div class=\"elementor-column elementor-col-100 elementor-top-column elementor-element elementor-element-148e58a\" data-id=\"148e58a\" data-element_type=\"column\" data-e-type=\"column\">\n\t\t\t<div class=\"elementor-widget-wrap elementor-element-populated\">\n\t\t\t\t\t\t<div class=\"elementor-element elementor-element-d915ffa elementor-widget elementor-widget-heading\" data-id=\"d915ffa\" data-element_type=\"widget\" data-e-type=\"widget\" data-widget_type=\"heading.default\">\n\t\t\t\t<div class=\"elementor-widget-container\">\n\t\t\t\t\t<h1 class=\"elementor-heading-title elementor-size-default\">Allgemeine Gesch\u00e4ftsbedingungen<\/h1>\t\t\t\t<\/div>\n\t\t\t\t<\/div>\n\t\t\t\t\t<\/div>\n\t\t<\/div>\n\t\t\t\t\t<\/div>\n\t\t<\/section>\n\t\t\t\t<section data-particle_enable=\"false\" data-particle-mobile-disabled=\"false\" class=\"elementor-section elementor-top-section elementor-element elementor-element-303906c elementor-section-content-top elementor-section-boxed elementor-section-height-default elementor-section-height-default\" data-id=\"303906c\" data-element_type=\"section\" data-e-type=\"section\" data-settings=\"{&quot;background_background&quot;:&quot;classic&quot;}\">\n\t\t\t\t\t\t<div class=\"elementor-container elementor-column-gap-no\">\n\t\t\t\t\t<div class=\"elementor-column elementor-col-100 elementor-top-column elementor-element elementor-element-d067b90\" data-id=\"d067b90\" data-element_type=\"column\" data-e-type=\"column\" data-settings=\"{&quot;background_background&quot;:&quot;classic&quot;}\">\n\t\t\t<div class=\"elementor-widget-wrap elementor-element-populated\">\n\t\t\t\t\t\t<div class=\"elementor-element elementor-element-582a61d elementor-widget elementor-widget-text-editor\" data-id=\"582a61d\" data-element_type=\"widget\" data-e-type=\"widget\" data-widget_type=\"text-editor.default\">\n\t\t\t\t<div class=\"elementor-widget-container\">\n\t\t\t\t\t\t\t\t\t<p>Bitte lesen und verstehen Sie die folgenden Gesch\u00e4ftsbedingungen:<\/p>\n<p>Die folgenden Bedingungen gelten f\u00fcr alle Reisen, die von Island Trek Tours, Betreiber und Eigent\u00fcmer der Website mit der URL: <a href=\"https:\/\/oslobwhalesharks.com\">oslobwhalesharks.com<\/a> (im Folgenden &#8222;Island Trek&#8220; genannt) organisiert werden Zu diesem Zweck umfasst der Begriff &#8222;Reise&#8220; jede Kombination von internationalen oder inl\u00e4ndischen Fl\u00fcgen von Ihrem Ausgangspunkt zu Ihrem endg\u00fcltigen Zielort und schlie\u00dft alle Hotels, Resorts, Unterk\u00fcnfte, Ausfl\u00fcge, Touren, Transfers, Vermietungen usw. ein, die in Ihrem Namen von Island Trek organisiert wurden.<\/p>\n<p>Wenn Ihre Buchung Fl\u00fcge oder Unterk\u00fcnfte oder andere Dienstleistungen beinhaltet, die von jemand anderem als Island Trek Tours oder seinen ernannten Agenten angeboten werden, unabh\u00e4ngig davon, ob Island Trek Tours als Agent gehandelt hat oder nicht, dann unterliegt Ihr Vertrag den Bedingungen, die in den anwendbaren Richtlinien des philippinischen Reise- und Reiseveranstalters dargelegt sind, oder im Falle einer Fluggesellschaft, den anwendbaren Buchungsbedingungen der Fluggesellschaft. Diese Bedingungen haben keinen Einfluss auf Ihre gesetzlichen Rechte.<\/p>\n<p>Alle Vereinbarungen, die Sie w\u00e4hrend Ihres Urlaubs treffen und die nicht \u00fcber Island Trek Tours getroffen werden, sind Vereinbarungen, f\u00fcr die wir keine Verantwortung oder Haftung haben.<\/p>\n<p><b>Eine Buchung vornehmen<\/b><\/p>\n<p>Wenn Sie eine Buchung bei uns vornehmen, verpflichten Sie sich, dass Sie die Befugnis haben, diese Buchungsbedingungen f\u00fcr sich und Ihre Partei zu akzeptieren und zu akzeptieren. Ein Vertrag besteht, wenn wir Geld von Ihnen f\u00fcr die Buchung oder f\u00fcr die Ausstellung unserer Best\u00e4tigung oder Reiseroute annehmen, je nachdem, welches der fr\u00fchere Zeitpunkt ist. Diese Bedingungen sind in Verbindung mit den Informationen, die in unseren ver\u00f6ffentlichten Informationen aus der gesamten Vereinbarung zwischen Ihnen und Island Trek Tours. Wenn Sie eine Buchung bei Island Trek Tours vornehmen und wir diese akzeptieren, werden die Gesamtkosten des Pakets sofort f\u00e4llig und zahlbar, es sei denn, wir haben schriftlich vereinbart, dass Sie eine erste Anzahlung leisten sollten. In jedem Fall muss der volle Betrag Ihres Philippinen-Pakets Island Trek Tours gutgeschrieben werden, mindestens 3 Tage vor Ihrer geplanten Abreise. (Einige Dienstleistungen erfordern die vollst\u00e4ndige Zahlung, um die Buchung zu best\u00e4tigen, in der Regel Promos f\u00fcr &#8222;buchen &amp; kaufen&#8220;).<\/p>\n<p><b>Unsere Preise<\/b><\/p>\n<p>Alle Preise werden zum Zeitpunkt der Buchung festgelegt und unterliegen im Allgemeinen keinen Zuschl\u00e4gen. Die einzige Ausnahme ist ein Anstieg unserer Kosten, der sich aus staatlichen Ma\u00dfnahmen ergibt, einschlie\u00dflich, aber nicht beschr\u00e4nkt auf, neue oder erh\u00f6hte Steuern wie die Mehrwertsteuer (VAT). Wir behalten uns das Recht vor, unsere Preise auf der Website jederzeit zu \u00e4ndern, bevor Sie eine bezahlte Buchung vornehmen, einschlie\u00dflich etwaiger Sondertarife, die wir von Zeit zu Zeit anbieten und die m\u00f6glicherweise nicht mit den auf dieser Website ver\u00f6ffentlichten Preisen \u00fcbereinstimmen.<\/p>\n<p>Wir behalten uns das Recht vor, unsere Preise jederzeit vor Ihrer Buchung zu \u00e4ndern, einschlie\u00dflich aller Sonderpreise, die wir von Zeit zu Zeit anbieten k\u00f6nnen, die m\u00f6glicherweise nicht mit den auf dieser Website ver\u00f6ffentlichten Preisen identisch sind. Bitte beachten Sie, dass ALLE RATES auf der Grundlage der tats\u00e4chlichen Reisezeit und NICHT des Buchungsdatums festgelegt werden. In einigen F\u00e4llen k\u00f6nnen gebuchte Preise nach dem Buchungsdatum und vor dem tats\u00e4chlichen Reisedatum verfallen oder ung\u00fcltig werden. In diesem Fall werden wir den neuen Tarif best\u00e4tigen und berechnen, der zum Zeitpunkt der Reise in Kraft ist. (siehe VALID FROM DATES unter zimmerpreise, um die G\u00fcltigkeit zu best\u00e4tigen)<\/p>\n<p><b>Akzeptierte Zahlungen<\/b><\/p>\n<p>Island Trek Tours akzeptiert Zahlungen \u00fcber:<\/p>\n<ol>\n<li><strong>Bankgesch\u00e4fte am Schalter oder Online-Banking \u00fcber BPI, BDO oder Metrobank<\/strong><\/li>\n<li><strong>GCash oder Maya \u00fcber Paymongo<\/strong><\/li>\n<li><strong>Debit-\/Kreditkarte \u00fcber Paymongo <\/strong>(mit 5% Servicegeb\u00fchr)<\/li>\n<li><strong>Debit-\/Kreditkartenzahlungen \u00fcber XOOM oder Moneygram-Zahlungen<\/strong><\/li>\n<li>Zahlungen per <strong>Debit-\/Kreditkarte \u00fcber PayPal.&nbsp;<\/strong>Es ist kein Paypal-Konto erforderlich, w\u00e4hlen Sie einfach &#8222;Zahlung per Kredit-\/Debitkarte&#8220;. Bei dieser Methode wird eine zus\u00e4tzliche Geb\u00fchr von 5 % des f\u00e4lligen Gesamtbetrags erhoben. Bitte f\u00fcgen Sie diese zus\u00e4tzliche Geb\u00fchr hinzu, wenn Sie mit dem PayPal-System bezahlen.<\/li>\n<li><strong>Western Union, TransferWise und andere internationale \u00dcberweisungen<\/strong><\/li>\n<li><strong>\u00dcberpr\u00fcfen Sie Zahlungen<\/strong>. F\u00fcr Reisende vor Ort k\u00f6nnen Schecks als Zahlungsmittel akzeptiert werden. Zahlungen per Scheck gelten erst dann als &#8222;bezahlt&#8220;, wenn sie von unserer Bank vollst\u00e4ndig verrechnet und zur Zahlung freigegeben wurden.<\/li>\n<\/ol>\n<p><b>Zahlungseingang<\/b><\/p>\n<p>Nach Zahlungseingang erhalten Sie Folgendes:<\/p>\n<ul>\n<li>E-Mail-Best\u00e4tigung<\/li><li>Reisegutschein \/ Reiseroute<\/li>\n<li>Airline E-Tickets (falls erforderlich)<\/li>\n<\/ul>\n<p><b>\u00c4nderungen von Ihnen<\/b><\/p>\n<p>Wenn Sie Ihre Buchung in irgendeiner Weise \u00e4ndern m\u00f6chten, nachdem wir Ihre Zahlung erhalten haben, und wenn wir die \u00c4nderung akzeptieren k\u00f6nnen, behalten wir uns das Recht vor, 500 Php pro Person und \u00c4nderung zu berechnen, vorausgesetzt, dass Ihre Anweisungen schriftlich vorliegen und mindestens drei\u00dfig (30) Tage vor Ihrer geplanten Abreise bei uns eingehen und von uns best\u00e4tigt werden. Danach gelten, sofern nicht gesetzlich vorgesehen, die Stornogeb\u00fchren gem\u00e4\u00df Bedingung 7.<\/p>\n<p><b>Wenn Sie Ihre Buchung stornieren<\/b><\/p>\n<p>Sie oder ein Mitglied Ihrer Partei k\u00f6nnen Ihre Reise jederzeit ganz oder teilweise stornieren, um zu beweisen, dass die Stornierung schriftlich an uns durch die Person erfolgt, die die urspr\u00fcngliche Buchung vorgenommen hat. Sie erhalten eine R\u00fcckerstattung des gezahlten Betrags (ohne Transaktionsgeb\u00fchren des Zahlungsgateways) abz\u00fcglich der unten angegebenen Stornierungsgeb\u00fchren.<\/p>\n<ol>\n<li><strong><span class=\"strong\">Event, Attraktion, Theater, Show oder Coupon Ticket<\/span><\/strong><br>Diese sind unter allen Umst\u00e4nden nicht erstattungsf\u00e4hig.<\/li>\n<li><strong><span class=\"strong\">Geschenkgutschein<\/span><\/strong><br>Diese sind unter allen Umst\u00e4nden nicht erstattungsf\u00e4hig.<\/li>\n<li><strong><span class=\"strong\">Hotel<\/span><\/strong><br>Die Stornierungsgeb\u00fchr pro Buchung richtet sich nach jedem einzelnen Hotel; Jedes Hotel bietet unterschiedliche Richtlinien f\u00fcr Stornierungen. Bitte fragen Sie Ihren Agenten vor der Buchung nach einer Kopie der Stornierungsbedingungen f\u00fcr Ihr Hotel, Ihre Fluggesellschaft oder Ihr Paket.<\/li>\n<li><strong><span class=\"strong\">Andere Tour Produkte &amp; Dienstleistungen<\/span><\/strong><br>Wenn Sie k\u00fcndigen&nbsp;<strong>mindestens 7 Kalendertage<\/strong>&nbsp;im Voraus, es fallen keine Stornogeb\u00fchren an.<br>Wenn Sie k\u00fcndigen&nbsp;<strong>zwischen 3 und 6 Kalendertagen<\/strong>&nbsp;im Voraus, wird eine Stornogeb\u00fchr von 50% erhoben.<br>Wenn Sie k\u00fcndigen&nbsp;<strong>innerhalb von 2 Kalendertagen<\/strong>&nbsp;im Voraus, wird eine 100%ige Stornogeb\u00fchr berechnet.<\/li>\n<\/ol>\n<p>Sobald eine Tour oder Dienstleistung begonnen hat, oder in Bezug auf Einser,-Unterk\u00fcnfte, Mahlzeiten oder andere in Anspruch genommene Dienstleistungen sind keine R\u00fcckerstattungen verf\u00fcgbar.<\/p>\n<p><strong>Besonderer Hinweis:<\/strong><\/p>\n<p>Wenn Ihr philippinisches Reisepaket internationale oder inl\u00e4ndische Flug-\/F\u00e4hrentickets enth\u00e4lt und Island Trek&nbsp;als Agent f\u00fcr die Fluggesellschaft oder den Flugkonsolidierer auftritt, gelten die Stornierungs- oder \u00c4nderungsgeb\u00fchren der Fluggesellschaft oder des Flugkonsolidierers sowie alle anfallenden Geb\u00fchren.<\/p>\n<p><b>Wenn wir Ihre Buchung \u00e4ndern<\/b><\/p>\n<p>Es ist unwahrscheinlich, dass wir Ihre Buchung \u00e4ndern m\u00fcssen. Gelegentlich k\u00f6nnen jedoch \u00c4nderungen notwendig werden, die wir uns jederzeit vorbehalten. Die meisten dieser \u00c4nderungen sind geringf\u00fcgig und wir werden Sie zum fr\u00fchestm\u00f6glichen Zeitpunkt beraten. Flugzeiten und Fluggesellschaften, die in Werbematerial angegeben sind, k\u00f6nnen sich \u00e4ndern, und alle Ihnen mitgeteilten Angaben dienen lediglich der Orientierung.<\/p>\n<p>Best\u00e4tigte Daten werden wie auf Ihrer Reiseroute und Flugtickets angezeigt. Sollte eine wesentliche \u00c4nderung notwendig werden, werden wir Sie so schnell wie m\u00f6glich per E-Mail oder SMS informieren. Sie k\u00f6nnen entscheiden, ob Sie die \u00c4nderung akzeptieren oder nicht, aber Sie m\u00fcssen die vorgeschlagene \u00c4nderung schriftlich per E-Mail innerhalb von 72 Stunden nach der Benachrichtigung akzeptieren oder ablehnen, andernfalls gehen wir davon aus, dass Sie die vorgeschlagene \u00c4nderung akzeptiert haben.<\/p>\n<p>Eine wesentliche \u00c4nderung ist eine \u00c4nderung Ihrer Reisevorkehrungen vor der Abreise, die einen Wechsel des Abflug- oder Ankunftsflughafens (au\u00dfer zwischen Flugh\u00e4fen innerhalb desselben st\u00e4dtischen Flughafensystems), eine Verschiebung des Hin- und R\u00fcckflugs um mehr als 12 Stunden oder einen Austausch des urspr\u00fcnglich gebuchten Hotels oder der urspr\u00fcnglich gebuchten Unterkunft durch ein Hotel einer niedrigeren Kategorie beinhaltet. Wenn wir die Fluggesellschaft, den Flugzeugtyp, der Ihren Flug oder Ihre Flugroute durchf\u00fchrt, \u00e4ndern, wird dies nicht als wesentliche \u00c4nderung betrachtet, und wir sind nicht verpflichtet, Sie im Voraus \u00fcber diese \u00c4nderung zu informieren.<\/p>\n<p><b>WICHTIGER HINWEIS:<\/b>  Wir sind nicht verantwortlich f\u00fcr \u00c4nderungen, die sich aus Ereignissen ergeben, auf die wir keinen Einfluss haben, wie z. B. technische Probleme oder Wartungsprobleme bei der Bef\u00f6rderung, \u00c4nderungen, die sich aus der Umdisponierung oder Streichung von Fl\u00fcgen durch eine Fluggesellschaft oder ein Hauptcharterunternehmen ergeben, Krieg oder Kriegsgefahr, B\u00fcrgerkrieg, Arbeitsk\u00e4mpfe, Naturkatastrophen, schlechtes Wetter oder terroristische Aktivit\u00e4ten.<\/p>\n<p><b>Wenn wir Ihre Buchung stornieren<\/b><\/p>\n<p>Wir behalten uns das Recht vor, Ihre Buchung unter allen Umst\u00e4nden zu stornieren. In keinem Fall werden wir Ihre Buchung jedoch weniger als 30 Tage vor Abflug stornieren, es sei denn, dies geschieht aus Gr\u00fcnden, die au\u00dferhalb unserer Kontrolle liegen, oder wegen Nichteingangs der Zahlung durch Sie. Wenn wir Sie stornieren, werden Sie buchen (au\u00dfer f\u00fcr Versp\u00e4tetes oder Nichtzahlung), wir bieten Ihnen eine vollst\u00e4ndige R\u00fcckerstattung aller f\u00fcr die Buchung gezahlten Gelder an.<\/p>\n<p><b>Unsere Haftung<\/b><\/p>\n<p>Unsere Verpflichtungen und die unserer Lieferanten, die Dienstleistungen oder Einrichtungen erbringen, die an einem Teil Ihrer Reise beteiligt sind, sind angemessene F\u00e4higkeiten und Sorgfalt, um die Bereitstellung solcher Dienstleistungen und Einrichtungen zu arrangieren und, wenn wir oder unser Lieferant die Dienstleistung oder Einrichtung tats\u00e4chlich erbringen, ihnen angemessene F\u00e4higkeiten und Sorgfalt zu bieten. Die Einhaltung aller geltenden regulatorischen Anforderungen (z. B. der der Zivilluftfahrtbeh\u00f6rde) wird unsere und die Verpflichtungen unserer Lieferanten ordnungsgem\u00e4\u00df erf\u00fcllen. Sie m\u00fcssen nachweisen, dass angemessene Geschicklichkeit und Sorgfalt nicht angewendet wurden, wenn Sie einen Anspruch gegen uns geltend machen m\u00f6chten.<\/p>\n<p><b>Dokumentation<\/b><\/p>\n<p>Wenn Reise- und Gesundheitsdokumente erforderlich sind, um die Anforderungen der Philippinen zu erf\u00fcllen, die Sie besuchen m\u00f6chten, dann ist es IHRE RESPONSIBILITY, sie zu beschaffen. Wenn die Nichterlangung solcher Dokumente zu Geldstrafen, Zuschl\u00e4gen oder anderen Geldstrafen gegen uns f\u00fchrt, erkl\u00e4ren Sie sich damit einverstanden, uns dies zu erstatten. Sie m\u00fcssen durch R\u00fccksprache mit Ihrem eigenen Arzt gegebenenfalls die spezifischen Vorsichtsma\u00dfnahmen ermitteln, die f\u00fcr das Land oder das Ziel, das Sie besuchen m\u00f6chten, als umsichtig erachtet werden, und sicherstellen, dass die entsprechenden Medikamente, Impfungen oder andere Vorsichtsma\u00dfnahmen getroffen werden.<\/p>\n<p><b>Bef\u00f6rderungsbedingungen &amp; Unterkunftsbedingungen<\/b><\/p>\n<p>Wir sind weder Einsteller noch Anbieter von Hotelunterk\u00fcnften. Jede (ob unternommene oder nicht) Reise, die Sie auf dem Land-, See- oder Luftweg buchen, unterliegt den Bedingungen des Luftfahrtunternehmens, das sich verpflichtet, diese Bef\u00f6rderung zu gew\u00e4hrleisten. Einige dieser Bedingungen beschr\u00e4nken oder schlie\u00dfen die Haftung aus und sind oft Gegenstand internationaler Abkommen. Kopien der geltenden Vereinbarungen k\u00f6nnen bei den B\u00fcros des betreffenden Luftfahrtunternehmens einsichtbar werden.<\/p>\n<p>Es liegt in Ihrer Verantwortung, den Weiter- oder R\u00fcckflugsektor einer Flugreise mit dem betreffenden Luftfahrtunternehmen oder den ordnungsgem\u00e4\u00df autorisierten Vertretern dieses Luftfahrtunternehmens und gem\u00e4\u00df den Vorschriften dieser Fluggesellschaft erneut zu best\u00e4tigen. Wenn Sie Unterk\u00fcnfte buchen (ob zur Verf\u00fcgung gestellt oder nicht), unterliegt ihre Verf\u00fcgbarkeit oder Bereitstellung den &#8222;Hausregeln&#8220; des Hotels oder anderer Unterk\u00fcnfte, die solche Unterk\u00fcnfte zur Verf\u00fcgung stellen oder sich verpflichten, solche Unterk\u00fcnfte zur Verf\u00fcgung zu stellen.<\/p>\n<p><b>K\u00fcndigung Ihrer Buchung<\/b><\/p>\n<p>Wir behalten uns das Recht vor, Ihre Reise nach unserem allitersten Ermessen ohne Vorank\u00fcndigung zu beenden, falls Ihr Verhalten unserer Meinung nach wahrscheinlich zu einer anderen Person Beunruhigung, Schaden, \u00c4rger oder Gefahr f\u00fchrt. Unter diesen Umst\u00e4nden wird Ihnen keine R\u00fcckerstattung oder Entsch\u00e4digung zustehen.<\/p>\n<p><b>Nicht genutzte Dienste<\/b><br>Ihnen wird keine R\u00fcckerstattung in Bezug auf die Nichtnutzung eines Teils der Reisearrangements zustehen, die von Island Trek Tours f\u00fcr Sie getroffen wurden.<\/p>\n<p><b>Reiseversicherung<\/b><\/p>\n<p>Es ist eine Bedingung der Vereinbarung zwischen uns, dass Sie eine angemessene Urlaubs- und Reiseversicherung gegen Stornogeb\u00fchren, unerwartete Einschr\u00e4nkung Ihres Urlaubs, medizinische Ausgaben im Ausland einschlie\u00dflich R\u00fcckf\u00fchrung, Verlust oder Besch\u00e4digung des Gep\u00e4cks und pers\u00f6nliche Haftungsanspr\u00fcche gegen Sie abschlie\u00dfen.<\/p>\n<p>Sollten Sie vor Ihrer Philippinen-Reise keinen solchen Reiseversicherungsschutz abschlie\u00dfen, \u00fcbernehmen Sie die volle Verantwortung f\u00fcr sich und alle Mitglieder Ihrer Partei und entsch\u00e4digen Island Trek Tours und unsere Auslandsreisevermittler und -vertreter (soweit zutreffend) f\u00fcr alle Kosten, die entstehen k\u00f6nnten, die andernfalls entstanden w\u00e4ren, wenn eine solche Reiseversicherung in Kraft gewesen w\u00e4re.<\/p>\n<p><b>Beschwerden<\/b><\/p>\n<p>Wir tun unser SEHR BESTES, um sicherzustellen, dass Ihre Reisearrangements nach Plan verlaufen. Wenn Sie jedoch eine Beschwerde haben, die sich aus dem ergibt, was wir f\u00fcr Sie vereinbart haben, teilen Sie uns dies bitte so bald wie m\u00f6glich mit. Bei Bedarf rufen Sie bitte unsere Notfall-Hotline unter +63-925-897-8687 an, von wo auch immer Sie sich aufhalten. Wenn w\u00e4hrend Ihrer Reise ein Problem auftritt, kontaktieren Sie uns bitte umgehend, damit wir Ihnen helfen k\u00f6nnen.<\/p>\n<p>Um eine Beschwerde online einzureichen, senden Sie bitte Ihre Beschwerde an info@islandtrektours.com&nbsp;und geben Sie in der Betreffzeile &#8222;Beschwerde&#8220; ein.<\/p>\n<p><b>Bitte beachten Sie:<\/b>&nbsp;Wenn Sie unser Beschwerdeverfahren nicht einhalten, K\u00d6NNEN wir NICHT die Verantwortung f\u00fcr Ihre Beschwerde \u00fcbernehmen, da uns dann die M\u00f6glichkeit genommen w\u00fcrde, die Angelegenheit in Ihrem Namen zu untersuchen und Ihnen, wenn m\u00f6glich, bei der L\u00f6sung des Problems zu helfen.<\/p>\n<p><b>Anwendbares Recht<\/b><\/p>\n<p>Jeder Vertrag oder jede Streitigkeit zwischen uns und diesen Reisebedingungen unterliegt dem philippinischen Recht und wird entsprechend ausgelegt. Beide Parteien erkl\u00e4ren sich damit einverstanden, sich der ausschlie\u00dflichen Gerichtsbarkeit der Gerichte von&nbsp;Cebu&nbsp;City, Philippinen zu unterwerfen.<\/p>\n<p><b>G\u00fcltigkeitsdatum<\/b><\/p>\n<p>Das Datum des Inkrafttretens dieser Richtlinie ist der 1. Juli 2015 und ersetzt alle vorherigen Datenschutzrichtlinien von Island Trek Tours. Wir behalten uns das Recht vor, unsere Politik jederzeit zu \u00e4ndern.<\/p>\t\t\t\t\t\t\t\t<\/div>\n\t\t\t\t<\/div>\n\t\t\t\t\t<\/div>\n\t\t<\/div>\n\t\t\t\t\t<\/div>\n\t\t<\/section>\n\t\t\t\t<\/div>\n\t\t","protected":false},"excerpt":{"rendered":"<p>Allgemeine Gesch\u00e4ftsbedingungen Bitte lesen und verstehen Sie die folgenden Gesch\u00e4ftsbedingungen: Die folgenden Bedingungen gelten f\u00fcr alle Reisen, die von Island Trek Tours, Betreiber und Eigent\u00fcmer der Website mit der URL: www.oslobwhalesharks.com (im Folgenden &#8222;Island Trek&#8220; genannt) organisiert werden Zu diesem Zweck umfasst der Begriff &#8222;Reise&#8220; jede Kombination von internationalen oder inl\u00e4ndischen Fl\u00fcgen von Ihrem Ausgangspunkt [&hellip;]<\/p>\n","protected":false},"author":2,"featured_media":0,"parent":0,"menu_order":0,"comment_status":"closed","ping_status":"closed","template":"","meta":{"site-sidebar-layout":"no-sidebar","site-content-layout":"page-builder","ast-site-content-layout":"full-width-container","site-content-style":"unboxed","site-sidebar-style":"unboxed","ast-global-header-display":"","ast-banner-title-visibility":"","ast-main-header-display":"","ast-hfb-above-header-display":"","ast-hfb-below-header-display":"","ast-hfb-mobile-header-display":"","site-post-title":"disabled","ast-breadcrumbs-content":"","ast-featured-img":"disabled","footer-sml-layout":"","ast-disable-related-posts":"","theme-transparent-header-meta":"default","adv-header-id-meta":"","stick-header-meta":"default","header-above-stick-meta":"","header-main-stick-meta":"","header-below-stick-meta":"","astra-migrate-meta-layouts":"default","ast-page-background-enabled":"default","ast-page-background-meta":{"desktop":{"background-color":"","background-image":"","background-repeat":"repeat","background-position":"center center","background-size":"auto","background-attachment":"scroll","background-type":"","background-media":"","overlay-type":"","overlay-color":"","overlay-opacity":"","overlay-gradient":""},"tablet":{"background-color":"","background-image":"","background-repeat":"repeat","background-position":"center center","background-size":"auto","background-attachment":"scroll","background-type":"","background-media":"","overlay-type":"","overlay-color":"","overlay-opacity":"","overlay-gradient":""},"mobile":{"background-color":"","background-image":"","background-repeat":"repeat","background-position":"center center","background-size":"auto","background-attachment":"scroll","background-type":"","background-media":"","overlay-type":"","overlay-color":"","overlay-opacity":"","overlay-gradient":""}},"ast-content-background-meta":{"desktop":{"background-color":"var(--ast-global-color-5)","background-image":"","background-repeat":"repeat","background-position":"center center","background-size":"auto","background-attachment":"scroll","background-type":"","background-media":"","overlay-type":"","overlay-color":"","overlay-opacity":"","overlay-gradient":""},"tablet":{"background-color":"var(--ast-global-color-5)","background-image":"","background-repeat":"repeat","background-position":"center center","background-size":"auto","background-attachment":"scroll","background-type":"","background-media":"","overlay-type":"","overlay-color":"","overlay-opacity":"","overlay-gradient":""},"mobile":{"background-color":"var(--ast-global-color-5)","background-image":"","background-repeat":"repeat","background-position":"center center","background-size":"auto","background-attachment":"scroll","background-type":"","background-media":"","overlay-type":"","overlay-color":"","overlay-opacity":"","overlay-gradient":""}},"footnotes":""},"class_list":["post-12327","page","type-page","status-publish","hentry"],"_links":{"self":[{"href":"https:\/\/www.oslobwhalesharks.com\/de\/wp-json\/wp\/v2\/pages\/12327","targetHints":{"allow":["GET"]}}],"collection":[{"href":"https:\/\/www.oslobwhalesharks.com\/de\/wp-json\/wp\/v2\/pages"}],"about":[{"href":"https:\/\/www.oslobwhalesharks.com\/de\/wp-json\/wp\/v2\/types\/page"}],"author":[{"embeddable":true,"href":"https:\/\/www.oslobwhalesharks.com\/de\/wp-json\/wp\/v2\/users\/2"}],"replies":[{"embeddable":true,"href":"https:\/\/www.oslobwhalesharks.com\/de\/wp-json\/wp\/v2\/comments?post=12327"}],"version-history":[{"count":0,"href":"https:\/\/www.oslobwhalesharks.com\/de\/wp-json\/wp\/v2\/pages\/12327\/revisions"}],"wp:attachment":[{"href":"https:\/\/www.oslobwhalesharks.com\/de\/wp-json\/wp\/v2\/media?parent=12327"}],"curies":[{"name":"wp","href":"https:\/\/api.w.org\/{rel}","templated":true}]}}